{"id":912000,"date":"2020-10-16T11:36:27","date_gmt":"2020-10-16T09:36:27","guid":{"rendered":"https:\/\/laboklin.de\/de\/felines-immundefizienz-virus-fiv"},"modified":"2024-11-13T14:01:03","modified_gmt":"2024-11-13T13:01:03","slug":"felines-immundefizienzvirus-fiv","status":"publish","type":"page","link":"https:\/\/laboklin.de\/de\/leistungen\/infektionskrankheiten-erreger-und-antikoerpernachweise\/viren\/felines-immundefizienzvirus-fiv\/","title":{"rendered":"Felines Immundefizienzvirus (FIV)"},"content":{"rendered":"<div class=\"wpb-content-wrapper\"><p>[vc_row][vc_column][vc_column_text]<h3>Leistungsspektrum<\/h3><div class=\"vc_tta-panels-container\"><div class=\"vc_tta-panels\"><li class=\"menu-item sub-page\"><a href=\"https:\/\/laboklin.de\/de\/leistungen\/infektionskrankheiten-erreger-und-antikoerpernachweise\/viren\/felines-immundefizienzvirus-fiv\/felines-immundefizienzvirus-fiv-antikoerper\/\">Felines Immundefizienzvirus (FIV) - Antik\u00f6rper<\/a><\/li><li class=\"menu-item sub-page\"><a href=\"https:\/\/laboklin.de\/de\/leistungen\/infektionskrankheiten-erreger-und-antikoerpernachweise\/viren\/felines-immundefizienzvirus-fiv\/felines-immundefizienzvirus-fiv-blot\/\">Felines Immundefizienzvirus (FIV) - Blot <\/a><\/li><li class=\"menu-item sub-page\"><a href=\"https:\/\/laboklin.de\/de\/leistungen\/infektionskrankheiten-erreger-und-antikoerpernachweise\/viren\/felines-immundefizienzvirus-fiv\/felines-immundefizienzvirus-fiv-provirus-pcr-qualitativ\/\">Felines Immundefizienzvirus (FIV-Provirus) - PCR (qualitativ)<\/a><\/li><li class=\"menu-item sub-page\"><a href=\"https:\/\/laboklin.de\/de\/leistungen\/infektionskrankheiten-erreger-und-antikoerpernachweise\/viren\/felines-immundefizienzvirus-fiv\/felines-immundefizienzvirus-fiv-provirus-pcr-quantitativ\/\">Felines Immundefizienzvirus (FIV-Provirus)* - PCR (quantitativ)<\/a><\/li><\/div><\/div>[\/vc_column_text][\/vc_column][\/vc_row][vc_row][vc_column][vc_column_text css=&#8220;.vc_custom_1730376840945{margin-top: 20px !important;}&#8220;]* Partnerlabor<\/p>\n<p>&nbsp;<\/p>\n<h3>Allgemeine Informationen<\/h3>\n<p>Das feline Immunschw\u00e4chevirus (FIV) geh\u00f6rt zur Familie der Retroviridae. Es ist eng verwandt mit dem humanen Immunschw\u00e4chevirus (HIV), doch f\u00fcr den Menschen nicht infekti\u00f6s. Da FIV v.a. durch Bissverletzungen \u00fcbertragen wird, ist die Pr\u00e4valenz der infizierten Tiere in der Gruppe der nicht-kastrierten Kater \u00fcber f\u00fcnf Jahre am h\u00f6chsten. Die FIV-Infektion ist weltweit verbreitet. Die Pr\u00e4valenz in Deutschland liegt bei ca. 3 &#8211; 5,5 %. Das Virus persistiert lebenslang. Es zeigt einen deutlichen Tropismus f\u00fcr T-Lymphozyten und Makrophagen. Analog zu den klinischen Symptomen HIV-infizierter Patienten wird auch die FIV-Infektion in ihrem Verlauf h\u00e4ufig in vier Stadien eingeteilt, wobei das Finalstadium der humanen AIDS-Erkrankung \u00e4hnelt. Die \u00dcberg\u00e4nge sind allerdings flie\u00dfender und die klinisch unauff\u00e4llige Phase h\u00e4ufig l\u00e4nger als beim Menschen. Ein Nachweis sollte u. a. bei chronisch rezidivierenden und therapieresistenten Infektionen vor allem der Maulh\u00f6hle und des Respirationstraktes durchgef\u00fchrt werden.[\/vc_column_text][\/vc_column][\/vc_row]<\/p>\n<\/div>","protected":false},"excerpt":{"rendered":"<p>[vc_row][vc_column][vc_column_text][\/vc_column_text][\/vc_column][\/vc_row][vc_row][vc_column][vc_column_text css=&#8220;.vc_custom_1730376840945{margin-top: 20px !important;}&#8220;]* Partnerlabor &nbsp; Allgemeine Informationen Das feline Immunschw\u00e4chevirus (FIV) geh\u00f6rt zur Familie der Retroviridae. Es ist eng verwandt mit dem humanen Immunschw\u00e4chevirus (HIV), doch f\u00fcr den Menschen nicht infekti\u00f6s. Da FIV v.a. durch Bissverletzungen \u00fcbertragen wird, ist die Pr\u00e4valenz der infizierten Tiere in der Gruppe der nicht-kastrierten Kater \u00fcber f\u00fcnf Jahre am&hellip;<\/p>\n","protected":false},"author":1,"featured_media":0,"parent":910000,"menu_order":190,"comment_status":"closed","ping_status":"closed","template":"","meta":{"_seopress_robots_primary_cat":"","_seopress_titles_title":"","_seopress_titles_desc":"","_seopress_robots_index":"","footnotes":""},"class_list":["post-912000","page","type-page","status-publish","hentry","description-off"],"_links":{"self":[{"href":"https:\/\/laboklin.de\/de\/wp-json\/wp\/v2\/pages\/912000","targetHints":{"allow":["GET"]}}],"collection":[{"href":"https:\/\/laboklin.de\/de\/wp-json\/wp\/v2\/pages"}],"about":[{"href":"https:\/\/laboklin.de\/de\/wp-json\/wp\/v2\/types\/page"}],"author":[{"embeddable":true,"href":"https:\/\/laboklin.de\/de\/wp-json\/wp\/v2\/users\/1"}],"replies":[{"embeddable":true,"href":"https:\/\/laboklin.de\/de\/wp-json\/wp\/v2\/comments?post=912000"}],"version-history":[{"count":6,"href":"https:\/\/laboklin.de\/de\/wp-json\/wp\/v2\/pages\/912000\/revisions"}],"predecessor-version":[{"id":1492195,"href":"https:\/\/laboklin.de\/de\/wp-json\/wp\/v2\/pages\/912000\/revisions\/1492195"}],"up":[{"embeddable":true,"href":"https:\/\/laboklin.de\/de\/wp-json\/wp\/v2\/pages\/910000"}],"wp:attachment":[{"href":"https:\/\/laboklin.de\/de\/wp-json\/wp\/v2\/media?parent=912000"}],"curies":[{"name":"wp","href":"https:\/\/api.w.org\/{rel}","templated":true}]}}