{"id":911900,"date":"2020-10-16T11:36:27","date_gmt":"2020-10-16T09:36:27","guid":{"rendered":"https:\/\/laboklin.de\/de\/felines-leukaemievirus-felv"},"modified":"2024-11-13T13:56:25","modified_gmt":"2024-11-13T12:56:25","slug":"felines-leukaemievirus-felv","status":"publish","type":"page","link":"https:\/\/laboklin.de\/de\/leistungen\/infektionskrankheiten-erreger-und-antikoerpernachweise\/viren\/felines-leukaemievirus-felv\/","title":{"rendered":"Felines Leuk\u00e4mievirus (FeLV)"},"content":{"rendered":"<div class=\"wpb-content-wrapper\"><p>[vc_row][vc_column][vc_column_text]<h3>Leistungsspektrum<\/h3><div class=\"vc_tta-panels-container\"><div class=\"vc_tta-panels\"><li class=\"menu-item sub-page\"><a href=\"https:\/\/laboklin.de\/de\/leistungen\/infektionskrankheiten-erreger-und-antikoerpernachweise\/viren\/felines-leukaemievirus-felv\/felines-leukaemievirus-felv-antigen\/\">Felines Leuk\u00e4mievirus (FeLV) - Antigen<\/a><\/li><li class=\"menu-item sub-page\"><a href=\"https:\/\/laboklin.de\/de\/leistungen\/infektionskrankheiten-erreger-und-antikoerpernachweise\/viren\/felines-leukaemievirus-felv\/felines-leukaemievirus-felv-provirus-pcr\/\">Felines Leuk\u00e4mievirus (FeLV-Provirus) - PCR<\/a><\/li><\/div><\/div>[\/vc_column_text][\/vc_column][\/vc_row][vc_row type=&#8220;vc_default&#8220; css=&#8220;.vc_custom_1612016503778{margin-top: 30px !important;}&#8220;][vc_column][vc_column_text css=&#8220;.vc_custom_1715588881372{margin-top: 20px !important;}&#8220;]<\/p>\n<h3>Allgemeine Informationen<\/h3>\n<p>Das feline Leuk\u00e4mievirus (FeLV) geh\u00f6rt wie das feline Immundefizienzvirus (FIV) zu den Retroviren. Die Pr\u00e4valenz f\u00fcr FeLV ist in Deutschland niedrig, FeLV tritt aber dennoch auf. Empf\u00e4nglich f\u00fcr FeLV sind Katzen, aber auch andere Feliden. Insbesondere Jungtiere und Katzen aus Mehrkatzenhaushalten, aber auch Katzen mit Auslandsanamnese sind betroffen, da FeLV direkt von Katze zu Katze \u00fcbertragen wird.<\/p>\n<p>Haupt\u00fcbertragungsquelle ist der Speichel, aber auch andere Se- und Exkrete k\u00f6nnen infekti\u00f6s sein. In den meisten F\u00e4llen kommt es zu einer oropharyngealen Infektion der Katze. Das Virus dringt in die Schleimh\u00e4ute ein und vermehrt sich dort sowie in den Tonsillen und retropharyngealen Lymphknoten.<\/p>\n<p>W\u00e4hrend einige Katze bei einer sogenannten abortiven Infektion das Virus so bek\u00e4mpfen k\u00f6nnen, dass keine Vir\u00e4mie entsteht, kommt es bei anderen Katzen zu einer mittels Antigentest nachweisbaren Vir\u00e4mie. Kann diese von der Katze beendet werden, spricht man von einer transienten Vir\u00e4mie. Es ist daher immer sinnvoll, eine im Antigentest positive Katze zu einem sp\u00e4teren Zeitpunkt nachzutesten. Einigen Katzen gelingt es jedoch nicht, das Virus ausreichend zu bek\u00e4mpfen, sodass auch das Knochenmark infiziert wird. Die Folge davon ist eine positive Provirus-PCR, unabh\u00e4ngig davon, ob das Virus weiterhin im Blut zirkuliert (progressive Infektion) oder nicht (regressive Infektion). Progressiv infizierte Katzen haben in der Regel die schlechteste Prognose, j\u00fcngere Tiere sind h\u00e4ufiger von progressiven Infektionen betroffen als \u00e4ltere.[\/vc_column_text][\/vc_column][\/vc_row]<\/p>\n<\/div>","protected":false},"excerpt":{"rendered":"<p>[vc_row][vc_column][vc_column_text][\/vc_column_text][\/vc_column][\/vc_row][vc_row type=&#8220;vc_default&#8220; css=&#8220;.vc_custom_1612016503778{margin-top: 30px !important;}&#8220;][vc_column][vc_column_text css=&#8220;.vc_custom_1715588881372{margin-top: 20px !important;}&#8220;] Allgemeine Informationen Das feline Leuk\u00e4mievirus (FeLV) geh\u00f6rt wie das feline Immundefizienzvirus (FIV) zu den Retroviren. Die Pr\u00e4valenz f\u00fcr FeLV ist in Deutschland niedrig, FeLV tritt aber dennoch auf. Empf\u00e4nglich f\u00fcr FeLV sind Katzen, aber auch andere Feliden. Insbesondere Jungtiere und Katzen aus Mehrkatzenhaushalten, aber auch Katzen mit&hellip;<\/p>\n","protected":false},"author":1,"featured_media":0,"parent":910000,"menu_order":210,"comment_status":"closed","ping_status":"closed","template":"","meta":{"_seopress_robots_primary_cat":"","_seopress_titles_title":"","_seopress_titles_desc":"","_seopress_robots_index":"","footnotes":""},"class_list":["post-911900","page","type-page","status-publish","hentry","description-off"],"_links":{"self":[{"href":"https:\/\/laboklin.de\/de\/wp-json\/wp\/v2\/pages\/911900","targetHints":{"allow":["GET"]}}],"collection":[{"href":"https:\/\/laboklin.de\/de\/wp-json\/wp\/v2\/pages"}],"about":[{"href":"https:\/\/laboklin.de\/de\/wp-json\/wp\/v2\/types\/page"}],"author":[{"embeddable":true,"href":"https:\/\/laboklin.de\/de\/wp-json\/wp\/v2\/users\/1"}],"replies":[{"embeddable":true,"href":"https:\/\/laboklin.de\/de\/wp-json\/wp\/v2\/comments?post=911900"}],"version-history":[{"count":7,"href":"https:\/\/laboklin.de\/de\/wp-json\/wp\/v2\/pages\/911900\/revisions"}],"predecessor-version":[{"id":1474555,"href":"https:\/\/laboklin.de\/de\/wp-json\/wp\/v2\/pages\/911900\/revisions\/1474555"}],"up":[{"embeddable":true,"href":"https:\/\/laboklin.de\/de\/wp-json\/wp\/v2\/pages\/910000"}],"wp:attachment":[{"href":"https:\/\/laboklin.de\/de\/wp-json\/wp\/v2\/media?parent=911900"}],"curies":[{"name":"wp","href":"https:\/\/api.w.org\/{rel}","templated":true}]}}