{"id":911700,"date":"2020-10-16T11:36:27","date_gmt":"2020-10-16T09:36:27","guid":{"rendered":"https:\/\/laboklin.de\/de\/european-brown-hare-syndrome-virus-ebhsv"},"modified":"2024-11-13T14:02:35","modified_gmt":"2024-11-13T13:02:35","slug":"european-brown-hare-syndrome-virus-ebhsv","status":"publish","type":"page","link":"https:\/\/laboklin.de\/de\/leistungen\/infektionskrankheiten-erreger-und-antikoerpernachweise\/viren\/european-brown-hare-syndrome-virus-ebhsv\/","title":{"rendered":"European Brown Hare Syndrome Virus (EBHSV)"},"content":{"rendered":"<div class=\"wpb-content-wrapper\"><p>[vc_row][vc_column][vc_column_text]<h3>Leistungsspektrum<\/h3><div class=\"vc_tta-panels-container\"><div class=\"vc_tta-panels\"><li class=\"menu-item sub-page\"><a href=\"https:\/\/laboklin.de\/de\/leistungen\/infektionskrankheiten-erreger-und-antikoerpernachweise\/viren\/european-brown-hare-syndrome-virus-ebhsv\/european-brown-hare-syndrome-virus-ebhsv-pcr\/\">European Brown Hare Syndrome Virus (EBHSV) - PCR<\/a><\/li><\/div><\/div>[\/vc_column_text][\/vc_column][\/vc_row][vc_row type=&#8220;vc_default&#8220; css=&#8220;.vc_custom_1612015411733{margin-top: 30px !important;}&#8220;][vc_column][vc_column_text css=&#8220;.vc_custom_1612016456212{margin-top: 20px !important;}&#8220;]<\/p>\n<h3>Allgemeine Informationen<\/h3>\n<p>Das European Brown Hare Syndrome (EBHS), auch virale Leberentz\u00fcndung des Hasen genannt, ist eine Erkrankung bei Hasen der Spezies Lepus europaeus und Lepus timidus.<br \/>\nDie Krankheit wurde in den 80er Jahren erstmals in Skandinavien beschrieben und ist seitdem in zahlreichen europ\u00e4ischen L\u00e4ndern aufgetreten, auch in Deutschland sind diverse F\u00e4lle beschrieben. Der Erreger des EBHS ist ein Calicivirus (Genus Lago\u00advirus), welches nur bei Hasen eine Erkrankung hervorruft. Kaninchen (und auch andere Tierarten) sind, soweit bekannt, nicht betroffen. Das Virus wird \u00fcber alle Se- und Exkrete ausgeschieden und ist sehr umweltstabil. Die \u00dcbertragung erfolgt vermutlich direkt v.a. f\u00e4kal-oral oder indirekt \u00fcber kontaminiertes Wasser und Futter. Die Erkrankung verl\u00e4uft perakut bis akut und zeichnet sich durch eine sehr hohe Morbidit\u00e4t und Mortalit\u00e4t aus (bis zu 100%). Krankheitssymptome werden, soweit dies bei freilebenden Wildtieren \u00fcberhaupt m\u00f6glich ist, nur selten be\u00adobachtet. Diese sind: Schw\u00e4che, Apathie, Orientierungslosigkeit, Verlust der Scheu und Bewegungsst\u00f6rungen (z.B. Paralyse der Hinterhand). Eine Therapie ist nicht bekannt.[\/vc_column_text][\/vc_column][\/vc_row]<\/p>\n<\/div>","protected":false},"excerpt":{"rendered":"<p>[vc_row][vc_column][vc_column_text][\/vc_column_text][\/vc_column][\/vc_row][vc_row type=&#8220;vc_default&#8220; css=&#8220;.vc_custom_1612015411733{margin-top: 30px !important;}&#8220;][vc_column][vc_column_text css=&#8220;.vc_custom_1612016456212{margin-top: 20px !important;}&#8220;] Allgemeine Informationen Das European Brown Hare Syndrome (EBHS), auch virale Leberentz\u00fcndung des Hasen genannt, ist eine Erkrankung bei Hasen der Spezies Lepus europaeus und Lepus timidus. Die Krankheit wurde in den 80er Jahren erstmals in Skandinavien beschrieben und ist seitdem in zahlreichen europ\u00e4ischen L\u00e4ndern aufgetreten, auch in&hellip;<\/p>\n","protected":false},"author":1,"featured_media":0,"parent":910000,"menu_order":180,"comment_status":"closed","ping_status":"closed","template":"","meta":{"_seopress_robots_primary_cat":"","_seopress_titles_title":"","_seopress_titles_desc":"","_seopress_robots_index":"","footnotes":""},"class_list":["post-911700","page","type-page","status-publish","hentry","description-off"],"_links":{"self":[{"href":"https:\/\/laboklin.de\/de\/wp-json\/wp\/v2\/pages\/911700","targetHints":{"allow":["GET"]}}],"collection":[{"href":"https:\/\/laboklin.de\/de\/wp-json\/wp\/v2\/pages"}],"about":[{"href":"https:\/\/laboklin.de\/de\/wp-json\/wp\/v2\/types\/page"}],"author":[{"embeddable":true,"href":"https:\/\/laboklin.de\/de\/wp-json\/wp\/v2\/users\/1"}],"replies":[{"embeddable":true,"href":"https:\/\/laboklin.de\/de\/wp-json\/wp\/v2\/comments?post=911700"}],"version-history":[{"count":3,"href":"https:\/\/laboklin.de\/de\/wp-json\/wp\/v2\/pages\/911700\/revisions"}],"predecessor-version":[{"id":1305310,"href":"https:\/\/laboklin.de\/de\/wp-json\/wp\/v2\/pages\/911700\/revisions\/1305310"}],"up":[{"embeddable":true,"href":"https:\/\/laboklin.de\/de\/wp-json\/wp\/v2\/pages\/910000"}],"wp:attachment":[{"href":"https:\/\/laboklin.de\/de\/wp-json\/wp\/v2\/media?parent=911700"}],"curies":[{"name":"wp","href":"https:\/\/api.w.org\/{rel}","templated":true}]}}