{"id":911400,"date":"2020-10-16T11:36:27","date_gmt":"2020-10-16T09:36:27","guid":{"rendered":"https:\/\/laboklin.de\/de\/coronaviren"},"modified":"2024-11-13T14:04:34","modified_gmt":"2024-11-13T13:04:34","slug":"coronaviren","status":"publish","type":"page","link":"https:\/\/laboklin.de\/de\/leistungen\/infektionskrankheiten-erreger-und-antikoerpernachweise\/viren\/coronaviren\/","title":{"rendered":"Coronaviren"},"content":{"rendered":"<div class=\"wpb-content-wrapper\"><p>[vc_row][vc_column][vc_column_text]<h3>Leistungsspektrum<\/h3><div class=\"vc_tta-panels-container\"><div class=\"vc_tta-panels\"><li class=\"menu-item sub-page\"><a href=\"https:\/\/laboklin.de\/de\/leistungen\/infektionskrankheiten-erreger-und-antikoerpernachweise\/viren\/coronaviren\/coronavirus-frettchen-pcr\/\">Coronavirus (Frettchen) - PCR<\/a><\/li><li class=\"menu-item sub-page\"><a href=\"https:\/\/laboklin.de\/de\/leistungen\/infektionskrankheiten-erreger-und-antikoerpernachweise\/viren\/coronaviren\/coronavirus-hund-enteral-pcr\/\">Coronavirus (Hund, enteral) (CCoV) - PCR<\/a><\/li><li class=\"menu-item sub-page\"><a href=\"https:\/\/laboklin.de\/de\/leistungen\/infektionskrankheiten-erreger-und-antikoerpernachweise\/viren\/coronaviren\/coronavirus-hund-respiratorisch-pcr\/\">Coronavirus (Hund, respiratorisch) (CRCoV) - PCR<\/a><\/li><li class=\"menu-item sub-page\"><a href=\"https:\/\/laboklin.de\/de\/leistungen\/infektionskrankheiten-erreger-und-antikoerpernachweise\/viren\/coronaviren\/coronavirus-katze-fcov-antikoerper-aus-aszites\/\">Coronavirus (Katze) - Antik\u00f6rper (aus Aszites)<\/a><\/li><li class=\"menu-item sub-page\"><a href=\"https:\/\/laboklin.de\/de\/leistungen\/infektionskrankheiten-erreger-und-antikoerpernachweise\/viren\/coronaviren\/coronavirus-katze-fcov-antikoerper-aus-serum\/\">Coronavirus (Katze) (FCoV) - Antik\u00f6rper (aus Serum)<\/a><\/li><li class=\"menu-item sub-page\"><a href=\"https:\/\/laboklin.de\/de\/leistungen\/infektionskrankheiten-erreger-und-antikoerpernachweise\/viren\/coronaviren\/coronavirus-katze-fcov-23-zypern-variante-pcr\/\">Coronavirus (Katze) (FCoV-23, Zypern-Variante) - PCR<\/a><\/li><li class=\"menu-item sub-page\"><a href=\"https:\/\/laboklin.de\/de\/leistungen\/infektionskrankheiten-erreger-und-antikoerpernachweise\/viren\/coronaviren\/coronavirus-katze-pcr-qualitativ\/\">Coronavirus (Katze) - PCR (qualitativ)<\/a><\/li><li class=\"menu-item sub-page\"><a href=\"https:\/\/laboklin.de\/de\/leistungen\/infektionskrankheiten-erreger-und-antikoerpernachweise\/viren\/coronaviren\/coronavirus-katze-pcr-quantitativ\/\">Coronavirus (Katze) - PCR (quantitativ)<\/a><\/li><li class=\"menu-item sub-page\"><a href=\"https:\/\/laboklin.de\/de\/leistungen\/infektionskrankheiten-erreger-und-antikoerpernachweise\/viren\/coronaviren\/coronavirus-pferd-pcr\/\">Coronavirus (Pferd) (ECoV) - PCR<\/a><\/li><li class=\"menu-item sub-page\"><a href=\"https:\/\/laboklin.de\/de\/leistungen\/infektionskrankheiten-erreger-und-antikoerpernachweise\/viren\/coronaviren\/coronavirus-rind-antikoerper\/\">Coronavirus (Rind) (BCov) - Antik\u00f6rper*<\/a><\/li><li class=\"menu-item sub-page\"><a href=\"https:\/\/laboklin.de\/de\/leistungen\/infektionskrankheiten-erreger-und-antikoerpernachweise\/viren\/coronaviren\/coronavirus-rind-pcr\/\">Coronavirus (Rind) - PCR<\/a><\/li><li class=\"menu-item sub-page\"><a href=\"https:\/\/laboklin.de\/de\/leistungen\/infektionskrankheiten-erreger-und-antikoerpernachweise\/viren\/coronaviren\/coronavirus-schwein-tge-pcr\/\">Coronavirus (Schwein) (TGE) - PCR<\/a><\/li><\/div><\/div>\n<div class=\"gap\" style=\"line-height: 20px; height: 20px;\"><\/div>[\/vc_column_text][vc_message message_box_color=&#8220;grey&#8220;]Coronaviren siehe auch\u00a0<i>\u00a0 \u00a0 \u00a0 \u00a0 <b>\u21d2<\/b>\u00a0<\/i>\u00a0 <strong><a href=\"\/de\/leistungen\/infektionskrankheiten-erreger-und-antikoerpernachweise\/viren\/sars-cov-2\/\">SARS-CoV 2<\/a><\/strong>[\/vc_message][\/vc_column][\/vc_row][vc_row type=&#8220;vc_default&#8220; css=&#8220;.vc_custom_1612015941366{margin-top: 30px !important;}&#8220;][vc_column][vc_column_text css=&#8220;.vc_custom_1612015968271{margin-top: 20px !important;margin-bottom: 30px !important;}&#8220;]<\/p>\n<h3>Allgemeine Informationen<\/h3>\n<p>Coronaviren sind beh\u00fcllte RNA-Viren, die auf ihrer Oberfl\u00e4che keulenf\u00f6rmige Anh\u00e4nge tragen, die im Elektronenmikroskop das Bild \u00e4hnlich einer Krone ergeben und der Virusfamilie ihren Namen gegeben haben. Da sie genetisch hochvariabel sind, ist eine \u00dcbertragung von Coronaviren auf und unter verschiedenen Arten m\u00f6glich. Sie geh\u00f6ren\u00a0 zu einer gro\u00dfen Gruppe von RNA-Viren, die respiratorische und\/oder enterale Erkrankungen bei verschiedenen Tierarten und beim Menschen verursachen k\u00f6nnen.[\/vc_column_text][\/vc_column][\/vc_row][vc_row][vc_column][vc_accordion active_tab=&#8220;false&#8220; title_size=&#8220;normal&#8220; style=&#8220;2&#8243;][vc_accordion_tab title=&#8220;Coronaviren Hund (CCoV, CCV, CECoV, CRCoV)&#8220;][vc_column_text]Eine Infektion mit <strong>caninen (enteralen) Coronaviren<\/strong> (<b><strong>CCoV,\u00a0<\/strong><\/b><b><strong>CCV, neuerdings auch CECoV<\/strong><\/b>) verl\u00e4uft meist asymptomatisch oder f\u00fchrt allenfalls zu milden, nicht-h\u00e4morrhagischen Durchf\u00e4llen. Bei Welpen sind auch schwere Krankheitsverl\u00e4ufe mit h\u00e4morrhagischer Gastroenteritis m\u00f6glich. Es kommt zu einem Verlust der Darmvilli, einer Abflachung der Epithelzellen des D\u00fcnndarms und einer Abl\u00f6sung der Becherzellen. Die auff\u00e4lligsten Symptome sind Erbrechen und w\u00e4ssriger bis blutiger Durchfall, damit einhergehend hochgradige Dehydratation. Das Virus wird \u00fcber den Kot ausgeschieden, die Dauer der Ausscheidung liegt in der Regel bei unter 2 Wochen.<\/p>\n<p>CCV ist auch f\u00fcr andere Caniden sowie f\u00fcr die Katze und das Schwein infekti\u00f6s, allerdings ist die Pathogenit\u00e4t bei diesen Tierarten ungekl\u00e4rt.<\/p>\n<p>Das <strong>canine respiratorische Coronavirus (CRCoV)<\/strong> wurde erstmals 2003 bei einem Hund nachgewiesen. Seinen Ursprung scheint dieses Coronavirus im bovinen Coronavirus zu haben, da eine sehr gro\u00dfe Similarit\u00e4t zu diesem festgestellt wurde. Allgemein ist das respiratorische Coronavirus h\u00e4ufig im Zusammenhang mit dem Zwingerhusten-Komplex (oder auch Canine Infectious Respiratory Diseases (CIRD) Complex genannt) bei dem Gro\u00dfteil der Hunde nachweisbar.<br \/>\nBei vielen Hunden mit milden oder moderaten Symptomen wie z.B. Husten oder Nasenausfluss, aber auch bei Hunden ohne klinische Symptome kann das Virus vor allem in der Trachea gefunden werden.[\/vc_column_text][\/vc_accordion_tab][vc_accordion_tab title=&#8220;Coronaviren Katze (FCoV)&#8220;][vc_column_text css=&#8220;&#8220;]Bei den felinen Coronaviren <strong>(FCoV) <\/strong>unterscheidet man zwei Pathotypen: Zum einen treten sie als schwach virulente enterale FCoV auf. Diese Viren sind reine &#8222;Durchfallerreger\u201c, die die intestinalen Epithelzellen befallen. Zum anderen gibt es die durch Mutationen im Spike-Protein ver\u00e4nderte Form, die in der Lage ist, sich massiv in Makrophagen zu replizieren und so die oft t\u00f6dlich verlaufende feline infekti\u00f6se Peritonitis (FIP) auszul\u00f6sen.<\/p>\n<p>Eine Katze aus einem Mehrkatzenhaushalt scheidet das Virus mit h\u00f6herer Wahrscheinlichkeit aus als eine Katze aus Einzelhaltung. Je h\u00f6her der Infektionsdruck ist, desto gr\u00f6\u00dfer ist die Wahrscheinlichkeit, dass die enteralen Coronaviren mutieren und eine FIP verursachen.<\/p>\n<p>Nach verschiedenen Studien erkranken 1 \u2013 12 % der mit FCoV-infizierten Katzen tats\u00e4chlich an einer FIP. Fr\u00fcher hat man zwei verschiedene Auspr\u00e4gungsformen der FIP unterschieden: die feuchte (exsudative Form) und die trockene (granulomat\u00f6se) Form. Heute geht man davon aus, dass jede FIP fr\u00fcher oder sp\u00e4ter &#8222;feucht&#8220; wird. Klinisch zeigt sich die FIP von pyogranulomat\u00f6sen Verdickungen auf Serosen und Organen (vor allem an Leber, Milz, Lunge) bis hin zur hochgradigen Polyserositis mit Bildung von stark visk\u00f6sen Erg\u00fcssen (Ascites, aber auch Thorax-\/Pleuraerg\u00fcsse). Die Katzen entwickeln h\u00e4ufig An\u00e4mien mit Ikterus, Abmagerung und hohes Fieber. Es k\u00f6nnen auch ZNS-Symptome und durch Ablagerung von Pr\u00e4zipitaten eine Uveitis auftreten.<\/p>\n<p>Ein positiver Titer besagt, dass die Katze Kontakt zu Coronaviren hatte. Das ist bei dem gr\u00f6\u00dften Teil aller adulten Tiere der Fall. In einem klinisch gesunden Tier sind hohe Titer meist nicht von Bedeutung. Sie lassen nicht darauf schlie\u00dfen, dass diese Katze an FIP erkranken wird. Ausscheider von enteralen FCoV k\u00f6nnen mittels PCR aus Faecesproben identifiziert werden, mutierte FCoV werden nicht mehr mit dem Kot ausgeschieden. Bei an FIP erkrankten Tieren finden sich h\u00e4ufig auch nur niedrige bis negative Antik\u00f6rpertiter. Hier ist es zu einer Bindung der Antik\u00f6rper in Immunkomplexen gekommen; somit sind Antik\u00f6rper nicht mehr nachweisbar. Zur weiteren Abkl\u00e4rung kann eine Serumproteinelektrophorese und eine Bestimmung des Albumin-Globulin-Quotienten hinzugezogen werden. Diagnostische Hinweise liefert eine Erh\u00f6hung der Gamma-Globulin-Fraktion und ein Albumin-Globulin-Quotient unter 0,6. Zus\u00e4tzlich kann eine PCR auf FCoV aus Erg\u00fcssen oder Gewebe ein wichtiger Hinweis auf eine FIP sein und in Kombination mit der Elektrophorese (und Rivalta oder Zytologie) zur Diagnosestellung beitragen.<\/p>\n<p>FIP ist in der Regel als Einzeltiererkrankung anzusehen. Eine H\u00e4ufung\u00a0von F\u00e4llen in Tierheimen oder Mehrkatzenhaushalten ist auf einen erh\u00f6hten Infektionsdruck und eine damit einhergehenden erh\u00f6hten Reinfektions- und Virusmutationsrate zur\u00fcckzuf\u00fchren.<\/p>\n<p>2023 kam es auf Zypern jedoch zu einem schweren Ausbruch an FIP-Erkrankungen (Attipa et al., in press). Innerhalb von 7 Monaten stieg die Zahl der PCR-best\u00e4tigten F\u00e4lle im Vergleich zu 2022 um mehr als das 40-Fache an. Nachfolgende Untersuchungen konnten ein hochpathogenes rekombinantes Katzen-\/Hunde-Coronavirus nachweisen, welches als\u00a0<strong>FCoV-23<\/strong> bezeichnet wird. Vorl\u00e4ufige Daten weisen auf\u00a0eine <strong>direkte \u00dcbertragung<\/strong> dieses Virus hin: Es scheint FIP zu verursachen, ohne dass eine \u00c4nderung des Biotyps erforderlich ist. Wir bieten einen spezifischen Nachweis von FCoV-23 nach einem positiven Corona-PCR-Nachweis an. In den bei Laboklin eingegangenen Proben wurde FCoV-23 schon bei Katzen aus verschiedenen L\u00e4ndern Europas nachgewiesen.[\/vc_column_text][\/vc_accordion_tab][vc_accordion_tab title=&#8220;Coronaviren Frettchen&#8220;][vc_column_text]Das<strong> enterale Coronavirus des Frettchens<\/strong> kann v.a. bei adulten Tieren zur epizootischen katarrhalischen Enteritis der Frettchen (ECE) mit schleimigen, gr\u00fcnlichen, \u00fcbelriechenden Durchf\u00e4llen f\u00fchren. Die Ausscheidung erfolgt \u00fcber Speichel und Faeces.<\/p>\n<p>Die <strong>systemischen Coronaviren des Frettchens<\/strong> k\u00f6nnen eine FIP-\u00e4hnliche Erkrankung hervorrufen, die vor allem Frettchen unter 18 Monaten betrifft. Die Symptome k\u00f6nnen unspezifisch sein (u.a. Diarrh\u00f6e, Gewichtsverlust, Lethargie, Hypo-\/Anorexie, Vomitus). Teilweise sind neurologische Symptome wie z.B. Parese, Ataxie, Tremor oder Krampfanf\u00e4lle zu beobachten.[\/vc_column_text][\/vc_accordion_tab][vc_accordion_tab title=&#8220;Coronaviren Pferd (ECoV)&#8220;][vc_column_text]Das equine Coronavirus (<strong>ECoV<\/strong>), ein Beta-Coronavirus, konnte erstmals 1999 in den USA im Kot eines an Durchfall erkrankten Fohlens nachgewiesen werden. J\u00fcngste Untersuchungen in den USA, Japan und Europa belegen einen Zusammenhang mit Fieber, Koliken und Durchf\u00e4llen bei vor allem adulten Pferden. Erkrankungen durch das ECoV treten \u00fcberwiegend in der kalten Jahreszeit auf (November bis Mai), eine Beteiligung der Atemwege konnte bisher nicht aufgezeigt werden.<\/p>\n<p>Zu den klinischen Symptomen z\u00e4hlen vor allem Anorexie, Lethargie, Fieber und Ver\u00e4nderungen in der Kotkonsistenz. Teils treten auch Durchf\u00e4lle und milde Koliksymptome auf. Selten wurden neurologische Auff\u00e4lligkeiten (Ataxie, Depression, Festliegen) beschrieben, diese allerdings sekund\u00e4r bedingt durch eine Hyperammon\u00e4mie. Im Blutbild zeigt sich eine Leukopenie (Neutropenie\/Lymphopenie) und Hypoalbumin\u00e4mie.<\/p>\n<p>Infektionen mit dem ECoV scheinen selbstlimitierend zu sein, k\u00f6nnen allerdings sekund\u00e4r verkompliziert werden (z.B. Dehydrierung oder Darmverlagerung). Die \u00dcbertragung erfolgt vor allem \u00fcber die f\u00e4kal-orale Route.[\/vc_column_text][\/vc_accordion_tab][vc_accordion_tab title=&#8220;Coronaviren Rind und Wildwiederk\u00e4uer (BCoV)&#8220;][vc_column_text]Bovine Coronaviren (<strong>BCoV<\/strong>) verursachen enterale und respiratorische Erkrankungen bei Rindern und Wildwiederk\u00e4uern. Dazu z\u00e4hlen der K\u00e4lberdurchfall, die Winterdysenterie bei adulten Rindern und respiratorische Erkrankungen bei Rindern unterschiedlichen Alters.[\/vc_column_text][\/vc_accordion_tab][vc_accordion_tab title=&#8220;Coronaviren Schwein (TGE)&#8220;][vc_column_text]Beim Schwein verursachen Coronaviren die hochkontagi\u00f6se, z.T. seuchenhaft verlaufende<strong> \u201etransmissible Gastroenteritis\u201c (TGE).<\/strong> Das TGE-Virus stellt in allen L\u00e4ndern mit intensiver Schweineproduktion ein wirtschaftliches Problem dar. Einkommensausf\u00e4lle entstehen in den betroffenen Betrieben durch Ferkelverluste, Wachstumsretention und Minderung der Gewichtszunahmen.<\/p>\n<p>Nach Infektion mit dem porcinen Coronavirus kommt es zu einer lokalen Infektion des Darmtraktes, meist im Jejunum und Ileum. Im weiteren Verlauf kommt es zu einem rapiden Verlust des Zottenepithels. Klinisch zeigt sich dies in einem w\u00e4ssrigen \u00fcbel\u00adriechenden Durchfall. Die TGE ist eine<strong> meldepflichtige Tierkrankheit<\/strong> in Deutschland.[\/vc_column_text][\/vc_accordion_tab][\/vc_accordion][\/vc_column][\/vc_row]<\/p>\n<\/div>","protected":false},"excerpt":{"rendered":"<p>[vc_row][vc_column][vc_column_text] [\/vc_column_text][vc_message message_box_color=&#8220;grey&#8220;]Coronaviren siehe auch\u00a0\u00a0 \u00a0 \u00a0 \u00a0 \u21d2\u00a0\u00a0 SARS-CoV 2[\/vc_message][\/vc_column][\/vc_row][vc_row type=&#8220;vc_default&#8220; css=&#8220;.vc_custom_1612015941366{margin-top: 30px !important;}&#8220;][vc_column][vc_column_text css=&#8220;.vc_custom_1612015968271{margin-top: 20px !important;margin-bottom: 30px !important;}&#8220;] Allgemeine Informationen Coronaviren sind beh\u00fcllte RNA-Viren, die auf ihrer Oberfl\u00e4che keulenf\u00f6rmige Anh\u00e4nge tragen, die im Elektronenmikroskop das Bild \u00e4hnlich einer Krone ergeben und der Virusfamilie ihren Namen gegeben haben. Da sie genetisch hochvariabel sind, ist&hellip;<\/p>\n","protected":false},"author":1,"featured_media":0,"parent":910000,"menu_order":140,"comment_status":"closed","ping_status":"closed","template":"","meta":{"_seopress_robots_primary_cat":"","_seopress_titles_title":"","_seopress_titles_desc":"","_seopress_robots_index":"","footnotes":""},"class_list":["post-911400","page","type-page","status-publish","hentry","description-off"],"_links":{"self":[{"href":"https:\/\/laboklin.de\/de\/wp-json\/wp\/v2\/pages\/911400","targetHints":{"allow":["GET"]}}],"collection":[{"href":"https:\/\/laboklin.de\/de\/wp-json\/wp\/v2\/pages"}],"about":[{"href":"https:\/\/laboklin.de\/de\/wp-json\/wp\/v2\/types\/page"}],"author":[{"embeddable":true,"href":"https:\/\/laboklin.de\/de\/wp-json\/wp\/v2\/users\/1"}],"replies":[{"embeddable":true,"href":"https:\/\/laboklin.de\/de\/wp-json\/wp\/v2\/comments?post=911400"}],"version-history":[{"count":27,"href":"https:\/\/laboklin.de\/de\/wp-json\/wp\/v2\/pages\/911400\/revisions"}],"predecessor-version":[{"id":1474513,"href":"https:\/\/laboklin.de\/de\/wp-json\/wp\/v2\/pages\/911400\/revisions\/1474513"}],"up":[{"embeddable":true,"href":"https:\/\/laboklin.de\/de\/wp-json\/wp\/v2\/pages\/910000"}],"wp:attachment":[{"href":"https:\/\/laboklin.de\/de\/wp-json\/wp\/v2\/media?parent=911400"}],"curies":[{"name":"wp","href":"https:\/\/api.w.org\/{rel}","templated":true}]}}