{"id":910600,"date":"2020-10-16T11:36:27","date_gmt":"2020-10-16T09:36:27","guid":{"rendered":"https:\/\/laboklin.de\/de\/bornaviren"},"modified":"2025-09-22T17:29:32","modified_gmt":"2025-09-22T15:29:32","slug":"bornaviren","status":"publish","type":"page","link":"https:\/\/laboklin.de\/de\/leistungen\/infektionskrankheiten-erreger-und-antikoerpernachweise\/viren\/bornaviren\/","title":{"rendered":"Bornaviren"},"content":{"rendered":"<div class=\"wpb-content-wrapper\"><p>[vc_row][vc_column][vc_column_text]<h3>Leistungsspektrum<\/h3><div class=\"vc_tta-panels-container\"><div class=\"vc_tta-panels\"><li class=\"menu-item sub-page\"><a href=\"https:\/\/laboklin.de\/de\/leistungen\/infektionskrankheiten-erreger-und-antikoerpernachweise\/viren\/bornaviren\/bornavirus-papagei-pcr\/\">Bornavirus (Papagei) - PCR<\/a><\/li><li class=\"menu-item sub-page\"><a href=\"https:\/\/laboklin.de\/de\/leistungen\/infektionskrankheiten-erreger-und-antikoerpernachweise\/viren\/bornaviren\/bornavirus-saeugetiere-pcr\/\">Bornavirus (S\u00e4ugetiere) - PCR<\/a><\/li><li class=\"menu-item sub-page\"><a href=\"https:\/\/laboklin.de\/de\/leistungen\/infektionskrankheiten-erreger-und-antikoerpernachweise\/viren\/bornaviren\/bornavirus-antikoerper\/\">Bornavirus - Antik\u00f6rper*<\/a><\/li><\/div><\/div>[\/vc_column_text][\/vc_column][\/vc_row][vc_row type=&#8220;vc_default&#8220; css=&#8220;.vc_custom_1603190716840{margin-top: 20px !important;}&#8220;][vc_column][vc_column_text css=&#8220;&#8220;]<\/p>\n<div id=\"c7875\" class=\"csc-default csc-space-before-15\">\n<p>* Partnerlabor<\/p>\n<p>&nbsp;<\/p>\n<\/div>\n<div id=\"c1409\" class=\"csc-default\">\n<h3>Allgemeine Informationen<\/h3>\n<div>\n<p class=\"bildunterschrift\">Das Bornavirus ist ein nicht segmentiertes, beh\u00fclltes RNA-Virus welches das einzige Mitglied der Familie der\u00a0<i>Bornaviridae<\/i>\u00a0darstellt.<i>\u00a0<\/i><\/p>\n<\/div>\n<\/div>\n<p>[\/vc_column_text][\/vc_column][\/vc_row][vc_row type=&#8220;vc_default&#8220; css=&#8220;.vc_custom_1603190795142{margin-top: 20px !important;}&#8220;][vc_column][vc_accordion active_tab=&#8220;false&#8220; collapsible=&#8220;yes&#8220; title_size=&#8220;normal&#8220; style=&#8220;2&#8243;][vc_accordion_tab title=&#8220;S\u00e4ugetiere&#8220;][vc_column_text css=&#8220;&#8220;]Zahlreiche S\u00e4ugetierarten sind empf\u00e4nglich f\u00fcr dieses Virus. Klinisch relevant ist es vor allem beim Pferd (hier spricht man von der \u201ehitzigen Kopfkrankheit\u201c) und beim Schaf. Erkranken k\u00f6nnen auch Rinder, Ziegen und Neuweltkamele. Bei der Katze gilt nur ein Borna-Fall best\u00e4tigt, nachdem die \u201estaggering disease\u201c neuerdings dem Rustrela-Virus zugeschrieben wird.<\/p>\n<p>Bornaviren haben einen ausgepr\u00e4gten Neurotropismus und l\u00f6sen nicht eitrige Meningoencephalitiden aus, die mit Anorexie, Apathie, Somnolenz und multiplen neuronalen Ausf\u00e4llen einhergehen. Tiere, die an der Bornaschen Krankheit leiden, entwickeln motorische St\u00f6rungen und sind verhaltensauff\u00e4llig.<\/p>\n<p>Das Virusreservoir stellen Feldspitzm\u00e4use dar. Diese sind symptomlos, aber lebenslang infiziert. Andere S\u00e4ugetiere wie Pferde und Schafe sowie der Mensch k\u00f6nnen als Fehlwirte fungieren. Die \u00dcbertragungswege sind noch nicht g\u00e4nzlich gekl\u00e4rt, wahrscheinlich erfolgt eine Infektion \u00fcber die Nervenenden der nasalen und pharyngealen Mucosa. Nach derzeitigem Wissen scheiden Fehlwirte das Virus nicht aus. Nat\u00fcrliche Infektionen von S\u00e4ugetieren durch Pferde, Schafe oder Menschen sind nicht nachgewiesen. Experimentell sind Infektionen von Pferd zu Pferd (Schaf zu Schaf, Katze zu Katze) m\u00f6glich.<\/p>\n<p>Bei Pferd und Schaf sind neben oben genannten Symptomen vor allem gesenkte Kopfhaltung, Absondern von der Herde, Leerkauen und Speicheln sowie im sp\u00e4ten Stadium Festliegen und Ruderbewegungen beschrieben. Eine saisonale H\u00e4ufung der Erkrankung von M\u00e4rz-September ist bei Pferd und Schaf beschrieben.<\/p>\n<p>Die Immunantwort ist oft gering bis gar nicht vorhanden, weswegen eine Diagnose \u00fcber eine Antik\u00f6rperbestimmung schwierig ist. Die Inkubationszeit ist unbekannt. Eine klinisch manifeste Infektion verl\u00e4uft letal (Krankheitsdauer meist 1-3 Wochen). Auch klinisch inapparente Infektionen sind m\u00f6glich. Beim Menschen endeten die durch das Bornavirus ausgel\u00f6sten Encephalitiden fast ausnahmslos t\u00f6dlich, bisher sind nur wenige solcher F\u00e4lle beschrieben.<\/p>\n<p>Seit 2020 gilt in Deutschland die <strong>Meldepflicht<\/strong> f\u00fcr Bornavirusinfektionen beim Hauss\u00e4ugetier.[\/vc_column_text][\/vc_accordion_tab][vc_accordion_tab title=&#8220;V\u00f6gel&#8220;][vc_column_text]Die <strong>neuropathische Dr\u00fcsenmagendilatation (Proventricular Dilatation Disease, PDD)<\/strong> ist eine weltweit verbreitete schwerwiegende Erkrankung v.a. bei Gro\u00dfpapageien wie Aras, Amazonen oder Graupapageien.<\/p>\n<p>2008 gelang erstmals der Nachweis des bis dahin unbekannten avi\u00e4ren Bornavirus (ABV) bei an PDD erkrankten V\u00f6geln. Mittels Infektionsversuchen konnte anschlie\u00dfend ein \u00e4tiologischer Zusammenhang best\u00e4tigt werden.<\/p>\n<p>Die PDD betrifft entweder den Magen-Darm-Trakt, das zentrale Nervensystem oder beide Bereiche. Das hei\u00dft, einerseits k\u00f6nnen Verdauungsst\u00f6rungen wie Durchfall, Erbrechen oder Regurgitation sowie Anorexie und Ausscheidung unverdauter K\u00f6rner im Kot auftreten. Andererseits kann sich eine PDD durch neurologische Ausf\u00e4lle wie Ataxien und Koordinationsst\u00f6rungen, Tremor oder Paresen \u00e4u\u00dfern. Beide Symptomkomplexe gehen mit Depression, allgemeiner Schw\u00e4che und starker Abmagerung einher.<\/p>\n<p>Neben perakuten und akuten Todesf\u00e4llen beobachtet man vor allem bei \u00e4lteren V\u00f6geln auch chronische Krankheitsverl\u00e4ufe. Zudem k\u00f6nnen klinisch inapparente V\u00f6gel mit dem Virus infiziert sein. Zuchtbest\u00e4nde und Neuzug\u00e4nge sollten daher auf eine Infektion mit ABV \u00fcberpr\u00fcft werden.<\/p>\n<p>Avi\u00e4re Bornaviren sind RNA-Viren, die eine hohe genetische Divergenz aufweisen. Daher schlie\u00dft ein negatives Ergebnis eine PDD nicht mit Sicherheit aus, da ggf. auch andere, bislang noch nicht beschriebene Virusvarianten zu dieser Erkrankung f\u00fchren k\u00f6nnen.<\/p>\n<p>Der sicherste Nachweis einer ABV-Infektion erfordert eine Kombination aus Antik\u00f6rper- und Erregernachweis. Bei einigen V\u00f6geln gelingt nur der Nachweis von Virus-RNA, bei anderen sind nur Anti-ABV-Antik\u00f6rper nachweisbar, w\u00e4hrend wieder andere in beiden Tests positiv reagieren. Beide Testergebnisse sind immer im Zusammenhang mit der klinischen Symptomatik zu interpretieren.[\/vc_column_text][\/vc_accordion_tab][\/vc_accordion][\/vc_column][\/vc_row]<\/p>\n<\/div>","protected":false},"excerpt":{"rendered":"<p>[vc_row][vc_column][vc_column_text][\/vc_column_text][\/vc_column][\/vc_row][vc_row type=&#8220;vc_default&#8220; css=&#8220;.vc_custom_1603190716840{margin-top: 20px !important;}&#8220;][vc_column][vc_column_text css=&#8220;&#8220;] * Partnerlabor &nbsp; Allgemeine Informationen Das Bornavirus ist ein nicht segmentiertes, beh\u00fclltes RNA-Virus welches das einzige Mitglied der Familie der\u00a0Bornaviridae\u00a0darstellt.\u00a0 [\/vc_column_text][\/vc_column][\/vc_row][vc_row type=&#8220;vc_default&#8220; css=&#8220;.vc_custom_1603190795142{margin-top: 20px !important;}&#8220;][vc_column][vc_accordion active_tab=&#8220;false&#8220; collapsible=&#8220;yes&#8220; title_size=&#8220;normal&#8220; style=&#8220;2&#8243;][vc_accordion_tab title=&#8220;S\u00e4ugetiere&#8220;][vc_column_text css=&#8220;&#8220;]Zahlreiche S\u00e4ugetierarten sind empf\u00e4nglich f\u00fcr dieses Virus. Klinisch relevant ist es vor allem beim Pferd (hier spricht man von&hellip;<\/p>\n","protected":false},"author":1,"featured_media":0,"parent":910000,"menu_order":50,"comment_status":"closed","ping_status":"closed","template":"","meta":{"_seopress_robots_primary_cat":"","_seopress_titles_title":"","_seopress_titles_desc":"","_seopress_robots_index":"","footnotes":""},"class_list":["post-910600","page","type-page","status-publish","hentry","description-off"],"_links":{"self":[{"href":"https:\/\/laboklin.de\/de\/wp-json\/wp\/v2\/pages\/910600","targetHints":{"allow":["GET"]}}],"collection":[{"href":"https:\/\/laboklin.de\/de\/wp-json\/wp\/v2\/pages"}],"about":[{"href":"https:\/\/laboklin.de\/de\/wp-json\/wp\/v2\/types\/page"}],"author":[{"embeddable":true,"href":"https:\/\/laboklin.de\/de\/wp-json\/wp\/v2\/users\/1"}],"replies":[{"embeddable":true,"href":"https:\/\/laboklin.de\/de\/wp-json\/wp\/v2\/comments?post=910600"}],"version-history":[{"count":20,"href":"https:\/\/laboklin.de\/de\/wp-json\/wp\/v2\/pages\/910600\/revisions"}],"predecessor-version":[{"id":1563571,"href":"https:\/\/laboklin.de\/de\/wp-json\/wp\/v2\/pages\/910600\/revisions\/1563571"}],"up":[{"embeddable":true,"href":"https:\/\/laboklin.de\/de\/wp-json\/wp\/v2\/pages\/910000"}],"wp:attachment":[{"href":"https:\/\/laboklin.de\/de\/wp-json\/wp\/v2\/media?parent=910600"}],"curies":[{"name":"wp","href":"https:\/\/api.w.org\/{rel}","templated":true}]}}