{"id":910500,"date":"2020-10-16T11:36:27","date_gmt":"2020-10-16T09:36:27","guid":{"rendered":"https:\/\/laboklin.de\/de\/blauzungenvirus-btv"},"modified":"2024-11-13T14:08:17","modified_gmt":"2024-11-13T13:08:17","slug":"blauzungenvirus-btv","status":"publish","type":"page","link":"https:\/\/laboklin.de\/de\/leistungen\/infektionskrankheiten-erreger-und-antikoerpernachweise\/viren\/blauzungenvirus-btv\/","title":{"rendered":"Blauzungenvirus (BTV)"},"content":{"rendered":"<div class=\"wpb-content-wrapper\"><p>[vc_row][vc_column][vc_column_text]<h3>Leistungsspektrum<\/h3><div class=\"vc_tta-panels-container\"><div class=\"vc_tta-panels\"><li class=\"menu-item sub-page\"><a href=\"https:\/\/laboklin.de\/de\/leistungen\/infektionskrankheiten-erreger-und-antikoerpernachweise\/viren\/blauzungenvirus-btv\/btv-pcr\/\">Blauzungenvirus (BTV) - PCR<\/a><\/li><\/div><\/div>[\/vc_column_text][\/vc_column][\/vc_row][vc_row type=&#8220;vc_default&#8220; css=&#8220;.vc_custom_1612015103290{margin-top: 30px !important;}&#8220;][vc_column][vc_column_text]<\/p>\n<h3>Allgemeine Informationen<\/h3>\n<p style=\"font-weight: 300;\">Das Blauzungenvirus (Blue Tongue Virus, BTV), ein Orbivirus, wird durch Gnitzen \u00fcbertragen und f\u00fchrt bei Rindern, Schafen und Ziegen zur Blauzungenkrankheit, die 2006 erstmals in Deutschland auf\u00adgetreten ist. In Deutschland wurden bisher die Serotypen 6 und 8 festgestellt. Die Blauzungenkrankheit ist gekennzeichnet durch Fieber, Zirkulationsst\u00f6rungen, Kopf\u00f6deme und Ulzerationen der Schleimh\u00e4ute am Kopf sowie an den Zitzen und den Klauen. Blue Tongue kann auch mit schweren Pneumonien einhergehen. Bei Schafen kann die Letalit\u00e4t 50% betragen. Lamas und Alpakas k\u00f6nnen sich ebenfalls infizieren.<\/p>\n<p style=\"font-weight: 300;\">In Deutschland\u00a0besteht\u00a0<strong>Anzeigepflicht!<\/strong><\/p>\n<p>[\/vc_column_text][\/vc_column][\/vc_row]<\/p>\n<\/div>","protected":false},"excerpt":{"rendered":"<p>[vc_row][vc_column][vc_column_text][\/vc_column_text][\/vc_column][\/vc_row][vc_row type=&#8220;vc_default&#8220; css=&#8220;.vc_custom_1612015103290{margin-top: 30px !important;}&#8220;][vc_column][vc_column_text] Allgemeine Informationen Das Blauzungenvirus (Blue Tongue Virus, BTV), ein Orbivirus, wird durch Gnitzen \u00fcbertragen und f\u00fchrt bei Rindern, Schafen und Ziegen zur Blauzungenkrankheit, die 2006 erstmals in Deutschland auf\u00adgetreten ist. In Deutschland wurden bisher die Serotypen 6 und 8 festgestellt. Die Blauzungenkrankheit ist gekennzeichnet durch Fieber, Zirkulationsst\u00f6rungen, Kopf\u00f6deme und Ulzerationen&hellip;<\/p>\n","protected":false},"author":1,"featured_media":0,"parent":910000,"menu_order":40,"comment_status":"closed","ping_status":"closed","template":"","meta":{"_seopress_robots_primary_cat":"","_seopress_titles_title":"","_seopress_titles_desc":"","_seopress_robots_index":"","footnotes":""},"class_list":["post-910500","page","type-page","status-publish","hentry","description-off"],"_links":{"self":[{"href":"https:\/\/laboklin.de\/de\/wp-json\/wp\/v2\/pages\/910500","targetHints":{"allow":["GET"]}}],"collection":[{"href":"https:\/\/laboklin.de\/de\/wp-json\/wp\/v2\/pages"}],"about":[{"href":"https:\/\/laboklin.de\/de\/wp-json\/wp\/v2\/types\/page"}],"author":[{"embeddable":true,"href":"https:\/\/laboklin.de\/de\/wp-json\/wp\/v2\/users\/1"}],"replies":[{"embeddable":true,"href":"https:\/\/laboklin.de\/de\/wp-json\/wp\/v2\/comments?post=910500"}],"version-history":[{"count":4,"href":"https:\/\/laboklin.de\/de\/wp-json\/wp\/v2\/pages\/910500\/revisions"}],"predecessor-version":[{"id":1317577,"href":"https:\/\/laboklin.de\/de\/wp-json\/wp\/v2\/pages\/910500\/revisions\/1317577"}],"up":[{"embeddable":true,"href":"https:\/\/laboklin.de\/de\/wp-json\/wp\/v2\/pages\/910000"}],"wp:attachment":[{"href":"https:\/\/laboklin.de\/de\/wp-json\/wp\/v2\/media?parent=910500"}],"curies":[{"name":"wp","href":"https:\/\/api.w.org\/{rel}","templated":true}]}}