{"id":910104,"date":"2020-10-16T11:36:27","date_gmt":"2020-10-16T09:36:27","guid":{"rendered":"https:\/\/laboklin.de\/de\/canines-adenovirus-1-cav-1-hcc-antikoerper"},"modified":"2025-01-29T13:19:43","modified_gmt":"2025-01-29T12:19:43","slug":"canines-adenovirus-1-cav-1-hcc-antikoerper","status":"publish","type":"page","link":"https:\/\/laboklin.de\/de\/leistungen\/infektionskrankheiten-erreger-und-antikoerpernachweise\/viren\/adenoviren\/canines-adenovirus-1-cav-1-hcc-antikoerper\/","title":{"rendered":"Canines Adenovirus 1 (CAV 1, Hcc) &#8211; Antik\u00f6rper"},"content":{"rendered":"<h3 class=\"csc-firstHeader\">Canines Adenovirus 1 (CAV 1, Hcc) - Antik\u00f6rper<\/h3><p><span>LABOKLIN Leistungs-ID: 145<\/span><\/p><table class=\"tx-laboklinleistung-table contenttable contenttable-2\" style=\"margin-top: 35px;\"><tr><td class=\"td-0\"><strong>Material<\/strong><\/td><td class=\"td-1\"><p class=\"bodytext\">Serum oder EDTA-Plasma oder Heparin-Plasma 0,5 ml<\/p><\/td><\/tr><tr><td class=\"td-0\"><strong>Methode<\/strong><\/td><td class=\"td-1\"><p class=\"bodytext\">indirekter Floureszenz-Antik\u00f6rpertest (IFAT)<\/p><\/td><\/tr><tr><td class=\"td-0\"><strong>Dauer<\/strong><\/td><td class=\"td-1\"><p class=\"bodytext\">1 - 2 Tage<\/p><\/td><\/tr><tr><td class=\"td-0\"><strong>Anmerkung<\/strong><\/td><td class=\"td-1\"><p class=\"bodytext\">Impf- und Infektionstiter k\u00f6nnen in der Regel nur \u00fcber die Untersuchung von Serumpaaren unterschieden werden. Erkrankungen kommen wegen fl\u00e4chendeckender Impfung extrem selten vor. <\/p><\/td><\/tr><\/table>\n","protected":false},"excerpt":{"rendered":"<p>Canines Adenovirus 1 (CAV 1, Hcc) &#8211; Antik\u00f6rperLABOKLIN Leistungs-ID: 145MaterialSerum oder EDTA-Plasma oder Heparin-Plasma 0,5 mlMethodeindirekter Floureszenz-Antik\u00f6rpertest (IFAT)Dauer1 &#8211; 2 TageAnmerkungImpf- und Infektionstiter k\u00f6nnen in der Regel nur \u00fcber die Untersuchung von Serumpaaren unterschieden werden. Erkrankungen kommen wegen fl\u00e4chendeckender Impfung extrem selten vor.<\/p>\n","protected":false},"author":1,"featured_media":0,"parent":910100,"menu_order":4,"comment_status":"closed","ping_status":"closed","template":"","meta":{"_seopress_robots_primary_cat":"","_seopress_titles_title":"","_seopress_titles_desc":"","_seopress_robots_index":"","footnotes":""},"class_list":["post-910104","page","type-page","status-publish","hentry","description-off"],"_links":{"self":[{"href":"https:\/\/laboklin.de\/de\/wp-json\/wp\/v2\/pages\/910104","targetHints":{"allow":["GET"]}}],"collection":[{"href":"https:\/\/laboklin.de\/de\/wp-json\/wp\/v2\/pages"}],"about":[{"href":"https:\/\/laboklin.de\/de\/wp-json\/wp\/v2\/types\/page"}],"author":[{"embeddable":true,"href":"https:\/\/laboklin.de\/de\/wp-json\/wp\/v2\/users\/1"}],"replies":[{"embeddable":true,"href":"https:\/\/laboklin.de\/de\/wp-json\/wp\/v2\/comments?post=910104"}],"version-history":[{"count":1,"href":"https:\/\/laboklin.de\/de\/wp-json\/wp\/v2\/pages\/910104\/revisions"}],"predecessor-version":[{"id":1504725,"href":"https:\/\/laboklin.de\/de\/wp-json\/wp\/v2\/pages\/910104\/revisions\/1504725"}],"up":[{"embeddable":true,"href":"https:\/\/laboklin.de\/de\/wp-json\/wp\/v2\/pages\/910100"}],"wp:attachment":[{"href":"https:\/\/laboklin.de\/de\/wp-json\/wp\/v2\/media?parent=910104"}],"curies":[{"name":"wp","href":"https:\/\/api.w.org\/{rel}","templated":true}]}}