{"id":820001,"date":"2020-10-16T11:36:27","date_gmt":"2020-10-16T09:36:27","guid":{"rendered":"https:\/\/laboklin.de\/de\/asit-folgebehandlung-hund-katze-pferd-inkl-insekten"},"modified":"2025-01-29T13:17:29","modified_gmt":"2025-01-29T12:17:29","slug":"asit-folgebehandlung-hund-katze-pferd-inkl-insekten","status":"publish","type":"page","link":"https:\/\/laboklin.de\/de\/leistungen\/allergie\/allergen-spezifische-immuntherapie-asit\/asit-folgebehandlung-hund-katze-pferd-inkl-insekten\/","title":{"rendered":"ASIT Folgebehandlung (Hund \/ Katze \/ Pferd) (inkl. Insekten)"},"content":{"rendered":"<h3 class=\"csc-firstHeader\">Folgebehandlung ASIT (Hd, Ktz, Pfd)<\/h3><p><span>LABOKLIN Leistungs-ID: 6113<\/span><\/p><p class=\"bodytext\"><br><ul><li>Allergen-spezifische Immuntherapie verschiedener Allergene nach Austestung der Einzelallergene. <\/li><li>Achtung: Bitte beachten Sie, dass die ASIT nicht f\u00fcr alle testbaren Allergene verf\u00fcgbar ist (siehe Bestellformular)! <\/li><li>Therapie \u00fcber einen Mindestzeitraum von einem Jahr, bei gutem Erfolg lebenslange Therapie (patientenspezifische L\u00f6sungen). <\/li> <li>Die Herstellung einer ASIT ist auch aufgrund jedes anderen Testergebnisses (z. B. Intrakutantest) m\u00f6glich. <\/li><\/ul><\/p><table class=\"tx-laboklinleistung-table contenttable contenttable-2\" style=\"margin-top: 35px;\"><tr><td class=\"td-0\"><strong>Material<\/strong><\/td><td class=\"td-1\"><p class=\"bodytext\">nicht erforderlich<\/p><\/td><\/tr><tr><td class=\"td-0\"><strong>Dauer<\/strong><\/td><td class=\"td-1\"><p class=\"bodytext\">ca. 3 Wochen<\/p><\/td><\/tr><tr><td class=\"td-0\"><strong>Anmerkung<\/strong><\/td><td class=\"td-1\"><p class=\"bodytext\"><ul><li>Bitte legen Sie Ihrer Bestellung ein <strong>tier\u00e4rztliches Rezept<\/strong> bei! <\/li><li>Die Lieferung erfolgt an die tier\u00e4rztliche Hausapotheke.<\/li><li>Die Folgebehandlung reicht f\u00fcr 41 Wochen. <\/li><li>Maximal 8 Allergene bzw. Allergenmischungen pro Set; bei mehr als 8 Allergenen\/Mischungen werden die Allergene auf Ihren Wunsch auf ein Doppelset (2 Sets) verteilt, wof\u00fcr der zweifache Preis des Einzelsets verrechnet wird.<\/li><\/ul><\/p><\/td><\/tr><\/table>\n","protected":false},"excerpt":{"rendered":"<p>Folgebehandlung ASIT (Hd, Ktz, Pfd)LABOKLIN Leistungs-ID: 6113Allergen-spezifische Immuntherapie verschiedener Allergene nach Austestung der Einzelallergene. Achtung: Bitte beachten Sie, dass die ASIT nicht f\u00fcr alle testbaren Allergene verf\u00fcgbar ist (siehe Bestellformular)! Therapie \u00fcber einen Mindestzeitraum von einem Jahr, bei gutem Erfolg lebenslange Therapie (patientenspezifische L\u00f6sungen). Die Herstellung einer ASIT ist auch aufgrund jedes anderen Testergebnisses (z.&hellip;<\/p>\n","protected":false},"author":1,"featured_media":0,"parent":820000,"menu_order":0,"comment_status":"closed","ping_status":"closed","template":"","meta":{"_seopress_robots_primary_cat":"","_seopress_titles_title":"","_seopress_titles_desc":"","_seopress_robots_index":"","footnotes":""},"class_list":["post-820001","page","type-page","status-publish","hentry","description-off"],"_links":{"self":[{"href":"https:\/\/laboklin.de\/de\/wp-json\/wp\/v2\/pages\/820001","targetHints":{"allow":["GET"]}}],"collection":[{"href":"https:\/\/laboklin.de\/de\/wp-json\/wp\/v2\/pages"}],"about":[{"href":"https:\/\/laboklin.de\/de\/wp-json\/wp\/v2\/types\/page"}],"author":[{"embeddable":true,"href":"https:\/\/laboklin.de\/de\/wp-json\/wp\/v2\/users\/1"}],"replies":[{"embeddable":true,"href":"https:\/\/laboklin.de\/de\/wp-json\/wp\/v2\/comments?post=820001"}],"version-history":[{"count":1,"href":"https:\/\/laboklin.de\/de\/wp-json\/wp\/v2\/pages\/820001\/revisions"}],"predecessor-version":[{"id":1504717,"href":"https:\/\/laboklin.de\/de\/wp-json\/wp\/v2\/pages\/820001\/revisions\/1504717"}],"up":[{"embeddable":true,"href":"https:\/\/laboklin.de\/de\/wp-json\/wp\/v2\/pages\/820000"}],"wp:attachment":[{"href":"https:\/\/laboklin.de\/de\/wp-json\/wp\/v2\/media?parent=820001"}],"curies":[{"name":"wp","href":"https:\/\/api.w.org\/{rel}","templated":true}]}}