{"id":810016,"date":"2020-10-16T11:36:27","date_gmt":"2020-10-16T09:36:27","guid":{"rendered":"https:\/\/laboklin.de\/de\/saisonale-allergene"},"modified":"2025-01-29T13:16:29","modified_gmt":"2025-01-29T12:16:29","slug":"saisonale-allergene","status":"publish","type":"page","link":"https:\/\/laboklin.de\/de\/leistungen\/allergie\/allergiediagnostik\/saisonale-allergene\/","title":{"rendered":"Saisonale Allergene"},"content":{"rendered":"<h3 class=\"csc-firstHeader\">Saisonale Allergene<\/h3><p><span>LABOKLIN Leistungs-ID: 7106<\/span><\/p><p class=\"bodytext\"><br><ul><li>Ausdifferenzierung bzw. Einzelnachweis saisonaler Allergene <\/li><li>Idealer Testzeitpunkt zur Zeit der Exposition (fr\u00fchestens 3-4 Wochen nach Auftreten der Symptomatik)<\/li><\/ul><\/p><table class=\"tx-laboklinleistung-table contenttable contenttable-2\" style=\"margin-top: 35px;\"><tr><td class=\"td-0\"><strong>Material<\/strong><\/td><td class=\"td-1\"><p class=\"bodytext\"><strong>Hund, Katze:<\/strong> Serum 1 ml <br><strong>Pferd:<\/strong> Serum 0,5 ml<\/p><\/td><\/tr><tr><td class=\"td-0\"><strong>Parameter<\/strong><\/td><td class=\"td-1\"><p class=\"bodytext\"><strong>Hund, Katze:<\/strong> <br><u>Pollen:<\/u> 6-Gr\u00e4ser-Mix (Kn\u00e4uelgras, Weidelgras\/Lolch, Wiesenlieschgras, Wiesenschwingel, Wiesenrispengras, Wolliges Honiggras), Roggen, Beifu\u00df, Ragweed, Spitzwegerich, Brennnessel, Sauerampfer, Birke, Hasel, Weide <br><strong>Pferd:<\/strong><br><u>Pollen:<\/u> 6-Gr\u00e4ser-Mix (Kn\u00e4uelgras, Weidelgras\/Lolch, Wiesenlieschgras, Wiesenschwingel, Wiesenrispengras, Wolliges Honiggras); Roggen, Beifu\u00df, Wei\u00dfer G\u00e4nsefu\u00df, Spitzwegerich, Brennnessel, Ampfer, L\u00f6wenzahn, Raps, Ragweed, Hasel, Erle, Pappel, Birke, Buche, Weide<\/p><\/td><\/tr><tr><td class=\"td-0\"><strong>Methode<\/strong><\/td><td class=\"td-1\"><p class=\"bodytext\"><strong>Hund, Katze:<\/strong> Enzym Linked Immunosorbent Assay (ELISA); Fc\u03b5-Rezeptortechnologie <br><strong>Pferd:<\/strong> Enzym Linked Immunosorbent Assay (ELISA)<\/p><\/td><\/tr><tr><td class=\"td-0\"><strong>Dauer<\/strong><\/td><td class=\"td-1\"><p class=\"bodytext\">2 Arbeitstage<\/p><\/td><\/tr><tr><td class=\"td-0\"><strong>Anmerkung<\/strong><\/td><td class=\"td-1\"><p class=\"bodytext\">Die saisonalen Allergene bei Hund und Katze beinhalten auch den CHO-Test und bei Bedarf das Blocken kreuzreagierender Kohlenhydrat-Seitenketten-Antik\u00f6rper (Anti-CCD-IgE).<\/p><\/td><\/tr><\/table>\n","protected":false},"excerpt":{"rendered":"<p>Saisonale AllergeneLABOKLIN Leistungs-ID: 7106Ausdifferenzierung bzw. Einzelnachweis saisonaler Allergene Idealer Testzeitpunkt zur Zeit der Exposition (fr\u00fchestens 3-4 Wochen nach Auftreten der Symptomatik)MaterialHund, Katze: Serum 1 ml Pferd: Serum 0,5 mlParameterHund, Katze: Pollen: 6-Gr\u00e4ser-Mix (Kn\u00e4uelgras, Weidelgras\/Lolch, Wiesenlieschgras, Wiesenschwingel, Wiesenrispengras, Wolliges Honiggras), Roggen, Beifu\u00df, Ragweed, Spitzwegerich, Brennnessel, Sauerampfer, Birke, Hasel, Weide Pferd:Pollen: 6-Gr\u00e4ser-Mix (Kn\u00e4uelgras, Weidelgras\/Lolch, Wiesenlieschgras, Wiesenschwingel, Wiesenrispengras,&hellip;<\/p>\n","protected":false},"author":1,"featured_media":0,"parent":810000,"menu_order":13,"comment_status":"closed","ping_status":"closed","template":"","meta":{"_seopress_robots_primary_cat":"","_seopress_titles_title":"","_seopress_titles_desc":"","_seopress_robots_index":"","footnotes":""},"class_list":["post-810016","page","type-page","status-publish","hentry","description-off"],"_links":{"self":[{"href":"https:\/\/laboklin.de\/de\/wp-json\/wp\/v2\/pages\/810016","targetHints":{"allow":["GET"]}}],"collection":[{"href":"https:\/\/laboklin.de\/de\/wp-json\/wp\/v2\/pages"}],"about":[{"href":"https:\/\/laboklin.de\/de\/wp-json\/wp\/v2\/types\/page"}],"author":[{"embeddable":true,"href":"https:\/\/laboklin.de\/de\/wp-json\/wp\/v2\/users\/1"}],"replies":[{"embeddable":true,"href":"https:\/\/laboklin.de\/de\/wp-json\/wp\/v2\/comments?post=810016"}],"version-history":[{"count":1,"href":"https:\/\/laboklin.de\/de\/wp-json\/wp\/v2\/pages\/810016\/revisions"}],"predecessor-version":[{"id":1504713,"href":"https:\/\/laboklin.de\/de\/wp-json\/wp\/v2\/pages\/810016\/revisions\/1504713"}],"up":[{"embeddable":true,"href":"https:\/\/laboklin.de\/de\/wp-json\/wp\/v2\/pages\/810000"}],"wp:attachment":[{"href":"https:\/\/laboklin.de\/de\/wp-json\/wp\/v2\/media?parent=810016"}],"curies":[{"name":"wp","href":"https:\/\/api.w.org\/{rel}","templated":true}]}}