{"id":810007,"date":"2020-10-16T11:36:27","date_gmt":"2020-10-16T09:36:27","guid":{"rendered":"https:\/\/laboklin.de\/de\/futtermittel-pferd"},"modified":"2025-01-29T13:05:05","modified_gmt":"2025-01-29T12:05:05","slug":"futtermittel-pferd","status":"publish","type":"page","link":"https:\/\/laboklin.de\/de\/leistungen\/allergie\/allergiediagnostik\/futtermittel-pferd\/","title":{"rendered":"Futtermittel (Pferd)"},"content":{"rendered":"<h3 class=\"csc-firstHeader\">Futtermittel (Pferd)<\/h3><p><span>LABOKLIN Leistungs-ID: 6108<\/span><\/p><p class=\"bodytext\"><br><ul><li>Bestimmung von IgE- und IgG-Antik\u00f6rper gegen 8 Einzelallergene <\/li><li>Grundlage f\u00fcr eine gezielte Auswahl geeigneter di\u00e4tetischer Komponenten zur Durchf\u00fchrung einer Eliminationsdi\u00e4t.<\/li><\/ul><\/p><table class=\"tx-laboklinleistung-table contenttable contenttable-2\" style=\"margin-top: 35px;\"><tr><td class=\"td-0\"><strong>Material<\/strong><\/td><td class=\"td-1\"><p class=\"bodytext\">Serum 1 ml<\/p><\/td><\/tr><tr><td class=\"td-0\"><strong>Parameter<\/strong><\/td><td class=\"td-1\"><p class=\"bodytext\">Soja, Melasse, Hafer, Mais, Gerste, Weizen, Hefe, Luzerne<\/p><\/td><\/tr><tr><td class=\"td-0\"><strong>Methode<\/strong><\/td><td class=\"td-1\"><p class=\"bodytext\">Enzym Linked Immunosorbent Assay (ELISA)<\/p><\/td><\/tr><tr><td class=\"td-0\"><strong>Tierart(en)<\/strong><\/td><td class=\"td-1\"><p class=\"bodytext\">Pferd<\/p><\/td><\/tr><tr><td class=\"td-0\"><strong>Dauer<\/strong><\/td><td class=\"td-1\"><p class=\"bodytext\">1-6 Arbeitstage<\/p><\/td><\/tr><\/table>\n","protected":false},"excerpt":{"rendered":"<p>Futtermittel (Pferd)LABOKLIN Leistungs-ID: 6108Bestimmung von IgE- und IgG-Antik\u00f6rper gegen 8 Einzelallergene Grundlage f\u00fcr eine gezielte Auswahl geeigneter di\u00e4tetischer Komponenten zur Durchf\u00fchrung einer Eliminationsdi\u00e4t.MaterialSerum 1 mlParameterSoja, Melasse, Hafer, Mais, Gerste, Weizen, Hefe, LuzerneMethodeEnzym Linked Immunosorbent Assay (ELISA)Tierart(en)PferdDauer1-6 Arbeitstage<\/p>\n","protected":false},"author":1,"featured_media":0,"parent":810000,"menu_order":8,"comment_status":"closed","ping_status":"closed","template":"","meta":{"_seopress_robots_primary_cat":"","_seopress_titles_title":"","_seopress_titles_desc":"","_seopress_robots_index":"","footnotes":""},"class_list":["post-810007","page","type-page","status-publish","hentry","description-off"],"_links":{"self":[{"href":"https:\/\/laboklin.de\/de\/wp-json\/wp\/v2\/pages\/810007","targetHints":{"allow":["GET"]}}],"collection":[{"href":"https:\/\/laboklin.de\/de\/wp-json\/wp\/v2\/pages"}],"about":[{"href":"https:\/\/laboklin.de\/de\/wp-json\/wp\/v2\/types\/page"}],"author":[{"embeddable":true,"href":"https:\/\/laboklin.de\/de\/wp-json\/wp\/v2\/users\/1"}],"replies":[{"embeddable":true,"href":"https:\/\/laboklin.de\/de\/wp-json\/wp\/v2\/comments?post=810007"}],"version-history":[{"count":1,"href":"https:\/\/laboklin.de\/de\/wp-json\/wp\/v2\/pages\/810007\/revisions"}],"predecessor-version":[{"id":1504679,"href":"https:\/\/laboklin.de\/de\/wp-json\/wp\/v2\/pages\/810007\/revisions\/1504679"}],"up":[{"embeddable":true,"href":"https:\/\/laboklin.de\/de\/wp-json\/wp\/v2\/pages\/810000"}],"wp:attachment":[{"href":"https:\/\/laboklin.de\/de\/wp-json\/wp\/v2\/media?parent=810007"}],"curies":[{"name":"wp","href":"https:\/\/api.w.org\/{rel}","templated":true}]}}