{"id":810004,"date":"2020-10-16T11:36:27","date_gmt":"2020-10-16T09:36:27","guid":{"rendered":"https:\/\/laboklin.de\/de\/mediterranes-panel"},"modified":"2025-01-29T13:14:05","modified_gmt":"2025-01-29T12:14:05","slug":"mediterranes-panel","status":"publish","type":"page","link":"https:\/\/laboklin.de\/de\/leistungen\/allergie\/allergiediagnostik\/mediterranes-panel\/","title":{"rendered":"Mediterranes Panel"},"content":{"rendered":"<h3 class=\"csc-firstHeader\">Mediterranes Panel<\/h3><p><span>LABOKLIN Leistungs-ID: 7122<\/span><\/p><p class=\"bodytext\"><br><ul><li>Einzelallergennachweis mediterraner ganzj\u00e4hriger und saisonaler Allergene bei Hund und Katze. <\/li><li>Idealer Testzeitpunkt zur Zeit der Exposition (fr\u00fchestens 3-4 Wochen nach Auftreten der Symptomatik).<\/li><\/ul><\/p><table class=\"tx-laboklinleistung-table contenttable contenttable-2\" style=\"margin-top: 35px;\"><tr><td class=\"td-0\"><strong>Material<\/strong><\/td><td class=\"td-1\"><p class=\"bodytext\">Serum 2 ml<\/p><\/td><\/tr><tr><td class=\"td-0\"><strong>Parameter<\/strong><\/td><td class=\"td-1\"><p class=\"bodytext\"><u>Ganzj\u00e4hrige Allergene<\/u>   <br>Milben: Dermatophagoides farinae, Dermatophagoides pteronyssinus, Acarus siro, Tyrophagus putrescentiae   <br>Schimmelpilzsporen: Alternaria alternata, Aspergillus fumigatus, Penicillium notatum   <br><u>Saisonale Allergene<\/u><br>   Wiesenlieschgras, Weidelgras\/Lolch, Hundszahngras, Krauser Ampfer, Spitzwegerich, Beifu\u00df, Wei\u00dfer G\u00e4nsefu\u00df, Glaskraut, L\u00f6wenzahn, Brennnessel, Ragweed, Olive, Zypresse, Pinie, Platane, Liguster, Birke<\/p><\/td><\/tr><tr><td class=\"td-0\"><strong>Methode<\/strong><\/td><td class=\"td-1\"><p class=\"bodytext\">Enzym Linked Immunosorbent Assay (ELISA); Fc\u03b5-Rezeptortechnologie<\/p><\/td><\/tr><tr><td class=\"td-0\"><strong>Dauer<\/strong><\/td><td class=\"td-1\"><p class=\"bodytext\">1-6 Arbeitstage<\/p><\/td><\/tr><tr><td class=\"td-0\"><strong>Anmerkung<\/strong><\/td><td class=\"td-1\"><p class=\"bodytext\">Die Leistung beinhaltet auch den CHO-Test und bei Bedarf das Blocken kreuzreagierender Kohlenhydrat-Seitenketten-Antik\u00f6rper\n(Anti-CCD-IgE).<\/p><\/td><\/tr><\/table>\n","protected":false},"excerpt":{"rendered":"<p>Mediterranes PanelLABOKLIN Leistungs-ID: 7122Einzelallergennachweis mediterraner ganzj\u00e4hriger und saisonaler Allergene bei Hund und Katze. Idealer Testzeitpunkt zur Zeit der Exposition (fr\u00fchestens 3-4 Wochen nach Auftreten der Symptomatik).MaterialSerum 2 mlParameterGanzj\u00e4hrige Allergene Milben: Dermatophagoides farinae, Dermatophagoides pteronyssinus, Acarus siro, Tyrophagus putrescentiae Schimmelpilzsporen: Alternaria alternata, Aspergillus fumigatus, Penicillium notatum Saisonale Allergene Wiesenlieschgras, Weidelgras\/Lolch, Hundszahngras, Krauser Ampfer, Spitzwegerich, Beifu\u00df, Wei\u00dfer&hellip;<\/p>\n","protected":false},"author":1,"featured_media":0,"parent":810000,"menu_order":18,"comment_status":"closed","ping_status":"closed","template":"","meta":{"_seopress_robots_primary_cat":"","_seopress_titles_title":"","_seopress_titles_desc":"","_seopress_robots_index":"","footnotes":""},"class_list":["post-810004","page","type-page","status-publish","hentry","description-off"],"_links":{"self":[{"href":"https:\/\/laboklin.de\/de\/wp-json\/wp\/v2\/pages\/810004","targetHints":{"allow":["GET"]}}],"collection":[{"href":"https:\/\/laboklin.de\/de\/wp-json\/wp\/v2\/pages"}],"about":[{"href":"https:\/\/laboklin.de\/de\/wp-json\/wp\/v2\/types\/page"}],"author":[{"embeddable":true,"href":"https:\/\/laboklin.de\/de\/wp-json\/wp\/v2\/users\/1"}],"replies":[{"embeddable":true,"href":"https:\/\/laboklin.de\/de\/wp-json\/wp\/v2\/comments?post=810004"}],"version-history":[{"count":1,"href":"https:\/\/laboklin.de\/de\/wp-json\/wp\/v2\/pages\/810004\/revisions"}],"predecessor-version":[{"id":1504710,"href":"https:\/\/laboklin.de\/de\/wp-json\/wp\/v2\/pages\/810004\/revisions\/1504710"}],"up":[{"embeddable":true,"href":"https:\/\/laboklin.de\/de\/wp-json\/wp\/v2\/pages\/810000"}],"wp:attachment":[{"href":"https:\/\/laboklin.de\/de\/wp-json\/wp\/v2\/media?parent=810004"}],"curies":[{"name":"wp","href":"https:\/\/api.w.org\/{rel}","templated":true}]}}