{"id":810001,"date":"2020-10-16T11:36:27","date_gmt":"2020-10-16T09:36:27","guid":{"rendered":"https:\/\/laboklin.de\/de\/allergievortest"},"modified":"2026-02-25T10:45:42","modified_gmt":"2026-02-25T09:45:42","slug":"allergievortest","status":"publish","type":"page","link":"https:\/\/laboklin.de\/de\/leistungen\/allergie\/allergiediagnostik\/allergievortest\/","title":{"rendered":"Allergie-Vortest"},"content":{"rendered":"<h3 class=\"csc-firstHeader\">Allergie-Vortest <\/h3><p><span>LABOKLIN Leistungs-ID: 7105<\/span><\/p><p class=\"bodytext\"><br><ul><li>Kosteng\u00fcnstiger Screeningtest zur Fragestellung, f\u00fcr welche Allergengruppe der Haupttest durchgef\u00fchrt werden soll bzw. ob nach Kortison-Gaben schon wieder getestet werden kann. <\/li><li>Idealer Testzeitpunkt zur Zeit der Exposition (fr\u00fchestens 3-4 Wochen nach Auftreten der Symptomatik). <\/li><\/ul><\/p><table class=\"tx-laboklinleistung-table contenttable contenttable-2\" style=\"margin-top: 35px;\"><tr><td class=\"td-0\"><strong>Material<\/strong><\/td><td class=\"td-1\"><p class=\"bodytext\"><strong>Hund, Katze: <\/strong> Serum 2 ml <br> <strong>Pferd: <\/strong>Serum 1,5 ml<\/p><\/td><\/tr><tr><td class=\"td-0\"><strong>Parameter<\/strong><\/td><td class=\"td-1\"><p class=\"bodytext\"><strong>Hund, Katze:<\/strong> Gruppen Pollen (Gr\u00e4ser-, Kr\u00e4uter-, Baumpollen), Milben (Hausstaub-, Vorratsmilben), Schimmelpilzsporen und Flohspeichel <br><strong>Pferd:<\/strong> Gruppen Pollen (Gr\u00e4ser-, Kr\u00e4uter-, Baumpollen), Milben (Hausstaub-, Vorratsmilben), Schimmelpilzsporen und Insekten<\/p><\/td><\/tr><tr><td class=\"td-0\"><strong>Methode<\/strong><\/td><td class=\"td-1\"><p class=\"bodytext\"><strong>Hund, Katze:<\/strong> Enzym Linked Immunosorbent Assay (ELISA); Fc\u03b5-Rezeptortechnologie <br \/><strong>Pferd:<\/strong> Enzym Linked Immunosorbent Assay (ELISA) <\/p><\/td><\/tr><tr><td class=\"td-0\"><strong>Dauer<\/strong><\/td><td class=\"td-1\"><p class=\"bodytext\">2 Arbeitstage<\/p><\/td><\/tr><tr><td class=\"td-0\"><strong>Anmerkung<\/strong><\/td><td class=\"td-1\"><p class=\"bodytext\">Wir lagern alle Proben 14 Tage, sodass in diesem Zeitrahmen aus einer f\u00fcr einen Vortest zugesandten Probe bei positivem Testergebnis jederzeit weitere Tests nachgefordert werden k\u00f6nnen.<\/p><\/td><\/tr><\/table>\n","protected":false},"excerpt":{"rendered":"<p>Allergie-Vortest LABOKLIN Leistungs-ID: 7105Kosteng\u00fcnstiger Screeningtest zur Fragestellung, f\u00fcr welche Allergengruppe der Haupttest durchgef\u00fchrt werden soll bzw. ob nach Kortison-Gaben schon wieder getestet werden kann. Idealer Testzeitpunkt zur Zeit der Exposition (fr\u00fchestens 3-4 Wochen nach Auftreten der Symptomatik). MaterialHund, Katze: Serum 2 ml Pferd: Serum 1,5 mlParameterHund, Katze: Gruppen Pollen (Gr\u00e4ser-, Kr\u00e4uter-, Baumpollen), Milben (Hausstaub-, Vorratsmilben),&hellip;<\/p>\n","protected":false},"author":1,"featured_media":0,"parent":810000,"menu_order":10,"comment_status":"closed","ping_status":"closed","template":"","meta":{"_seopress_robots_primary_cat":"","_seopress_titles_title":"","_seopress_titles_desc":"","_seopress_robots_index":"","footnotes":""},"class_list":["post-810001","page","type-page","status-publish","hentry","description-off"],"_links":{"self":[{"href":"https:\/\/laboklin.de\/de\/wp-json\/wp\/v2\/pages\/810001","targetHints":{"allow":["GET"]}}],"collection":[{"href":"https:\/\/laboklin.de\/de\/wp-json\/wp\/v2\/pages"}],"about":[{"href":"https:\/\/laboklin.de\/de\/wp-json\/wp\/v2\/types\/page"}],"author":[{"embeddable":true,"href":"https:\/\/laboklin.de\/de\/wp-json\/wp\/v2\/users\/1"}],"replies":[{"embeddable":true,"href":"https:\/\/laboklin.de\/de\/wp-json\/wp\/v2\/comments?post=810001"}],"version-history":[{"count":2,"href":"https:\/\/laboklin.de\/de\/wp-json\/wp\/v2\/pages\/810001\/revisions"}],"predecessor-version":[{"id":1593115,"href":"https:\/\/laboklin.de\/de\/wp-json\/wp\/v2\/pages\/810001\/revisions\/1593115"}],"up":[{"embeddable":true,"href":"https:\/\/laboklin.de\/de\/wp-json\/wp\/v2\/pages\/810000"}],"wp:attachment":[{"href":"https:\/\/laboklin.de\/de\/wp-json\/wp\/v2\/media?parent=810001"}],"curies":[{"name":"wp","href":"https:\/\/api.w.org\/{rel}","templated":true}]}}