{"id":800000,"date":"2020-10-16T11:36:27","date_gmt":"2020-10-16T09:36:27","guid":{"rendered":"https:\/\/laboklin.de\/de\/allergie"},"modified":"2025-11-25T11:48:34","modified_gmt":"2025-11-25T10:48:34","slug":"allergie","status":"publish","type":"page","link":"https:\/\/laboklin.de\/de\/leistungen\/allergie\/","title":{"rendered":"Allergie"},"content":{"rendered":"<div class=\"wpb-content-wrapper\"><p>[vc_row][vc_column][vc_column_text]Wir vereinen f\u00fcr Sie als Tier\u00e4rztin oder Tierarzt hochwertige Allergietests, die fachliche Beratung im Umfeld des dermatologischen Patienten und das Therapieangebot der Allergen-spezifischen Immuntherapie (ASIT) unter einem Dach. Die Bestimmung der allergieausl\u00f6senden Allergene bei der Atopie erfolgt mittels Fc\u03b5-Rezeptortechnologie.<\/p>\n<p>Zum einen bieten wir eine Stufendiagnostik bestehend aus Allergievortest und der gezielten Ausdifferenzierung von Einzelallergenen in Gruppen wie Pollen, Insekten, Hymenoptera, Allergene des h\u00e4uslichen Umfelds. Zum anderen haben wir Pakete zusammengestellt, die eine schnelle und umfassende Diagnostik m\u00f6glich machen wie Juckreizprofile f\u00fcr Hund und Katze oder respiratorisches Profil und Hautprofil f\u00fcr das Pferd. Zum Management der Futtermittelunvertr\u00e4glichkeit bieten wir Futtermitteltests mit einer Vielzahl an Futterbestandteilen f\u00fcr Hund, Katze und Pferd als Grundlage f\u00fcr die Auswahl einer Di\u00e4t definierter Zusammensetzung.<\/p>\n<p>Bitte schauen Sie auch unter den <strong><a href=\"\/de\/fachinformationen\/allergie-dermatologie\/\">Fachinformationen in die Rubrik Allergie\/Dermatologie<\/a> sowie <\/strong><a href=\"\/de\/faq-allergie-allgemein\/\"><strong>in die FAQ<\/strong><\/a> Hier finden Sie umfangreiche Informationen zur Allergie und zu speziellen Aspekten der Diagnostik und Therapie.[\/vc_column_text][\/vc_column][\/vc_row][vc_row type=&#8220;vc_default&#8220; disable_element=&#8220;yes&#8220;][vc_column][vc_column_text css=&#8220;.vc_custom_1603369402668{margin-left: 20px !important;padding-top: 30px !important;padding-right: 30px !important;padding-bottom: 30px !important;padding-left: 30px !important;}&#8220;]<div class=\"vc_tta-panels-container\"><div class=\"vc_tta-panels\"><li class=\"menu-item sub-page\"><a href=\"https:\/\/laboklin.de\/de\/leistungen\/allergie\/allergiediagnostik\/\">Allergiediagnostik<\/a><\/li><li class=\"menu-item sub-page\"><a href=\"https:\/\/laboklin.de\/de\/leistungen\/allergie\/allergen-spezifische-immuntherapie-asit\/\">Allergen-spezifische Immuntherapie (ASIT)<\/a><\/li><\/div><\/div>[\/vc_column_text][\/vc_column][\/vc_row]<\/p>\n<\/div>","protected":false},"excerpt":{"rendered":"<p>Hochwertige Allergietests, Beratung und Therapie f\u00fcr Hunde, Katzen und Pferde. Schnelle Diagnostik mit Juckreiz- und Futtermittelprofilen bei Allergien.<\/p>\n","protected":false},"author":1,"featured_media":0,"parent":100000,"menu_order":3,"comment_status":"closed","ping_status":"closed","template":"","meta":{"_seopress_robots_primary_cat":"","_seopress_titles_title":"Allergie beim Tier \u2013 Diagnostik und Therapie mit Laboklin","_seopress_titles_desc":"Verdacht auf Allergie bei Hund, Katze, Pferd \u2013 w\u00e4hlen Sie zwischen einer Ausdifferenzierung von Allergenen, Juckreizprofilen oder Futtermitteltests","_seopress_robots_index":"","footnotes":""},"class_list":["post-800000","page","type-page","status-publish","hentry","description-off"],"_links":{"self":[{"href":"https:\/\/laboklin.de\/de\/wp-json\/wp\/v2\/pages\/800000","targetHints":{"allow":["GET"]}}],"collection":[{"href":"https:\/\/laboklin.de\/de\/wp-json\/wp\/v2\/pages"}],"about":[{"href":"https:\/\/laboklin.de\/de\/wp-json\/wp\/v2\/types\/page"}],"author":[{"embeddable":true,"href":"https:\/\/laboklin.de\/de\/wp-json\/wp\/v2\/users\/1"}],"replies":[{"embeddable":true,"href":"https:\/\/laboklin.de\/de\/wp-json\/wp\/v2\/comments?post=800000"}],"version-history":[{"count":16,"href":"https:\/\/laboklin.de\/de\/wp-json\/wp\/v2\/pages\/800000\/revisions"}],"predecessor-version":[{"id":1574799,"href":"https:\/\/laboklin.de\/de\/wp-json\/wp\/v2\/pages\/800000\/revisions\/1574799"}],"up":[{"embeddable":true,"href":"https:\/\/laboklin.de\/de\/wp-json\/wp\/v2\/pages\/100000"}],"wp:attachment":[{"href":"https:\/\/laboklin.de\/de\/wp-json\/wp\/v2\/media?parent=800000"}],"curies":[{"name":"wp","href":"https:\/\/api.w.org\/{rel}","templated":true}]}}