{"id":710000,"date":"2020-10-16T11:36:27","date_gmt":"2020-10-16T09:36:27","guid":{"rendered":"https:\/\/laboklin.de\/de\/vitamine"},"modified":"2025-03-11T10:44:05","modified_gmt":"2025-03-11T09:44:05","slug":"vitamine","status":"publish","type":"page","link":"https:\/\/laboklin.de\/de\/leistungen\/vitamine-medikamentenspiegel-vergiftungen\/vitamine\/","title":{"rendered":"Vitamine"},"content":{"rendered":"<div class=\"wpb-content-wrapper\"><p>[vc_row][vc_column][vc_column_text]<h3>Leistungsspektrum<\/h3><div class=\"vc_tta-panels-container\"><div class=\"vc_tta-panels\"><li class=\"menu-item sub-page\"><a href=\"https:\/\/laboklin.de\/de\/leistungen\/vitamine-medikamentenspiegel-vergiftungen\/vitamine\/folsaeure\/\">Fols\u00e4ure<\/a><\/li><li class=\"menu-item sub-page\"><a href=\"https:\/\/laboklin.de\/de\/leistungen\/vitamine-medikamentenspiegel-vergiftungen\/vitamine\/vitamin-a\/\">Vitamin A<\/a><\/li><li class=\"menu-item sub-page\"><a href=\"https:\/\/laboklin.de\/de\/leistungen\/vitamine-medikamentenspiegel-vergiftungen\/vitamine\/vitamin-b1\/\">Vitamin B1<\/a><\/li><li class=\"menu-item sub-page\"><a href=\"https:\/\/laboklin.de\/de\/leistungen\/vitamine-medikamentenspiegel-vergiftungen\/vitamine\/vitamin-b12\/\">Vitamin B12<\/a><\/li><li class=\"menu-item sub-page\"><a href=\"https:\/\/laboklin.de\/de\/leistungen\/vitamine-medikamentenspiegel-vergiftungen\/vitamine\/vitamin-b2\/\">Vitamin B2<\/a><\/li><li class=\"menu-item sub-page\"><a href=\"https:\/\/laboklin.de\/de\/leistungen\/vitamine-medikamentenspiegel-vergiftungen\/vitamine\/vitamin-b6\/\">Vitamin B6<\/a><\/li><li class=\"menu-item sub-page\"><a href=\"https:\/\/laboklin.de\/de\/leistungen\/vitamine-medikamentenspiegel-vergiftungen\/vitamine\/vitamin-d-125-oh2\/\">Vitamin D (1,25 OH<sub>2<\/sub>)<\/a><\/li><li class=\"menu-item sub-page\"><a href=\"https:\/\/laboklin.de\/de\/leistungen\/vitamine-medikamentenspiegel-vergiftungen\/vitamine\/vitamin-d-25-oh\/\">Vitamin D (25-OH)<\/a><\/li><li class=\"menu-item sub-page\"><a href=\"https:\/\/laboklin.de\/de\/leistungen\/vitamine-medikamentenspiegel-vergiftungen\/vitamine\/vitamin-d2-d3-25-oh\/\">Vitamin D2\/D3 (25-OH) <\/a><\/li><li class=\"menu-item sub-page\"><a href=\"https:\/\/laboklin.de\/de\/leistungen\/vitamine-medikamentenspiegel-vergiftungen\/vitamine\/vitamin-e\/\">Vitamin E<\/a><\/li><li class=\"menu-item sub-page\"><a href=\"https:\/\/laboklin.de\/de\/leistungen\/vitamine-medikamentenspiegel-vergiftungen\/vitamine\/vitamin-h-biotin\/\">Vitamin H (Biotin)<\/a><\/li><li class=\"menu-item sub-page\"><a href=\"https:\/\/laboklin.de\/de\/leistungen\/vitamine-medikamentenspiegel-vergiftungen\/vitamine\/vitaminprofil-gross\/\">Vitaminprofil gro\u00df<\/a><\/li><li class=\"menu-item sub-page\"><a href=\"https:\/\/laboklin.de\/de\/leistungen\/vitamine-medikamentenspiegel-vergiftungen\/vitamine\/vitaminprofil-klein\/\">Vitaminprofil  klein<\/a><\/li><li class=\"menu-item sub-page\"><a href=\"https:\/\/laboklin.de\/de\/leistungen\/vitamine-medikamentenspiegel-vergiftungen\/vitamine\/vitaminprofil-voegel-reptilien\/\">Vitaminprofil V\u00f6gel\/Reptilien<\/a><\/li><li class=\"menu-item sub-page\"><a href=\"https:\/\/laboklin.de\/de\/leistungen\/vitamine-medikamentenspiegel-vergiftungen\/vitamine\/ss-carotin\/\">\u03b2-Carotin<\/a><\/li><\/div><\/div>\n<div class=\"gap\" style=\"line-height: 20px; height: 20px;\"><\/div>\n<p>*Partnerlabor[\/vc_column_text][\/vc_column][\/vc_row][vc_row][vc_column][vc_column_text css=&#8220;.vc_custom_1741686198891{margin-top: 20px !important;}&#8220;]<\/p>\n<h3>Vitamine<\/h3>\n<p>Vitamine sind essentielle Stoffe, die der Organismus f\u00fcr eine Vielzahl von lebensnotwendigen Funktionen ben\u00f6tigt. Sie k\u00f6nnen nicht vom K\u00f6rper hergestellt werden, sondern sie m\u00fcssen mit der Nahrung aufgenommen werden. Die Bestimmung von Vitaminen wird zur Beurteilung des Ern\u00e4hrungsstatus, des F\u00fctterungsmanagements und bei bestimmten Krankheitsbildern herangezogen.[\/vc_column_text][\/vc_column][\/vc_row]<\/p>\n<\/div>","protected":false},"excerpt":{"rendered":"<p>[vc_row][vc_column][vc_column_text] *Partnerlabor[\/vc_column_text][\/vc_column][\/vc_row][vc_row][vc_column][vc_column_text css=&#8220;.vc_custom_1741686198891{margin-top: 20px !important;}&#8220;] Vitamine Vitamine sind essentielle Stoffe, die der Organismus f\u00fcr eine Vielzahl von lebensnotwendigen Funktionen ben\u00f6tigt. Sie k\u00f6nnen nicht vom K\u00f6rper hergestellt werden, sondern sie m\u00fcssen mit der Nahrung aufgenommen werden. Die Bestimmung von Vitaminen wird zur Beurteilung des Ern\u00e4hrungsstatus, des F\u00fctterungsmanagements und bei bestimmten Krankheitsbildern herangezogen.[\/vc_column_text][\/vc_column][\/vc_row]<\/p>\n","protected":false},"author":1,"featured_media":0,"parent":700000,"menu_order":0,"comment_status":"closed","ping_status":"closed","template":"","meta":{"_seopress_robots_primary_cat":"","_seopress_titles_title":"Bestimmung von Vitaminen und Vitaminprofilen im Blut","_seopress_titles_desc":"\u00dcberpr\u00fcfen Sie die Vitaminversorgung Ihrer Patienten \u2013 Bei uns finden Sie zahlreiche Untersuchungen zum Nachweis von Vitaminen im Blut von Haustieren","_seopress_robots_index":"","footnotes":""},"class_list":["post-710000","page","type-page","status-publish","hentry","description-off"],"_links":{"self":[{"href":"https:\/\/laboklin.de\/de\/wp-json\/wp\/v2\/pages\/710000","targetHints":{"allow":["GET"]}}],"collection":[{"href":"https:\/\/laboklin.de\/de\/wp-json\/wp\/v2\/pages"}],"about":[{"href":"https:\/\/laboklin.de\/de\/wp-json\/wp\/v2\/types\/page"}],"author":[{"embeddable":true,"href":"https:\/\/laboklin.de\/de\/wp-json\/wp\/v2\/users\/1"}],"replies":[{"embeddable":true,"href":"https:\/\/laboklin.de\/de\/wp-json\/wp\/v2\/comments?post=710000"}],"version-history":[{"count":3,"href":"https:\/\/laboklin.de\/de\/wp-json\/wp\/v2\/pages\/710000\/revisions"}],"predecessor-version":[{"id":1513602,"href":"https:\/\/laboklin.de\/de\/wp-json\/wp\/v2\/pages\/710000\/revisions\/1513602"}],"up":[{"embeddable":true,"href":"https:\/\/laboklin.de\/de\/wp-json\/wp\/v2\/pages\/700000"}],"wp:attachment":[{"href":"https:\/\/laboklin.de\/de\/wp-json\/wp\/v2\/media?parent=710000"}],"curies":[{"name":"wp","href":"https:\/\/api.w.org\/{rel}","templated":true}]}}