{"id":660001,"date":"2020-10-16T11:36:27","date_gmt":"2020-10-16T09:36:27","guid":{"rendered":"https:\/\/laboklin.de\/de\/acth-stimulationstest"},"modified":"2025-01-29T11:04:48","modified_gmt":"2025-01-29T10:04:48","slug":"acth-stimulationstest","status":"publish","type":"page","link":"https:\/\/laboklin.de\/de\/leistungen\/haematologie-klin-chemie-endokrinologie\/funktionstests-berechnungsformeln\/acth-stimulationstest\/","title":{"rendered":"ACTH-Stimulationstest"},"content":{"rendered":"<h3 class=\"csc-firstHeader\">ACTH-Stimulationstest<\/h3><p><span>LABOKLIN Leistungs-ID: 141<\/span><\/p><p class=\"bodytext\"><br><\/p><table class=\"tx-laboklinleistung-table contenttable contenttable-2\" style=\"margin-top: 35px;\"><tr><td class=\"td-0\"><strong>Diagnose<\/strong><\/td><td class=\"td-1\"><p class=\"bodytext\"><ul><li>Diagnostik Hypoadrenokortizismus (M. Addison)<\/li><li>Abkl\u00e4rung von iatrogenem Cushing-Syndrom <\/li><li> Verdacht auf Cushing-Syndrom<\/li><li>Pferd: Abkl\u00e4rung eines Hypoadrenokortizismus (M. Addison)<\/li><\/ul><\/p><\/td><\/tr><tr><td class=\"td-0\"><strong>Material<\/strong><\/td><td class=\"td-1\"><p class=\"bodytext\">Serum 2 x 0,5 ml (siehe auch Anmerkung)<\/p><\/td><\/tr><tr><td class=\"td-0\"><strong>Testdurchf&uuml;hrung<\/strong><\/td><td class=\"td-1\"><p><ul><li> erste Blutentnahme = Basalwert<\/li><li><strong>Hund:<\/strong> Injektion von 5 \u03bcg ACTH\/kg als Cosacthen\u00ae i.v.\/(i.m.)<\/li><li><strong>Katze: <\/strong>Injektion von 5 \u03bcg\/kg Cosacthen\u00ae i.v.\/(i.m.)<\/li><li> zweite Blutentnahme (= Stimulationswert) bei Hund und Katze: 1 Std. nach ACTH-Injektion <\/li> <li><strong>Meerschweinchen: <\/strong>Basalcortisol, 2 I.E. ACTH\/kg, i.v.\/i.m.;  2. Probenentnahme nach 4 Stdn.<\/li><li><strong>Pferd: <\/strong>Injektion von 100 I.E. ACTH i.v. nur Hypoadrenokortizismus<\/li> <li> zweite Blutentnahme 2 Stdn. nach ACTH-Gabe = Stimulationswert beim Pferd<\/li> <\/ul><\/p><\/td><\/tr><tr><td class=\"td-0\"><strong>Parameter<\/strong><\/td><td class=\"td-1\"><p class=\"bodytext\">Cortisol<\/p><\/td><\/tr><tr><td class=\"td-0\"><strong>Methode<\/strong><\/td><td class=\"td-1\"><p class=\"bodytext\">Chemoluminiszenzassay (CLIA)<\/p><\/td><\/tr><tr><td class=\"td-0\"><strong>Tierart(en)<\/strong><\/td><td class=\"td-1\"><p class=\"bodytext\">Hund, Katze, Pferd, Meerschweinchen, weitere auf Anfrage <\/p><\/td><\/tr><tr><td class=\"td-0\"><strong>Dauer<\/strong><\/td><td class=\"td-1\"><p class=\"bodytext\">Befund\u00fcbermittlung am Tag des Probeneingangs (Mo.-Sa.)<\/p><\/td><\/tr><tr><td class=\"td-0\"><strong>Bewertung<\/strong><\/td><td class=\"td-1\"><p><ul><li>Zur Beurteilung der Cortisol-Konzentration sollte eine vorangegangene Glukokortikoid Behandlung ausgeschlossen werden (au\u00dfer bei Abkl\u00e4rung von iatrogenem Cushing-Syndrom).<\/li><li>Fragestellung Diagnose Hypoadrenokortizismus (M. Addison): In der Regel liegen bei <strong>Hunden<\/strong> mit Hypoadrenokortizismus die Konzentrationen im unteren Referenzintervall oder darunter. Eine Stimulation f\u00fchrt im typischen Fall zu keinem oder nur geringf\u00fcgigen Anstieg des Cortisolspiegels. Die Aufnahme von Steroiden kann \u00e4hnliche Resultate ergeben. <\/li><li>Fragestellung Diagnose Cushing-Syndrom: Bei passender Klinik und erh\u00f6hten Stimulationswerten kann ein Cushing-Syndrom in Betracht gezogen werden. Beim <strong>Hund<\/strong> gilt der ACTH-Stimulationstest als spezifischer, aber weniger sensitiv als der Low-Dose-Dexamethason-Suppressionstest zur Diagnostik eines Cushing-Syndroms. Insbesondere bei durch einen adrenalen Tumor ausgelostem Cushing-Syndrom sind falsch negative Ergebnisse h\u00e4ufig. <\/li> <li>Andere Grunderkrankungen (z. B. Diabetes mellitus) k\u00f6nnen ebenfalls zu erh\u00f6hten Stimulationswerten f\u00fchren.<\/li> <li>Fragestellung Therapiekontrolle Cushing-Syndrom: Bei einer Therapie mit Trilostan (Vetoryl\u00ae) wird ein Stimulationswert zwischen 20 ng\/ml und 50 ng\/ml angestrebt. Zur Beurteilung dieser Therapie steht auch die \u201eTherapiekontrolle Trilostan\u201c (siehe Rubrik Endokrinologie) zur Verf\u00fcgung. <\/li> <li><strong>Pferd:<\/strong> Bei gesunden Tieren steigt der Cortisolwert um ca. 80 % an; Pferde mit einem Hypoadrenokortizismus (M. Addison) haben sehr niedrige Basalwerte, die nach Stimulation nicht oder nur gering ansteigen.<\/li><li><strong>Meerschweinchen:<\/strong> Zur Therapiekontrolle des Cushing-Syndroms; bei der Diagnosestellung keine Unterscheidung zwischen hypophys\u00e4rem und adrenalem Cushing-Syndrom m\u00f6glich; Referenzwerte sind nicht vorhanden.<\/li><\/ul><\/p><\/td><\/tr><tr><td class=\"td-0\"><strong>Anmerkung<\/strong><\/td><td class=\"td-1\"><p class=\"bodytext\">Ein ACTH-Stimulationstest kann beim Meerschweinchen auch aus Speichel erfolgen (Leistungs-ID: 1329 Speichelcortisol-Stimulationstest). Probengef\u00e4\u00dfe werden gestellt; die Speichelproben werden mittels ELISA untersucht. <\/p><\/td><\/tr><\/table>\n","protected":false},"excerpt":{"rendered":"<p>ACTH-StimulationstestLABOKLIN Leistungs-ID: 141DiagnoseDiagnostik Hypoadrenokortizismus (M. Addison)Abkl\u00e4rung von iatrogenem Cushing-Syndrom Verdacht auf Cushing-SyndromPferd: Abkl\u00e4rung eines Hypoadrenokortizismus (M. Addison)MaterialSerum 2 x 0,5 ml (siehe auch Anmerkung)Testdurchf&uuml;hrung erste Blutentnahme = BasalwertHund: Injektion von 5 \u03bcg ACTH\/kg als Cosacthen\u00ae i.v.\/(i.m.)Katze: Injektion von 5 \u03bcg\/kg Cosacthen\u00ae i.v.\/(i.m.) zweite Blutentnahme (= Stimulationswert) bei Hund und Katze: 1 Std. nach ACTH-Injektion Meerschweinchen:&hellip;<\/p>\n","protected":false},"author":1,"featured_media":0,"parent":660000,"menu_order":13,"comment_status":"closed","ping_status":"closed","template":"","meta":{"_seopress_robots_primary_cat":"","_seopress_titles_title":"","_seopress_titles_desc":"","_seopress_robots_index":"","footnotes":""},"class_list":["post-660001","page","type-page","status-publish","hentry","description-off"],"_links":{"self":[{"href":"https:\/\/laboklin.de\/de\/wp-json\/wp\/v2\/pages\/660001","targetHints":{"allow":["GET"]}}],"collection":[{"href":"https:\/\/laboklin.de\/de\/wp-json\/wp\/v2\/pages"}],"about":[{"href":"https:\/\/laboklin.de\/de\/wp-json\/wp\/v2\/types\/page"}],"author":[{"embeddable":true,"href":"https:\/\/laboklin.de\/de\/wp-json\/wp\/v2\/users\/1"}],"replies":[{"embeddable":true,"href":"https:\/\/laboklin.de\/de\/wp-json\/wp\/v2\/comments?post=660001"}],"version-history":[{"count":1,"href":"https:\/\/laboklin.de\/de\/wp-json\/wp\/v2\/pages\/660001\/revisions"}],"predecessor-version":[{"id":1504587,"href":"https:\/\/laboklin.de\/de\/wp-json\/wp\/v2\/pages\/660001\/revisions\/1504587"}],"up":[{"embeddable":true,"href":"https:\/\/laboklin.de\/de\/wp-json\/wp\/v2\/pages\/660000"}],"wp:attachment":[{"href":"https:\/\/laboklin.de\/de\/wp-json\/wp\/v2\/media?parent=660001"}],"curies":[{"name":"wp","href":"https:\/\/api.w.org\/{rel}","templated":true}]}}