{"id":660000,"date":"2020-10-16T11:36:27","date_gmt":"2020-10-16T09:36:27","guid":{"rendered":"https:\/\/laboklin.de\/de\/funktionstests-berechnungsformeln"},"modified":"2025-03-13T10:12:36","modified_gmt":"2025-03-13T09:12:36","slug":"funktionstests-berechnungsformeln","status":"publish","type":"page","link":"https:\/\/laboklin.de\/de\/leistungen\/haematologie-klin-chemie-endokrinologie\/funktionstests-berechnungsformeln\/","title":{"rendered":"Funktionstests \/ Berechnungsformeln"},"content":{"rendered":"<div class=\"wpb-content-wrapper\"><p>[vc_row][vc_column][vc_column_text]<h3>Leistungsspektrum<\/h3><div class=\"vc_tta-panels-container\"><div class=\"vc_tta-panels\"><li class=\"menu-item sub-page\"><a href=\"https:\/\/laboklin.de\/de\/leistungen\/haematologie-klin-chemie-endokrinologie\/funktionstests-berechnungsformeln\/acth-stimulationstest\/\">ACTH-Stimulationstest<\/a><\/li><li class=\"menu-item sub-page\"><a href=\"https:\/\/laboklin.de\/de\/leistungen\/haematologie-klin-chemie-endokrinologie\/funktionstests-berechnungsformeln\/acth-stimulationstest-erweitert\/\">ACTH-Stimulationstest erweitert<\/a><\/li><li class=\"menu-item sub-page\"><a href=\"https:\/\/laboklin.de\/de\/leistungen\/haematologie-klin-chemie-endokrinologie\/funktionstests-berechnungsformeln\/cortisol-acth-quotient\/\">Cortisol-ACTH-Quotient<\/a><\/li><li class=\"menu-item sub-page\"><a href=\"https:\/\/laboklin.de\/de\/leistungen\/haematologie-klin-chemie-endokrinologie\/funktionstests-berechnungsformeln\/cortisol-kreatinin-quotient\/\">Cortisol-Kreatinin-Quotient (UCCR)<\/a><\/li><li class=\"menu-item sub-page\"><a href=\"https:\/\/laboklin.de\/de\/leistungen\/haematologie-klin-chemie-endokrinologie\/funktionstests-berechnungsformeln\/dexamethason-hemm-test-high-dose\/\">Dexamethason-Hemmtest (high dose)<\/a><\/li><li class=\"menu-item sub-page\"><a href=\"https:\/\/laboklin.de\/de\/leistungen\/haematologie-klin-chemie-endokrinologie\/funktionstests-berechnungsformeln\/dexamethason-screening-test-low-dose\/\">Dexamethason-Suppressionstest (-Screeningtest) (low dose) <\/a><\/li><li class=\"menu-item sub-page\"><a href=\"https:\/\/laboklin.de\/de\/leistungen\/haematologie-klin-chemie-endokrinologie\/funktionstests-berechnungsformeln\/gallensaeuren-stimulationstest\/\">Gallens\u00e4uren-Stimulationstest<\/a><\/li><li class=\"menu-item sub-page\"><a href=\"https:\/\/laboklin.de\/de\/leistungen\/haematologie-klin-chemie-endokrinologie\/funktionstests-berechnungsformeln\/gnrh-stimulationstest-huendin\/\">GnRH-Stimulationstest (H\u00fcndin)<\/a><\/li><li class=\"menu-item sub-page\"><a href=\"https:\/\/laboklin.de\/de\/leistungen\/haematologie-klin-chemie-endokrinologie\/funktionstests-berechnungsformeln\/hcg-stimulationstest\/\">HCG-Stimulationstest <\/a><\/li><li class=\"menu-item sub-page\"><a href=\"https:\/\/laboklin.de\/de\/leistungen\/haematologie-klin-chemie-endokrinologie\/funktionstests-berechnungsformeln\/insulintoleranztest\/\">Insulintoleranztest mit Glucose-Bestimmung<\/a><\/li><li class=\"menu-item sub-page\"><a href=\"https:\/\/laboklin.de\/de\/leistungen\/haematologie-klin-chemie-endokrinologie\/funktionstests-berechnungsformeln\/karo-light-syrup-test\/\">Karo-Light-Syrup\u00ae-Test mit Insulin-Bestimmung<\/a><\/li><li class=\"menu-item sub-page\"><a href=\"https:\/\/laboklin.de\/de\/leistungen\/haematologie-klin-chemie-endokrinologie\/funktionstests-berechnungsformeln\/luteo-plazentarer-shift-pferd\/\">Luteo-plazentarer Shift (Pferd)<\/a><\/li><li class=\"menu-item sub-page\"><a href=\"https:\/\/laboklin.de\/de\/leistungen\/haematologie-klin-chemie-endokrinologie\/funktionstests-berechnungsformeln\/oraler-glucose-test-mit-insulin-bestimmung\/\">Oraler Glucose-Test mit Insulin-Bestimmung<\/a><\/li><li class=\"menu-item sub-page\"><a href=\"https:\/\/laboklin.de\/de\/leistungen\/haematologie-klin-chemie-endokrinologie\/funktionstests-berechnungsformeln\/speichelcortisol-stimulationstest\/\">Speichelcortisol-Stimulationstest<\/a><\/li><li class=\"menu-item sub-page\"><a href=\"https:\/\/laboklin.de\/de\/leistungen\/haematologie-klin-chemie-endokrinologie\/funktionstests-berechnungsformeln\/speichelcortisol-suppressionstest\/\">Speichelcortisol-Suppressionstest<\/a><\/li><li class=\"menu-item sub-page\"><a href=\"https:\/\/laboklin.de\/de\/leistungen\/haematologie-klin-chemie-endokrinologie\/funktionstests-berechnungsformeln\/trh-stimulationstest-hund-1-x-t4-2-x-tsh\/\">TRH-Stimulationstest Hund (1x T4 + 2x TSH)<\/a><\/li><li class=\"menu-item sub-page\"><a href=\"https:\/\/laboklin.de\/de\/leistungen\/haematologie-klin-chemie-endokrinologie\/funktionstests-berechnungsformeln\/trh-stimulationstest-pferd-ii-2-x-acth\/\">TRH-Stimulationstest Pferd (ACTH-Bestimmung)<\/a><\/li><\/div><\/div>[\/vc_column_text][\/vc_column][\/vc_row][vc_row][vc_column][vc_column_text css=&#8220;.vc_custom_1741681365863{margin-top: 20px !important;}&#8220;]<\/p>\n<h3>Funktionstests<\/h3>\n<p>Funktionstests kommen bei Stoffwechselst\u00f6rungen zum Einsatz. In einigen F\u00e4llen ist eine Messung eines Hormons oder eines Stoffwechselprodukts aus einer Blutentnahme zur Diagnostik von St\u00f6rungen in Hormon- bzw. Stoffwechselprozessen nicht ausreichend. Funktionstests sind h\u00e4ufig aussagekr\u00e4ftiger als die Basalwerte allein. Daher k\u00f6nnen Suppressions- oder Stimulationstests (Funktionstests) zur Diagnostik einer Hormonst\u00f6rung oder eines Stoffwechselproblems notwendig sein.[\/vc_column_text][\/vc_column][\/vc_row]<\/p>\n<\/div>","protected":false},"excerpt":{"rendered":"<p>[vc_row][vc_column][vc_column_text][\/vc_column_text][\/vc_column][\/vc_row][vc_row][vc_column][vc_column_text css=&#8220;.vc_custom_1741681365863{margin-top: 20px !important;}&#8220;] Funktionstests Funktionstests kommen bei Stoffwechselst\u00f6rungen zum Einsatz. In einigen F\u00e4llen ist eine Messung eines Hormons oder eines Stoffwechselprodukts aus einer Blutentnahme zur Diagnostik von St\u00f6rungen in Hormon- bzw. Stoffwechselprozessen nicht ausreichend. Funktionstests sind h\u00e4ufig aussagekr\u00e4ftiger als die Basalwerte allein. Daher k\u00f6nnen Suppressions- oder Stimulationstests (Funktionstests) zur Diagnostik einer Hormonst\u00f6rung oder eines&hellip;<\/p>\n","protected":false},"author":1,"featured_media":0,"parent":600000,"menu_order":5,"comment_status":"closed","ping_status":"closed","template":"","meta":{"_seopress_robots_primary_cat":"","_seopress_titles_title":"Laboklin: Funktionstests bei Stoffwechselst\u00f6rungen","_seopress_titles_desc":"Hormonst\u00f6rungen beim Tier \u2013 nutzen Sie unsere Funktionstests zur Diagnostik z.B. beim Cushing-Syndrom oder St\u00f6rungen der Schilddr\u00fcsen- oder Geschlechtshormone","_seopress_robots_index":"","footnotes":""},"class_list":["post-660000","page","type-page","status-publish","hentry","description-off"],"_links":{"self":[{"href":"https:\/\/laboklin.de\/de\/wp-json\/wp\/v2\/pages\/660000","targetHints":{"allow":["GET"]}}],"collection":[{"href":"https:\/\/laboklin.de\/de\/wp-json\/wp\/v2\/pages"}],"about":[{"href":"https:\/\/laboklin.de\/de\/wp-json\/wp\/v2\/types\/page"}],"author":[{"embeddable":true,"href":"https:\/\/laboklin.de\/de\/wp-json\/wp\/v2\/users\/1"}],"replies":[{"embeddable":true,"href":"https:\/\/laboklin.de\/de\/wp-json\/wp\/v2\/comments?post=660000"}],"version-history":[{"count":5,"href":"https:\/\/laboklin.de\/de\/wp-json\/wp\/v2\/pages\/660000\/revisions"}],"predecessor-version":[{"id":1513511,"href":"https:\/\/laboklin.de\/de\/wp-json\/wp\/v2\/pages\/660000\/revisions\/1513511"}],"up":[{"embeddable":true,"href":"https:\/\/laboklin.de\/de\/wp-json\/wp\/v2\/pages\/600000"}],"wp:attachment":[{"href":"https:\/\/laboklin.de\/de\/wp-json\/wp\/v2\/media?parent=660000"}],"curies":[{"name":"wp","href":"https:\/\/api.w.org\/{rel}","templated":true}]}}