{"id":650024,"date":"2020-10-16T11:36:27","date_gmt":"2020-10-16T09:36:27","guid":{"rendered":"https:\/\/laboklin.de\/de\/insulin"},"modified":"2025-01-29T10:07:37","modified_gmt":"2025-01-29T09:07:37","slug":"insulin","status":"publish","type":"page","link":"https:\/\/laboklin.de\/de\/leistungen\/haematologie-klin-chemie-endokrinologie\/endokrinologie-tumormarker\/insulin\/","title":{"rendered":"Insulin"},"content":{"rendered":"<h3 class=\"csc-firstHeader\">Insulin<\/h3><p><span>LABOKLIN Leistungs-ID: 609<\/span><\/p><p class=\"bodytext\"><br><\/p><table class=\"tx-laboklinleistung-table contenttable contenttable-2\" style=\"margin-top: 35px;\"><tr><td class=\"td-0\"><strong>Material<\/strong><\/td><td class=\"td-1\"><p class=\"bodytext\">Serum 1 ml (zeitnah nach Koagulation abzentrifugiert, abpipettiert)<ul><li>Bitte Hinweis \u2013 l\u00e4nderspezifisch \u2013 auf dem Untersuchungsauftrag zur <strong>Temperatur<\/strong> bei Aufbewahrung\/Transport beachten!<\/li><li>bei Omni- und Carnivoren 12-st\u00fcndige <strong>Nahrungskarenz<\/strong> empfohlen; bei Pferd und Esel nur Heu und Stroh f\u00fcttern<\/li><\/ul><\/p><\/td><\/tr><tr><td class=\"td-0\"><strong>Methode<\/strong><\/td><td class=\"td-1\"><p class=\"bodytext\">Chemiluminiszenzassay (CLIA) <br>Enzym Linked Immunosorbent Assay (ELISA) (nur Katze)<\/p><\/td><\/tr><tr><td class=\"td-0\"><strong>Tierart(en)<\/strong><\/td><td class=\"td-1\"><p class=\"bodytext\">Hund, Katze, Pferd, Esel, weitere auf Anfrage<\/p><\/td><\/tr><tr><td class=\"td-0\"><strong>Dauer<\/strong><\/td><td class=\"td-1\"><p class=\"bodytext\">Befund\u00fcbermittlung am Tag des Probeneingangs (Mo.-Sa.)<br>\r\nKatze: 2-6 Arbeitstage<\/p><\/td><\/tr><tr><td class=\"td-0\"><strong>Anmerkung<\/strong><\/td><td class=\"td-1\"><p class=\"bodytext\"><ul><li>Die Interpretation des Ergebnisses muss in Korrelation mit der Blutglucose-Konzentration aus zum selben Zeitpunkt abgenommenen Blut erfolgen.<\/li><li>Insulinom <strong>Hund<\/strong>: Blutentnahme muss zum Zeitpunkt einer dokumentierten Hypoglyc\u00e4mie (Glucose < 3,3 mmol\/l bzw. 60 mg\/dl) erfolgen. Bei Hypoglyc\u00e4mie sollte kein Insulin nachweisbar sein. Konzentrationen im oberen Referenzbereich gelten dann bereits als inad\u00e4quat erh\u00f6ht. Insulin-Konzentrationen im unteren Referenzbereich oder darunter schliesen ein Insulinom nicht zwangsl\u00e4ufig aus. Im Zweifelsfall sollte die Bestimmung wiederholt werden. <\/li><li><strong>Pferd\/Esel<\/strong>: Equines metabolisches Syndrom (EMS) \/ asines metabolisches Syndrom (AMS): Beim EMS\/AMS kommt es zur Entgleisung des Kohlenhydrat- und Fettstoffwechsels mit Insulindysregulation (ID). Eine erh\u00f6hte Insulinsekretion kompensiert dabei (teilweise) eine verringerte Insulineffizienz. Insulindysregulierte Pferde\/Esel weisen daher erheblich erh\u00f6hte Insulinkonzentrationen auf. Die N\u00fcchtern-Glucose ist gleichzeitig physiologisch (kompensiert) oder erh\u00f6ht (nicht kompensiert). Weitere Untersuchungen: Oraler Glucosetest mit Insulinbestimmung und oraler Karo-Light-Syrup\u00ae-Test (siehe Endokrinologie\/Funktionstests). <\/li><li><strong>Pferd\/Esel<\/strong>: gleichzeitige Messung der Glucosekonzentration erm\u00f6glicht die Berechnung der Proxies  <br>   - Insulin-Glucose-Verh\u00e4ltnis  <br>   - Reciprocal Inverse Square of Insulin (RISQI) - \"Insulinsensitivit\u00e4t\" <br>   - Modified Insulin to Glucose Ratio (MIRG) -\"\u00df-Zellfunktion (Pankreas)\" <\/li> <\/ul><\/p><\/td><\/tr><\/table>\n","protected":false},"excerpt":{"rendered":"<p>InsulinLABOKLIN Leistungs-ID: 609MaterialSerum 1 ml (zeitnah nach Koagulation abzentrifugiert, abpipettiert)Bitte Hinweis \u2013 l\u00e4nderspezifisch \u2013 auf dem Untersuchungsauftrag zur Temperatur bei Aufbewahrung\/Transport beachten!bei Omni- und Carnivoren 12-st\u00fcndige Nahrungskarenz empfohlen; bei Pferd und Esel nur Heu und Stroh f\u00fctternMethodeChemiluminiszenzassay (CLIA) Enzym Linked Immunosorbent Assay (ELISA) (nur Katze)Tierart(en)Hund, Katze, Pferd, Esel, weitere auf AnfrageDauerBefund\u00fcbermittlung am Tag des Probeneingangs&hellip;<\/p>\n","protected":false},"author":1,"featured_media":0,"parent":650000,"menu_order":18,"comment_status":"closed","ping_status":"closed","template":"","meta":{"_seopress_robots_primary_cat":"","_seopress_titles_title":"","_seopress_titles_desc":"","_seopress_robots_index":"","footnotes":""},"class_list":["post-650024","page","type-page","status-publish","hentry","description-off"],"_links":{"self":[{"href":"https:\/\/laboklin.de\/de\/wp-json\/wp\/v2\/pages\/650024","targetHints":{"allow":["GET"]}}],"collection":[{"href":"https:\/\/laboklin.de\/de\/wp-json\/wp\/v2\/pages"}],"about":[{"href":"https:\/\/laboklin.de\/de\/wp-json\/wp\/v2\/types\/page"}],"author":[{"embeddable":true,"href":"https:\/\/laboklin.de\/de\/wp-json\/wp\/v2\/users\/1"}],"replies":[{"embeddable":true,"href":"https:\/\/laboklin.de\/de\/wp-json\/wp\/v2\/comments?post=650024"}],"version-history":[{"count":1,"href":"https:\/\/laboklin.de\/de\/wp-json\/wp\/v2\/pages\/650024\/revisions"}],"predecessor-version":[{"id":1504528,"href":"https:\/\/laboklin.de\/de\/wp-json\/wp\/v2\/pages\/650024\/revisions\/1504528"}],"up":[{"embeddable":true,"href":"https:\/\/laboklin.de\/de\/wp-json\/wp\/v2\/pages\/650000"}],"wp:attachment":[{"href":"https:\/\/laboklin.de\/de\/wp-json\/wp\/v2\/media?parent=650024"}],"curies":[{"name":"wp","href":"https:\/\/api.w.org\/{rel}","templated":true}]}}