{"id":650023,"date":"2020-10-16T11:36:27","date_gmt":"2020-10-16T09:36:27","guid":{"rendered":"https:\/\/laboklin.de\/de\/t4-thyroxin-gesamt"},"modified":"2025-01-29T10:39:29","modified_gmt":"2025-01-29T09:39:29","slug":"t4-thyroxin-gesamt","status":"publish","type":"page","link":"https:\/\/laboklin.de\/de\/leistungen\/haematologie-klin-chemie-endokrinologie\/endokrinologie-tumormarker\/t4-thyroxin-gesamt\/","title":{"rendered":"T4 (Thyroxin gesamt)"},"content":{"rendered":"<h3 class=\"csc-firstHeader\">T4 (Thyroxin gesamt)<\/h3><p><span>LABOKLIN Leistungs-ID: 137<\/span><\/p><p class=\"bodytext\"><br><\/p><table class=\"tx-laboklinleistung-table contenttable contenttable-2\" style=\"margin-top: 35px;\"><tr><td class=\"td-0\"><strong>Material<\/strong><\/td><td class=\"td-1\"><p class=\"bodytext\">Serum oder Heparin-Plasma 0,5 ml bzw. 0,4 ml beim Kleins\u00e4uger<\/p><\/td><\/tr><tr><td class=\"td-0\"><strong>Methode<\/strong><\/td><td class=\"td-1\"><p class=\"bodytext\">Chemoluminiszenzassay (CLIA)<\/p><\/td><\/tr><tr><td class=\"td-0\"><strong>Tierart(en)<\/strong><\/td><td class=\"td-1\"><p class=\"bodytext\">Hund, Katze, Meerschweinchen, Pferd, Rind, Neuweltkamele, weitere auf Anfrage<\/p><\/td><\/tr><tr><td class=\"td-0\"><strong>Dauer<\/strong><\/td><td class=\"td-1\"><p class=\"bodytext\">Befund\u00fcbermittlung am Tag des Probeneingangs (Mo.-Sa.)<\/p><\/td><\/tr><tr><td class=\"td-0\"><strong>Anmerkung<\/strong><\/td><td class=\"td-1\"><p class=\"bodytext\"><ul><li><strong>Hund:<\/strong> Am h\u00e4ufigsten zur Abkl\u00e4rung einer Hypothyreose genutzt. Cave: Eine niedrige T4-Konzentration muss nicht zwangsl\u00e4ufig mit einer Hypothyreose assoziiert sein. Die Beurteilung sollte im Zusammenhang mit TSH erfolgen. Eine weitere Hilfestellung zur Abgrenzung von nicht thyroidalen Ursachen einer reduzierten T4-Konzentration kann insbesondere rT3 liefern. Bei unklaren Befunden kann ein TRH-Stimulationstest (siehe Endokrinologie\/Funktionstests) durchgef\u00fchrt werden. (<\/li><li><strong>Therapiekontrolle Hypothyreose Hund:<\/strong> 4-6 Stunden nach Thyroxin-Verabreichung. Therapiekontrollen alle 2-4 Wochen bis eine gute Einstellung erreicht ist. Danach alle 3-6 Monate. Ziel: mittlerer bis oberer Referenzbereich.<\/li><li><strong>Katze:<\/strong> Am h\u00e4ufigsten zur Abkl\u00e4rung einer Hyperthyreose genutzt. Erh\u00f6hte T4-Konzentrationen im Serum sprechen f\u00fcr eine Hyperthyreose. T4 im (oberen) Referenzbereich schlie\u00dft eine Hyperthyreose nicht in jedem Fall aus. Im Zweifelsfall kann die Kombination aus T4-, fT4-, TSH-Bestimmung und Wiederholungsmessungen weiterhelfen.<\/li><li><strong>Therapiekontrolle Hyperthyreose Katze:<\/strong> Therapiekontrollen alle 2-4 Wochen bis eine gute Einstellung erreicht ist. Danach alle 3-6 Monate. Ziel: mittlerer Referenzbereich. Zu niedrige T4 Spiegel sollten vermieden werden.<\/li><li><strong>Kleins\u00e4uger:<\/strong> T4 ist zur Diagnostik von Hyperthyreose geeignet. Hypothyreosen sind bei Kleins\u00e4ugern bislang nicht beschrieben.<\/li><li><strong>Pferd:<\/strong> F\u00fcr die sehr seltenen Hypothyreosen empfiehlt sich die Bestimmung von T4 und T3mit anschlie\u00dfendem TRH-Stimulationstest (siehe Endokrinologie\/Funktionstests.<\/li><\/ul><\/p><\/td><\/tr><\/table>\n","protected":false},"excerpt":{"rendered":"<p>T4 (Thyroxin gesamt)LABOKLIN Leistungs-ID: 137MaterialSerum oder Heparin-Plasma 0,5 ml bzw. 0,4 ml beim Kleins\u00e4ugerMethodeChemoluminiszenzassay (CLIA)Tierart(en)Hund, Katze, Meerschweinchen, Pferd, Rind, Neuweltkamele, weitere auf AnfrageDauerBefund\u00fcbermittlung am Tag des Probeneingangs (Mo.-Sa.)AnmerkungHund: Am h\u00e4ufigsten zur Abkl\u00e4rung einer Hypothyreose genutzt. Cave: Eine niedrige T4-Konzentration muss nicht zwangsl\u00e4ufig mit einer Hypothyreose assoziiert sein. Die Beurteilung sollte im Zusammenhang mit TSH erfolgen.&hellip;<\/p>\n","protected":false},"author":1,"featured_media":0,"parent":650000,"menu_order":33,"comment_status":"closed","ping_status":"closed","template":"","meta":{"_seopress_robots_primary_cat":"","_seopress_titles_title":"","_seopress_titles_desc":"","_seopress_robots_index":"","footnotes":""},"class_list":["post-650023","page","type-page","status-publish","hentry","description-off"],"_links":{"self":[{"href":"https:\/\/laboklin.de\/de\/wp-json\/wp\/v2\/pages\/650023","targetHints":{"allow":["GET"]}}],"collection":[{"href":"https:\/\/laboklin.de\/de\/wp-json\/wp\/v2\/pages"}],"about":[{"href":"https:\/\/laboklin.de\/de\/wp-json\/wp\/v2\/types\/page"}],"author":[{"embeddable":true,"href":"https:\/\/laboklin.de\/de\/wp-json\/wp\/v2\/users\/1"}],"replies":[{"embeddable":true,"href":"https:\/\/laboklin.de\/de\/wp-json\/wp\/v2\/comments?post=650023"}],"version-history":[{"count":1,"href":"https:\/\/laboklin.de\/de\/wp-json\/wp\/v2\/pages\/650023\/revisions"}],"predecessor-version":[{"id":1504559,"href":"https:\/\/laboklin.de\/de\/wp-json\/wp\/v2\/pages\/650023\/revisions\/1504559"}],"up":[{"embeddable":true,"href":"https:\/\/laboklin.de\/de\/wp-json\/wp\/v2\/pages\/650000"}],"wp:attachment":[{"href":"https:\/\/laboklin.de\/de\/wp-json\/wp\/v2\/media?parent=650023"}],"curies":[{"name":"wp","href":"https:\/\/api.w.org\/{rel}","templated":true}]}}