{"id":650019,"date":"2020-10-16T11:36:27","date_gmt":"2020-10-16T09:36:27","guid":{"rendered":"https:\/\/laboklin.de\/de\/serotonin"},"modified":"2025-01-29T10:38:15","modified_gmt":"2025-01-29T09:38:15","slug":"serotonin","status":"publish","type":"page","link":"https:\/\/laboklin.de\/de\/leistungen\/haematologie-klin-chemie-endokrinologie\/endokrinologie-tumormarker\/serotonin\/","title":{"rendered":"Serotonin"},"content":{"rendered":"<h3 class=\"csc-firstHeader\">Serotonin<\/h3><p><span>LABOKLIN Leistungs-ID: 1194<\/span><\/p><p class=\"bodytext\"><br><\/p><table class=\"tx-laboklinleistung-table contenttable contenttable-2\" style=\"margin-top: 35px;\"><tr><td class=\"td-0\"><strong>Material<\/strong><\/td><td class=\"td-1\"><p class=\"bodytext\">Serum 0,5 ml (zeitnah nach Koagulation abzentrifugieren, abpipettieren)<br><ul><li>Bitte Hinweis \u2013 l\u00e4nderspezifisch \u2013 auf dem Untersuchungsauftrag zur <strong>Temperatur<\/strong> bei Aufbewahrung\/Transport beachten!<\/li><li>mind. 6-st\u00fcndige <strong>Nahrungskarenz<\/strong> vor Probenentnahme<\/li><\/ul><\/p><\/td><\/tr><tr><td class=\"td-0\"><strong>Methode<\/strong><\/td><td class=\"td-1\"><p class=\"bodytext\">High Performance Liquid Chromatography (HPLC)<\/p><\/td><\/tr><tr><td class=\"td-0\"><strong>Tierart(en)<\/strong><\/td><td class=\"td-1\"><p class=\"bodytext\">Hund, weitere auf Anfrage<\/p><\/td><\/tr><tr><td class=\"td-0\"><strong>Dauer<\/strong><\/td><td class=\"td-1\"><p class=\"bodytext\">2-6 Arbeitstage<\/p><\/td><\/tr><tr><td class=\"td-0\"><strong>Anmerkung<\/strong><\/td><td class=\"td-1\"><p class=\"bodytext\"><ul><li>Der Test wird nicht durchgef\u00fchrt, wenn die geforderten Temperaturbedingungen bei Eintreffen der Proben im Labor nicht eingehalten sind. Auch bei kurzem Transportweg wird der Versand in einer Styroporbox mit 2-3 gefrorenen K\u00fchlpacks empfohlen.<\/li><li>Zur Abkl\u00e4rung von Verhaltensst\u00f6rungen. Erniedrigte Serotoninspiegel wurden bei Aggressivit\u00e4t ebenso wie bei Trennungsangst und anderen Verhaltensauff\u00e4lligkeiten festgestellt.<\/li><li>Die erg\u00e4nzende Serotoninbestimmung kann bei der Diagnose und Therapiekontrolle hilfreich sein.<\/li><li>Die Bestimmung der Serotoninkonzentration ist auch Bestandteil des Verhaltensprofils 2 (siehe Profile\/Kleintiere\/Klinisch-chemische Profile).<\/li><\/ul><\/p><\/td><\/tr><\/table>\n","protected":false},"excerpt":{"rendered":"<p>SerotoninLABOKLIN Leistungs-ID: 1194MaterialSerum 0,5 ml (zeitnah nach Koagulation abzentrifugieren, abpipettieren)Bitte Hinweis \u2013 l\u00e4nderspezifisch \u2013 auf dem Untersuchungsauftrag zur Temperatur bei Aufbewahrung\/Transport beachten!mind. 6-st\u00fcndige Nahrungskarenz vor ProbenentnahmeMethodeHigh Performance Liquid Chromatography (HPLC)Tierart(en)Hund, weitere auf AnfrageDauer2-6 ArbeitstageAnmerkungDer Test wird nicht durchgef\u00fchrt, wenn die geforderten Temperaturbedingungen bei Eintreffen der Proben im Labor nicht eingehalten sind. Auch bei kurzem Transportweg&hellip;<\/p>\n","protected":false},"author":1,"featured_media":0,"parent":650000,"menu_order":31,"comment_status":"closed","ping_status":"closed","template":"","meta":{"_seopress_robots_primary_cat":"","_seopress_titles_title":"","_seopress_titles_desc":"","_seopress_robots_index":"","footnotes":""},"class_list":["post-650019","page","type-page","status-publish","hentry","description-off"],"_links":{"self":[{"href":"https:\/\/laboklin.de\/de\/wp-json\/wp\/v2\/pages\/650019","targetHints":{"allow":["GET"]}}],"collection":[{"href":"https:\/\/laboklin.de\/de\/wp-json\/wp\/v2\/pages"}],"about":[{"href":"https:\/\/laboklin.de\/de\/wp-json\/wp\/v2\/types\/page"}],"author":[{"embeddable":true,"href":"https:\/\/laboklin.de\/de\/wp-json\/wp\/v2\/users\/1"}],"replies":[{"embeddable":true,"href":"https:\/\/laboklin.de\/de\/wp-json\/wp\/v2\/comments?post=650019"}],"version-history":[{"count":1,"href":"https:\/\/laboklin.de\/de\/wp-json\/wp\/v2\/pages\/650019\/revisions"}],"predecessor-version":[{"id":1504553,"href":"https:\/\/laboklin.de\/de\/wp-json\/wp\/v2\/pages\/650019\/revisions\/1504553"}],"up":[{"embeddable":true,"href":"https:\/\/laboklin.de\/de\/wp-json\/wp\/v2\/pages\/650000"}],"wp:attachment":[{"href":"https:\/\/laboklin.de\/de\/wp-json\/wp\/v2\/media?parent=650019"}],"curies":[{"name":"wp","href":"https:\/\/api.w.org\/{rel}","templated":true}]}}