{"id":650015,"date":"2020-10-16T11:36:27","date_gmt":"2020-10-16T09:36:27","guid":{"rendered":"https:\/\/laboklin.de\/de\/therapiekontrolle-vetoryl-prepill"},"modified":"2026-02-11T17:08:43","modified_gmt":"2026-02-11T16:08:43","slug":"therapiekontrolle-vetoryl-1-x-cortisol","status":"publish","type":"page","link":"https:\/\/laboklin.de\/de\/leistungen\/haematologie-klin-chemie-endokrinologie\/endokrinologie-tumormarker\/therapiekontrolle-vetoryl-1-x-cortisol\/","title":{"rendered":"Therapiekontrolle Trilostan (Vetoryl\u00ae) (1 x Cortisol)"},"content":{"rendered":"<h3 class=\"csc-firstHeader\">Therapiekontrolle Trilostan (Vetoryl\u00ae) (1 x Cortisol)<\/h3><p><span>LABOKLIN Leistungs-ID: 1326<\/span><\/p><p class=\"bodytext\"><br><\/p><table class=\"tx-laboklinleistung-table contenttable contenttable-2\" style=\"margin-top: 35px;\"><tr><td class=\"td-0\"><strong>Material<\/strong><\/td><td class=\"td-1\"><p class=\"bodytext\">Serum 0,5 ml<\/p><\/td><\/tr><tr><td class=\"td-0\"><strong>Parameter<\/strong><\/td><td class=\"td-1\"><p class=\"bodytext\">1 x Cortisol (vor Verabreichung von Trilostan)<\/p><\/td><\/tr><tr><td class=\"td-0\"><strong>Methode<\/strong><\/td><td class=\"td-1\"><p class=\"bodytext\">Chemoluminiszenzassay (CLIA)<\/p><\/td><\/tr><tr><td class=\"td-0\"><strong>Dauer<\/strong><\/td><td class=\"td-1\"><p class=\"bodytext\">Befund\u00fcbermittlung am Tag des Probeneingangs (Mo.-Sa.)<\/p><\/td><\/tr><tr><td class=\"td-0\"><strong>Anmerkung<\/strong><\/td><td class=\"td-1\"><p class=\"bodytext\"><ul><li>Sollte f\u00fcr die Blutentnahme eine Umstellung des Zeitpunkts der Tabletteneinnahme erforderlich sein, muss diese mindestens einen Tag zuvor erfolgen.<\/li><li>F\u00fcr die Trilostan-Therapiekontrolle gelten eigene Cortisol-Referenzwerte (prepill: 14\u201350 ng\/ml).<\/li><li>Nicht geeignet f\u00fcr Patienten mit schlechtem Allgemeinbefinden und f\u00fcr Tiere, bei denen eine stressfreie Blutentnahme nicht m\u00f6glich ist. In diesen F\u00e4llen wird weiterhin der ACTH-Stimulationstest (siehe Endokrinologie\/Funktionstests) empfohlen.<\/li><\/ul><\/p><\/td><\/tr><\/table>\n","protected":false},"excerpt":{"rendered":"<p>Therapiekontrolle Trilostan (Vetoryl\u00ae) (1 x Cortisol)LABOKLIN Leistungs-ID: 1326MaterialSerum 0,5 mlParameter1 x Cortisol (vor Verabreichung von Trilostan)MethodeChemoluminiszenzassay (CLIA)DauerBefund\u00fcbermittlung am Tag des Probeneingangs (Mo.-Sa.)AnmerkungSollte f\u00fcr die Blutentnahme eine Umstellung des Zeitpunkts der Tabletteneinnahme erforderlich sein, muss diese mindestens einen Tag zuvor erfolgen.F\u00fcr die Trilostan-Therapiekontrolle gelten eigene Cortisol-Referenzwerte (prepill: 14\u201350 ng\/ml).Nicht geeignet f\u00fcr Patienten mit schlechtem Allgemeinbefinden und&hellip;<\/p>\n","protected":false},"author":1,"featured_media":0,"parent":650000,"menu_order":36,"comment_status":"closed","ping_status":"closed","template":"","meta":{"_seopress_robots_primary_cat":"","_seopress_titles_title":"","_seopress_titles_desc":"","_seopress_robots_index":"","footnotes":""},"class_list":["post-650015","page","type-page","status-publish","hentry","description-off"],"_links":{"self":[{"href":"https:\/\/laboklin.de\/de\/wp-json\/wp\/v2\/pages\/650015","targetHints":{"allow":["GET"]}}],"collection":[{"href":"https:\/\/laboklin.de\/de\/wp-json\/wp\/v2\/pages"}],"about":[{"href":"https:\/\/laboklin.de\/de\/wp-json\/wp\/v2\/types\/page"}],"author":[{"embeddable":true,"href":"https:\/\/laboklin.de\/de\/wp-json\/wp\/v2\/users\/1"}],"replies":[{"embeddable":true,"href":"https:\/\/laboklin.de\/de\/wp-json\/wp\/v2\/comments?post=650015"}],"version-history":[{"count":3,"href":"https:\/\/laboklin.de\/de\/wp-json\/wp\/v2\/pages\/650015\/revisions"}],"predecessor-version":[{"id":1588579,"href":"https:\/\/laboklin.de\/de\/wp-json\/wp\/v2\/pages\/650015\/revisions\/1588579"}],"up":[{"embeddable":true,"href":"https:\/\/laboklin.de\/de\/wp-json\/wp\/v2\/pages\/650000"}],"wp:attachment":[{"href":"https:\/\/laboklin.de\/de\/wp-json\/wp\/v2\/media?parent=650015"}],"curies":[{"name":"wp","href":"https:\/\/api.w.org\/{rel}","templated":true}]}}