{"id":650013,"date":"2020-10-16T11:36:27","date_gmt":"2020-10-16T09:36:27","guid":{"rendered":"https:\/\/laboklin.de\/de\/normetanephrin-metanephrin"},"modified":"2025-01-29T10:09:37","modified_gmt":"2025-01-29T09:09:37","slug":"normetanephrin-metanephrin","status":"publish","type":"page","link":"https:\/\/laboklin.de\/de\/leistungen\/haematologie-klin-chemie-endokrinologie\/endokrinologie-tumormarker\/normetanephrin-metanephrin\/","title":{"rendered":"Normetanephrin \/ Metanephrin"},"content":{"rendered":"<h3 class=\"csc-firstHeader\">Normetanephrin\/Metanephrin<\/h3><p><span>LABOKLIN Leistungs-ID: 1322<\/span><\/p><p class=\"bodytext\"><br>Diagnostik bei Verdacht auf Ph\u00e4ochromozytom.<\/p><table class=\"tx-laboklinleistung-table contenttable contenttable-2\" style=\"margin-top: 35px;\"><tr><td class=\"td-0\"><strong>Material<\/strong><\/td><td class=\"td-1\"><p class=\"bodytext\">EDTA-Plasma 1 ml (sofort abzentrifugiert, abpipettiert)<ul><li>Bitte Hinweis \u2013 l\u00e4nderspezifisch \u2013 auf dem Untersuchungsauftrag zur <strong>Temperatur<\/strong> bei Aufbewahrung\/Transport beachten!<\/ul><\/li><\/p><\/td><\/tr><tr><td class=\"td-0\"><strong>Methode<\/strong><\/td><td class=\"td-1\"><p class=\"bodytext\">Fl\u00fcssigchromatographie-Massenspektrometrie (LCMS)<\/p><\/td><\/tr><tr><td class=\"td-0\"><strong>Tierart(en)<\/strong><\/td><td class=\"td-1\"><p class=\"bodytext\">Hund, weitere auf Anfrage<\/p><\/td><\/tr><tr><td class=\"td-0\"><strong>Dauer<\/strong><\/td><td class=\"td-1\"><p class=\"bodytext\">2-6 Arbeitstage<\/p><\/td><\/tr><tr><td class=\"td-0\"><strong>Anmerkung<\/strong><\/td><td class=\"td-1\"><p class=\"bodytext\"><ul><li>In Bereichen bis zur 4-fachen oberen Referenz sind \u00dcberschneidungen mit anderen Erkrankungen (insbesondere Cushing-Syndrom) und Stressinduzierter Katecholaminaussch\u00fcttung m\u00f6glich. Konzentrationen im Referenzbereich schlie\u00dfen ein Ph\u00e4ochromozytom nicht in jedem Fall aus.<\/li><li> Normetanephrin gilt beim Hund als der sensitivere Parameter, der zugleich sicherer zwischen Ph\u00e4ochromozytom und anderen Erkrankungen unterscheidet.<\/li><li>Medikamente wie Phenoxybenzamin, Metoclopramid, \u03b2-Blocker, Calciumkanalblocker oder Sympathomimetika k\u00f6nnen die Katecholamin-Konzentrationen erh\u00f6hen.<\/li><\/ul><\/p><\/td><\/tr><\/table>\n","protected":false},"excerpt":{"rendered":"<p>Normetanephrin\/MetanephrinLABOKLIN Leistungs-ID: 1322Diagnostik bei Verdacht auf Ph\u00e4ochromozytom.MaterialEDTA-Plasma 1 ml (sofort abzentrifugiert, abpipettiert)Bitte Hinweis \u2013 l\u00e4nderspezifisch \u2013 auf dem Untersuchungsauftrag zur Temperatur bei Aufbewahrung\/Transport beachten!MethodeFl\u00fcssigchromatographie-Massenspektrometrie (LCMS)Tierart(en)Hund, weitere auf AnfrageDauer2-6 ArbeitstageAnmerkungIn Bereichen bis zur 4-fachen oberen Referenz sind \u00dcberschneidungen mit anderen Erkrankungen (insbesondere Cushing-Syndrom) und Stressinduzierter Katecholaminaussch\u00fcttung m\u00f6glich. Konzentrationen im Referenzbereich schlie\u00dfen ein Ph\u00e4ochromozytom nicht in jedem&hellip;<\/p>\n","protected":false},"author":1,"featured_media":0,"parent":650000,"menu_order":20,"comment_status":"closed","ping_status":"closed","template":"","meta":{"_seopress_robots_primary_cat":"","_seopress_titles_title":"","_seopress_titles_desc":"","_seopress_robots_index":"","footnotes":""},"class_list":["post-650013","page","type-page","status-publish","hentry","description-off"],"_links":{"self":[{"href":"https:\/\/laboklin.de\/de\/wp-json\/wp\/v2\/pages\/650013","targetHints":{"allow":["GET"]}}],"collection":[{"href":"https:\/\/laboklin.de\/de\/wp-json\/wp\/v2\/pages"}],"about":[{"href":"https:\/\/laboklin.de\/de\/wp-json\/wp\/v2\/types\/page"}],"author":[{"embeddable":true,"href":"https:\/\/laboklin.de\/de\/wp-json\/wp\/v2\/users\/1"}],"replies":[{"embeddable":true,"href":"https:\/\/laboklin.de\/de\/wp-json\/wp\/v2\/comments?post=650013"}],"version-history":[{"count":1,"href":"https:\/\/laboklin.de\/de\/wp-json\/wp\/v2\/pages\/650013\/revisions"}],"predecessor-version":[{"id":1497372,"href":"https:\/\/laboklin.de\/de\/wp-json\/wp\/v2\/pages\/650013\/revisions\/1497372"}],"up":[{"embeddable":true,"href":"https:\/\/laboklin.de\/de\/wp-json\/wp\/v2\/pages\/650000"}],"wp:attachment":[{"href":"https:\/\/laboklin.de\/de\/wp-json\/wp\/v2\/media?parent=650013"}],"curies":[{"name":"wp","href":"https:\/\/api.w.org\/{rel}","templated":true}]}}