{"id":650004,"date":"2020-10-16T11:36:27","date_gmt":"2020-10-16T09:36:27","guid":{"rendered":"https:\/\/laboklin.de\/de\/testosteron"},"modified":"2025-01-29T10:53:37","modified_gmt":"2025-01-29T09:53:37","slug":"testosteron","status":"publish","type":"page","link":"https:\/\/laboklin.de\/de\/leistungen\/haematologie-klin-chemie-endokrinologie\/endokrinologie-tumormarker\/testosteron\/","title":{"rendered":"Testosteron"},"content":{"rendered":"<h3 class=\"csc-firstHeader\">Testosteron<\/h3><p><span>LABOKLIN Leistungs-ID: 136<\/span><\/p><p class=\"bodytext\"><br>Dient der Kontrolle der endokrinen Hodenfunktion, Ovartumoren Stute (Diagnostik mithilfe Profil Granulosazelltumor (Testosteron, AMH, Progesteron) empfohlen), Differenzierung kryptorchider und kastrierter m\u00e4nnlicher Tiere.<\/p><table class=\"tx-laboklinleistung-table contenttable contenttable-2\" style=\"margin-top: 35px;\"><tr><td class=\"td-0\"><strong>Material<\/strong><\/td><td class=\"td-1\"><p class=\"bodytext\">Serum 0,5 ml<\/p><\/td><\/tr><tr><td class=\"td-0\"><strong>Methode<\/strong><\/td><td class=\"td-1\"><p class=\"bodytext\">Chemoluminiszenzassay (CLIA); Pferd, Esel, Kleins\u00e4uger: LCMS<\/p><\/td><\/tr><tr><td class=\"td-0\"><strong>Dauer<\/strong><\/td><td class=\"td-1\"><p class=\"bodytext\">Befund\u00fcbermittlung am Tag des Probeneingangs (Mo.\u2013Sa.) bzw. 2-3 Arbeitstage (Pferd, Esel, Kleins\u00e4uger)<\/p><\/td><\/tr><tr><td class=\"td-0\"><strong>Anmerkung<\/strong><\/td><td class=\"td-1\"><p class=\"bodytext\"><ul><li><strong>Hengst:<\/strong> Die Beurteilung von Testosteron hinsichtlich Kryptorchismus sollte im Rahmen eines HCG-Stimulationstests (siehe Endokrinologie\/Funktionstests) erfolgen.<\/li><li><strong>Kleins\u00e4uger:<\/strong> Zur Diagnose von testosteronbildendem Gewebe sollte ein HCG-Stimulationstest (siehe Endokrinologie\/Funktionstests) mit der zweimaligen Bestimmung von Testosteron im Abstand von 1 Stunde durchgef\u00fchrt werden. Einzelbestimmungen sind nur im positiven Falle aussagekr\u00e4ftig.<\/li><\/ul><\/p><\/td><\/tr><\/table>\n","protected":false},"excerpt":{"rendered":"<p>TestosteronLABOKLIN Leistungs-ID: 136Dient der Kontrolle der endokrinen Hodenfunktion, Ovartumoren Stute (Diagnostik mithilfe Profil Granulosazelltumor (Testosteron, AMH, Progesteron) empfohlen), Differenzierung kryptorchider und kastrierter m\u00e4nnlicher Tiere.MaterialSerum 0,5 mlMethodeChemoluminiszenzassay (CLIA); Pferd, Esel, Kleins\u00e4uger: LCMSDauerBefund\u00fcbermittlung am Tag des Probeneingangs (Mo.\u2013Sa.) bzw. 2-3 Arbeitstage (Pferd, Esel, Kleins\u00e4uger)AnmerkungHengst: Die Beurteilung von Testosteron hinsichtlich Kryptorchismus sollte im Rahmen eines HCG-Stimulationstests (siehe Endokrinologie\/Funktionstests)&hellip;<\/p>\n","protected":false},"author":1,"featured_media":0,"parent":650000,"menu_order":35,"comment_status":"closed","ping_status":"closed","template":"","meta":{"_seopress_robots_primary_cat":"","_seopress_titles_title":"","_seopress_titles_desc":"","_seopress_robots_index":"","footnotes":""},"class_list":["post-650004","page","type-page","status-publish","hentry","description-off"],"_links":{"self":[{"href":"https:\/\/laboklin.de\/de\/wp-json\/wp\/v2\/pages\/650004","targetHints":{"allow":["GET"]}}],"collection":[{"href":"https:\/\/laboklin.de\/de\/wp-json\/wp\/v2\/pages"}],"about":[{"href":"https:\/\/laboklin.de\/de\/wp-json\/wp\/v2\/types\/page"}],"author":[{"embeddable":true,"href":"https:\/\/laboklin.de\/de\/wp-json\/wp\/v2\/users\/1"}],"replies":[{"embeddable":true,"href":"https:\/\/laboklin.de\/de\/wp-json\/wp\/v2\/comments?post=650004"}],"version-history":[{"count":1,"href":"https:\/\/laboklin.de\/de\/wp-json\/wp\/v2\/pages\/650004\/revisions"}],"predecessor-version":[{"id":1504565,"href":"https:\/\/laboklin.de\/de\/wp-json\/wp\/v2\/pages\/650004\/revisions\/1504565"}],"up":[{"embeddable":true,"href":"https:\/\/laboklin.de\/de\/wp-json\/wp\/v2\/pages\/650000"}],"wp:attachment":[{"href":"https:\/\/laboklin.de\/de\/wp-json\/wp\/v2\/media?parent=650004"}],"curies":[{"name":"wp","href":"https:\/\/api.w.org\/{rel}","templated":true}]}}