{"id":650001,"date":"2020-10-16T11:36:27","date_gmt":"2020-10-16T09:36:27","guid":{"rendered":"https:\/\/laboklin.de\/de\/thymidinkinase"},"modified":"2025-01-29T10:56:07","modified_gmt":"2025-01-29T09:56:07","slug":"thymidinkinase","status":"publish","type":"page","link":"https:\/\/laboklin.de\/de\/leistungen\/haematologie-klin-chemie-endokrinologie\/endokrinologie-tumormarker\/thymidinkinase\/","title":{"rendered":"Thymidinkinase"},"content":{"rendered":"<h3 class=\"csc-firstHeader\">Thymidinkinase<\/h3><p><span>LABOKLIN Leistungs-ID: 1038<\/span><\/p><p class=\"bodytext\"><br><ul><li>Die Thymidinkinase (TK-1) ist das Enzym, das am Einbau des Nukleosids Thymidin in die DNA beteiligt ist, indem es Desoxythymidin zu Desoxythymidinphosphat (dTMP) umwandelt. Es ist aufgrund dessen essentiell f\u00fcr den Aufbau der DNA.<\/li><li>Die Aktivit\u00e4t der Serum-Thymidinkinase 1 (sTK-1) korreliert eng mit der DNA-Synthese und Zellproliferation. Als wesentliche Indikationen f\u00fcr die Thymidinkinasebestimmung bei malignen h\u00e4matopoetischen Neoplasien gelten die Therapiekontrolle und die fr\u00fchzeitige Rezidiverkennung.<\/li><\/ul><\/p><table class=\"tx-laboklinleistung-table contenttable contenttable-2\" style=\"margin-top: 35px;\"><tr><td class=\"td-0\"><strong>Material<\/strong><\/td><td class=\"td-1\"><p class=\"bodytext\">Serum 0,5 ml (zeitnah nach Koagulation abzentrifugiert, abpipettiert und gek\u00fchlt)<br><strong>Pferd:<\/strong> auch Brust- oder Bauchh\u00f6hlenfl\u00fcssigkeit 0,5 ml (gek\u00fchlt) (<strong>Leistungs-ID: 540<\/strong>) <\/p><\/td><\/tr><tr><td class=\"td-0\"><strong>Methode<\/strong><\/td><td class=\"td-1\"><p class=\"bodytext\">Chemoluminiszenzassay (CLIA)<\/p><\/td><\/tr><tr><td class=\"td-0\"><strong>Tierart(en)<\/strong><\/td><td class=\"td-1\"><p class=\"bodytext\">Hund, Katze, Pferd, weitere auf Anfrage<\/p><\/td><\/tr><tr><td class=\"td-0\"><strong>Dauer<\/strong><\/td><td class=\"td-1\"><p class=\"bodytext\">Befund\u00fcbermittlung am Tag des Probeneingangs (Mo.-Sa.)<\/p><\/td><\/tr><tr><td class=\"td-0\"><strong>Anmerkung<\/strong><\/td><td class=\"td-1\"><p class=\"bodytext\"><ul><li>Thymidinkinase wird vorwiegend renal ausgeschieden. So muss bei einer erh\u00f6hten Konzentration eine Einschr\u00e4nkung der Nierenfunktion differentialdiagnostisch ausgeschlossen werden.<\/li><li>Bei Patienten mit Leberzirrhose k\u00f6nnen ebenfalls erh\u00f6hte Konzentrationen beobachtet werden.<\/li><li>Im Wachstum befindliche Patienten weisen physiologisch erh\u00f6hte Konzentrationen auf.<\/li> <li>Thymidinkinase ist auch Bestandteil der Profile Tumordiagnostik klein (Hund, Katze, Pferd) und Tumordiagnostik gro\u00df (Hund). (siehe Profile Kleintiere\/Pferd \u2013 Klinisch-chemische Profile)<\/li><li><strong>Pferd:<\/strong> Die Thymidinkinase-Bestimmung aus Punktat und aus Serum sind jeweils \u00fcber separate Leistungen anforderbar.<\/li><\/ul><\/p><\/td><\/tr><\/table>\n","protected":false},"excerpt":{"rendered":"<p>ThymidinkinaseLABOKLIN Leistungs-ID: 1038Die Thymidinkinase (TK-1) ist das Enzym, das am Einbau des Nukleosids Thymidin in die DNA beteiligt ist, indem es Desoxythymidin zu Desoxythymidinphosphat (dTMP) umwandelt. Es ist aufgrund dessen essentiell f\u00fcr den Aufbau der DNA.Die Aktivit\u00e4t der Serum-Thymidinkinase 1 (sTK-1) korreliert eng mit der DNA-Synthese und Zellproliferation. Als wesentliche Indikationen f\u00fcr die Thymidinkinasebestimmung bei&hellip;<\/p>\n","protected":false},"author":1,"featured_media":0,"parent":650000,"menu_order":39,"comment_status":"closed","ping_status":"closed","template":"","meta":{"_seopress_robots_primary_cat":"","_seopress_titles_title":"","_seopress_titles_desc":"","_seopress_robots_index":"","footnotes":""},"class_list":["post-650001","page","type-page","status-publish","hentry","description-off"],"_links":{"self":[{"href":"https:\/\/laboklin.de\/de\/wp-json\/wp\/v2\/pages\/650001","targetHints":{"allow":["GET"]}}],"collection":[{"href":"https:\/\/laboklin.de\/de\/wp-json\/wp\/v2\/pages"}],"about":[{"href":"https:\/\/laboklin.de\/de\/wp-json\/wp\/v2\/types\/page"}],"author":[{"embeddable":true,"href":"https:\/\/laboklin.de\/de\/wp-json\/wp\/v2\/users\/1"}],"replies":[{"embeddable":true,"href":"https:\/\/laboklin.de\/de\/wp-json\/wp\/v2\/comments?post=650001"}],"version-history":[{"count":1,"href":"https:\/\/laboklin.de\/de\/wp-json\/wp\/v2\/pages\/650001\/revisions"}],"predecessor-version":[{"id":1504568,"href":"https:\/\/laboklin.de\/de\/wp-json\/wp\/v2\/pages\/650001\/revisions\/1504568"}],"up":[{"embeddable":true,"href":"https:\/\/laboklin.de\/de\/wp-json\/wp\/v2\/pages\/650000"}],"wp:attachment":[{"href":"https:\/\/laboklin.de\/de\/wp-json\/wp\/v2\/media?parent=650001"}],"curies":[{"name":"wp","href":"https:\/\/api.w.org\/{rel}","templated":true}]}}