{"id":640015,"date":"2020-10-16T11:36:27","date_gmt":"2020-10-16T09:36:27","guid":{"rendered":"https:\/\/laboklin.de\/de\/serumproteinelektrophorese"},"modified":"2025-01-29T09:31:36","modified_gmt":"2025-01-29T08:31:36","slug":"serumproteinelektrophorese","status":"publish","type":"page","link":"https:\/\/laboklin.de\/de\/leistungen\/haematologie-klin-chemie-endokrinologie\/immunologische-untersuchungen-entzuendungsparameter\/serumproteinelektrophorese\/","title":{"rendered":"Serumproteinelektrophorese"},"content":{"rendered":"<h3 class=\"csc-firstHeader\">Serumproteinelektrophorese<\/h3><p><span>LABOKLIN Leistungs-ID: 1003<\/span><\/p><table class=\"tx-laboklinleistung-table contenttable contenttable-2\" style=\"margin-top: 35px;\"><tr><td class=\"td-0\"><strong>Material<\/strong><\/td><td class=\"td-1\"><p class=\"bodytext\">Serum oder Heparin-Plasma 0,5 ml<\/p><\/td><\/tr><tr><td class=\"td-0\"><strong>Methode<\/strong><\/td><td class=\"td-1\"><p class=\"bodytext\">Kapillarelektrophorese<\/p><\/td><\/tr><tr><td class=\"td-0\"><strong>Dauer<\/strong><\/td><td class=\"td-1\"><p class=\"bodytext\">Befund\u00fcbermittlung am Tag des Probeneingangs (Mo.-Fr.)<\/p><\/td><\/tr><tr><td class=\"td-0\"><strong>Anmerkung<\/strong><\/td><td class=\"td-1\"><p class=\"bodytext\"><ul><li> Umfasst die Auftrennung der Proteinfraktionen Albumin, \u03b1-, \u03b2-, \u03b3-Globuline sowie den Albumin-Globulin-Quotienten.<\/li><li>Akute Entz\u00fcndungen f\u00fchren zu einem Anstieg der \u03b1- und\/oder \u03b2-Globulinfraktion. Polyklonale Hypergammaglobulin\u00e4mien werden durch infekti\u00f6se, immunbedingte oder neoplastische Erkrankungen verursacht. Besonders bei der felinen infekti\u00f6sen Peritonitis (FIP) dient diese Untersuchung zur Erh\u00e4rtung des klinischen Verdachts. Monoklonale Gammopathien finden sich sowohl bei Plasmozytomen als auch im Verlauf einiger Infektionskrankheiten, darunter Leishmaniose, Anaplasmose und Ehrlichiose. <\/li><li>Der Gehalt an Albumin, der \u03b1- und \u03b2-Globulinfraktion ist bei schweren Lebererkrankungen erniedrigt.<\/li><li>Bei Verwendung von Plasma ist ein zus\u00e4tzlicher kleiner Peak in der \u03b2-Globulinfraktion durch die Gerinnungsfaktoren m\u00f6glich.<\/li><\/ul><\/p><\/td><\/tr><\/table>\n","protected":false},"excerpt":{"rendered":"<p>SerumproteinelektrophoreseLABOKLIN Leistungs-ID: 1003MaterialSerum oder Heparin-Plasma 0,5 mlMethodeKapillarelektrophoreseDauerBefund\u00fcbermittlung am Tag des Probeneingangs (Mo.-Fr.)Anmerkung Umfasst die Auftrennung der Proteinfraktionen Albumin, \u03b1-, \u03b2-, \u03b3-Globuline sowie den Albumin-Globulin-Quotienten.Akute Entz\u00fcndungen f\u00fchren zu einem Anstieg der \u03b1- und\/oder \u03b2-Globulinfraktion. Polyklonale Hypergammaglobulin\u00e4mien werden durch infekti\u00f6se, immunbedingte oder neoplastische Erkrankungen verursacht. Besonders bei der felinen infekti\u00f6sen Peritonitis (FIP) dient diese Untersuchung zur Erh\u00e4rtung&hellip;<\/p>\n","protected":false},"author":1,"featured_media":0,"parent":640000,"menu_order":11,"comment_status":"closed","ping_status":"closed","template":"","meta":{"_seopress_robots_primary_cat":"","_seopress_titles_title":"","_seopress_titles_desc":"","_seopress_robots_index":"","footnotes":""},"class_list":["post-640015","page","type-page","status-publish","hentry","description-off"],"_links":{"self":[{"href":"https:\/\/laboklin.de\/de\/wp-json\/wp\/v2\/pages\/640015","targetHints":{"allow":["GET"]}}],"collection":[{"href":"https:\/\/laboklin.de\/de\/wp-json\/wp\/v2\/pages"}],"about":[{"href":"https:\/\/laboklin.de\/de\/wp-json\/wp\/v2\/types\/page"}],"author":[{"embeddable":true,"href":"https:\/\/laboklin.de\/de\/wp-json\/wp\/v2\/users\/1"}],"replies":[{"embeddable":true,"href":"https:\/\/laboklin.de\/de\/wp-json\/wp\/v2\/comments?post=640015"}],"version-history":[{"count":1,"href":"https:\/\/laboklin.de\/de\/wp-json\/wp\/v2\/pages\/640015\/revisions"}],"predecessor-version":[{"id":1504486,"href":"https:\/\/laboklin.de\/de\/wp-json\/wp\/v2\/pages\/640015\/revisions\/1504486"}],"up":[{"embeddable":true,"href":"https:\/\/laboklin.de\/de\/wp-json\/wp\/v2\/pages\/640000"}],"wp:attachment":[{"href":"https:\/\/laboklin.de\/de\/wp-json\/wp\/v2\/media?parent=640015"}],"curies":[{"name":"wp","href":"https:\/\/api.w.org\/{rel}","templated":true}]}}