{"id":640012,"date":"2020-10-16T11:36:27","date_gmt":"2020-10-16T09:36:27","guid":{"rendered":"https:\/\/laboklin.de\/de\/antinukleaere-antikoerper-ana"},"modified":"2025-01-28T13:40:28","modified_gmt":"2025-01-28T12:40:28","slug":"antinukleaere-antikoerper-ana","status":"publish","type":"page","link":"https:\/\/laboklin.de\/de\/leistungen\/haematologie-klin-chemie-endokrinologie\/immunologische-untersuchungen-entzuendungsparameter\/antinukleaere-antikoerper-ana\/","title":{"rendered":"Antinukle\u00e4re Antik\u00f6rper (ANA)"},"content":{"rendered":"<h3 class=\"csc-firstHeader\">Antinukle\u00e4re Antik\u00f6rper (ANA)<\/h3><p><span>LABOKLIN Leistungs-ID: 179<\/span><\/p><p class=\"bodytext\"><br>Der Test dient dem serologischen Nachweis von Autoimmunkrankheiten (z. B. Lupus erythematodes).<\/p><table class=\"tx-laboklinleistung-table contenttable contenttable-2\" style=\"margin-top: 35px;\"><tr><td class=\"td-0\"><strong>Material<\/strong><\/td><td class=\"td-1\"><p class=\"bodytext\">Serum oder EDTA-Plasma oder Heparin-Plasma 0,5 ml<\/p><\/td><\/tr><tr><td class=\"td-0\"><strong>Methode<\/strong><\/td><td class=\"td-1\"><p class=\"bodytext\">indirekter Fluoreszenz-Antik\u00f6rpertest (IFAT)<\/p><\/td><\/tr><tr><td class=\"td-0\"><strong>Dauer<\/strong><\/td><td class=\"td-1\"><p class=\"bodytext\">Befund\u00fcbermittlung am Tag des Probeneingangs (Mo.-Fr.)<\/p><\/td><\/tr><tr><td class=\"td-0\"><strong>Anmerkung<\/strong><\/td><td class=\"td-1\"><p class=\"bodytext\">Bei negativem Ergebnis sollte evtl. zus\u00e4tzlich ein Bioptat untersucht werden, da der serologische Nachweis besonders bei lokalen Ver\u00e4nderungen negativ sein kann. Niedrig positive Titer k\u00f6nnen auch bei vielen Allgemeinerkrankungen auftreten.<\/p><\/td><\/tr><\/table>\n","protected":false},"excerpt":{"rendered":"<p>Antinukle\u00e4re Antik\u00f6rper (ANA)LABOKLIN Leistungs-ID: 179Der Test dient dem serologischen Nachweis von Autoimmunkrankheiten (z. B. Lupus erythematodes).MaterialSerum oder EDTA-Plasma oder Heparin-Plasma 0,5 mlMethodeindirekter Fluoreszenz-Antik\u00f6rpertest (IFAT)DauerBefund\u00fcbermittlung am Tag des Probeneingangs (Mo.-Fr.)AnmerkungBei negativem Ergebnis sollte evtl. zus\u00e4tzlich ein Bioptat untersucht werden, da der serologische Nachweis besonders bei lokalen Ver\u00e4nderungen negativ sein kann. Niedrig positive Titer k\u00f6nnen auch bei&hellip;<\/p>\n","protected":false},"author":1,"featured_media":0,"parent":640000,"menu_order":4,"comment_status":"closed","ping_status":"closed","template":"","meta":{"_seopress_robots_primary_cat":"","_seopress_titles_title":"","_seopress_titles_desc":"","_seopress_robots_index":"","footnotes":""},"class_list":["post-640012","page","type-page","status-publish","hentry","description-off"],"_links":{"self":[{"href":"https:\/\/laboklin.de\/de\/wp-json\/wp\/v2\/pages\/640012","targetHints":{"allow":["GET"]}}],"collection":[{"href":"https:\/\/laboklin.de\/de\/wp-json\/wp\/v2\/pages"}],"about":[{"href":"https:\/\/laboklin.de\/de\/wp-json\/wp\/v2\/types\/page"}],"author":[{"embeddable":true,"href":"https:\/\/laboklin.de\/de\/wp-json\/wp\/v2\/users\/1"}],"replies":[{"embeddable":true,"href":"https:\/\/laboklin.de\/de\/wp-json\/wp\/v2\/comments?post=640012"}],"version-history":[{"count":1,"href":"https:\/\/laboklin.de\/de\/wp-json\/wp\/v2\/pages\/640012\/revisions"}],"predecessor-version":[{"id":1504421,"href":"https:\/\/laboklin.de\/de\/wp-json\/wp\/v2\/pages\/640012\/revisions\/1504421"}],"up":[{"embeddable":true,"href":"https:\/\/laboklin.de\/de\/wp-json\/wp\/v2\/pages\/640000"}],"wp:attachment":[{"href":"https:\/\/laboklin.de\/de\/wp-json\/wp\/v2\/media?parent=640012"}],"curies":[{"name":"wp","href":"https:\/\/api.w.org\/{rel}","templated":true}]}}