{"id":640010,"date":"2020-10-16T11:36:27","date_gmt":"2020-10-16T09:36:27","guid":{"rendered":"https:\/\/laboklin.de\/de\/immunglobulin-g-igg-bei-neugeborenen"},"modified":"2025-01-28T13:43:45","modified_gmt":"2025-01-28T12:43:45","slug":"immunglobulin-g-igg-bei-neugeborenen","status":"publish","type":"page","link":"https:\/\/laboklin.de\/de\/leistungen\/haematologie-klin-chemie-endokrinologie\/immunologische-untersuchungen-entzuendungsparameter\/immunglobulin-g-igg-bei-neugeborenen\/","title":{"rendered":"Immunglobulin G (IgG) bei Neugeborenen"},"content":{"rendered":"<h3 class=\"csc-firstHeader\">Immunglobulin G (IgG) bei Neugeborenen <\/h3><p><span>LABOKLIN Leistungs-ID: 748<\/span><\/p><p class=\"bodytext\"><br><ul><li><strong>Neugeborene:<\/strong> Fohlen, K\u00e4lber, L\u00e4mmer, Zicklein, Crias und Ferkel haben bei der Geburt nur marginale IgG-Konzentrationen im Blut. Sie nehmen IgG \u00fcber das Kolostrum auf. Der IgG-Gehalt ist der Indikator f\u00fcr eine ausreichende Versorgung mit Kolostrum. <\/li><li><strong>Fohlen:<\/strong> Der Mangel an maternalen Antik\u00f6rpern ist einer der wichtigsten pr\u00e4disponierenden Faktoren f\u00fcr infekti\u00f6se Fohlenerkrankungen. Die Bestimmung der IgG-Konzentration im Blut neugeborener Fohlen mittels Kapillarelektrophorese erm\u00f6glicht im Vergleich zu semiquantitativen Enzymimmunoassays eine exakte Quantifizierung. Somit ist eine fr\u00fchzeitige Diagnose eines Kolostrummangels vor dem Auftreten von Infektionen und eine rechtzeitige Einleitung therapeutischer Ma\u00dfnahmen wie z. B. Plasmatransfusionen m\u00f6glich.<\/li><\/ul><\/p><table class=\"tx-laboklinleistung-table contenttable contenttable-2\" style=\"margin-top: 35px;\"><tr><td class=\"td-0\"><strong>Material<\/strong><\/td><td class=\"td-1\"><p class=\"bodytext\">Serum 0,5 ml<\/p><\/td><\/tr><tr><td class=\"td-0\"><strong>Methode<\/strong><\/td><td class=\"td-1\"><p class=\"bodytext\">Kapillarelektrophorese<\/p><\/td><\/tr><tr><td class=\"td-0\"><strong>Dauer<\/strong><\/td><td class=\"td-1\"><p class=\"bodytext\">Befund\u00fcbermittlung am Tag des Probeneingangs (Mo.-Sa.)<\/p><\/td><\/tr><\/table>\n","protected":false},"excerpt":{"rendered":"<p>Immunglobulin G (IgG) bei Neugeborenen LABOKLIN Leistungs-ID: 748Neugeborene: Fohlen, K\u00e4lber, L\u00e4mmer, Zicklein, Crias und Ferkel haben bei der Geburt nur marginale IgG-Konzentrationen im Blut. Sie nehmen IgG \u00fcber das Kolostrum auf. Der IgG-Gehalt ist der Indikator f\u00fcr eine ausreichende Versorgung mit Kolostrum. Fohlen: Der Mangel an maternalen Antik\u00f6rpern ist einer der wichtigsten pr\u00e4disponierenden Faktoren f\u00fcr&hellip;<\/p>\n","protected":false},"author":1,"featured_media":0,"parent":640000,"menu_order":5,"comment_status":"closed","ping_status":"closed","template":"","meta":{"_seopress_robots_primary_cat":"","_seopress_titles_title":"","_seopress_titles_desc":"","_seopress_robots_index":"","footnotes":""},"class_list":["post-640010","page","type-page","status-publish","hentry","description-off"],"_links":{"self":[{"href":"https:\/\/laboklin.de\/de\/wp-json\/wp\/v2\/pages\/640010","targetHints":{"allow":["GET"]}}],"collection":[{"href":"https:\/\/laboklin.de\/de\/wp-json\/wp\/v2\/pages"}],"about":[{"href":"https:\/\/laboklin.de\/de\/wp-json\/wp\/v2\/types\/page"}],"author":[{"embeddable":true,"href":"https:\/\/laboklin.de\/de\/wp-json\/wp\/v2\/users\/1"}],"replies":[{"embeddable":true,"href":"https:\/\/laboklin.de\/de\/wp-json\/wp\/v2\/comments?post=640010"}],"version-history":[{"count":1,"href":"https:\/\/laboklin.de\/de\/wp-json\/wp\/v2\/pages\/640010\/revisions"}],"predecessor-version":[{"id":1504437,"href":"https:\/\/laboklin.de\/de\/wp-json\/wp\/v2\/pages\/640010\/revisions\/1504437"}],"up":[{"embeddable":true,"href":"https:\/\/laboklin.de\/de\/wp-json\/wp\/v2\/pages\/640000"}],"wp:attachment":[{"href":"https:\/\/laboklin.de\/de\/wp-json\/wp\/v2\/media?parent=640010"}],"curies":[{"name":"wp","href":"https:\/\/api.w.org\/{rel}","templated":true}]}}