{"id":640007,"date":"2020-10-16T11:36:27","date_gmt":"2020-10-16T09:36:27","guid":{"rendered":"https:\/\/laboklin.de\/de\/leukaemie-klassifizierung-immunophaenotypisierung"},"modified":"2025-01-29T09:26:16","modified_gmt":"2025-01-29T08:26:16","slug":"leukaemie-immunophaenotypisierung","status":"publish","type":"page","link":"https:\/\/laboklin.de\/de\/leistungen\/haematologie-klin-chemie-endokrinologie\/immunologische-untersuchungen-entzuendungsparameter\/leukaemie-immunophaenotypisierung\/","title":{"rendered":"Leuk\u00e4mie-Immunoph\u00e4notypisierung"},"content":{"rendered":"<h3 class=\"csc-firstHeader\">Leuk\u00e4mie-Immunoph\u00e4notypisierung<\/h3><p><span>LABOKLIN Leistungs-ID: 64<\/span><\/p><p class=\"bodytext\"><br><\/p><table class=\"tx-laboklinleistung-table contenttable contenttable-2\" style=\"margin-top: 35px;\"><tr><td class=\"td-0\"><strong>Material<\/strong><\/td><td class=\"td-1\"><p class=\"bodytext\">Lymphknotenaspirat (in NaCl-Serum-Gemisch, sollte im Mischungsverh\u00e4ltnis 50:50 geschickt werden), peripheres Blut (EDTA-Blut oder Heparin-Blut 2 ml) + Zytologie\/Blutausstrich <br>(maximales <strong>Probenalter<\/strong> - l\u00e4nderspezifisch! - siehe <strong>Untersuchungsauftrag<\/strong>)<\/p><\/td><\/tr><tr><td class=\"td-0\"><strong>Methode<\/strong><\/td><td class=\"td-1\"><p class=\"bodytext\">Durchflusszytometrie<\/p><\/td><\/tr><tr><td class=\"td-0\"><strong>Tierart(en)<\/strong><\/td><td class=\"td-1\"><p class=\"bodytext\">Hund, Katze, Pferd<\/p><\/td><\/tr><tr><td class=\"td-0\"><strong>Dauer<\/strong><\/td><td class=\"td-1\"><p class=\"bodytext\">1-2 Arbeitstage<\/p><\/td><\/tr><tr><td class=\"td-0\"><strong>Anmerkung<\/strong><\/td><td class=\"td-1\"><p class=\"bodytext\"><ul><li>Es ist empfehlenswert, mehr Material einzusenden, wenn dies m\u00f6glich ist. Bei niedriger Gesamtleukozytenzahl wird bis zu 5 ml Probenvolumen ben\u00f6tigt. <\/li> <li>Bei > 30.000 Lymphozyten oder bei positiver Klonalit\u00e4t mittels PARR (siehe Rubrik Pathologie\/Lymphozytenklonalit\u00e4t) kann die Leuk\u00e4mie-Immunoph\u00e4notypisierung die Unterscheidung zwischen lymphoproliferativer Neoplasie (Lymphom oder Leuk\u00e4mie; B- und T-Zell) und myeolischer Leuk\u00e4mie erm\u00f6glichen. Beim Hund kann weiterhin zwischen akuten und chronischen Formen differenziert werden. Diese Differenzierungen liefern Hinweise f\u00fcr die Prognose und Therapie. <\/li> <li>Die Leuk\u00e4mie-Immunoph\u00e4notypisierung ist auch Bestandteil des Leuk\u00e4mie-\/Lymphom-Profils.<\/li><\/ul><\/p><\/td><\/tr><\/table>\n","protected":false},"excerpt":{"rendered":"<p>Leuk\u00e4mie-Immunoph\u00e4notypisierungLABOKLIN Leistungs-ID: 64MaterialLymphknotenaspirat (in NaCl-Serum-Gemisch, sollte im Mischungsverh\u00e4ltnis 50:50 geschickt werden), peripheres Blut (EDTA-Blut oder Heparin-Blut 2 ml) + Zytologie\/Blutausstrich (maximales Probenalter &#8211; l\u00e4nderspezifisch! &#8211; siehe Untersuchungsauftrag)MethodeDurchflusszytometrieTierart(en)Hund, Katze, PferdDauer1-2 ArbeitstageAnmerkungEs ist empfehlenswert, mehr Material einzusenden, wenn dies m\u00f6glich ist. Bei niedriger Gesamtleukozytenzahl wird bis zu 5 ml Probenvolumen ben\u00f6tigt. Bei > 30.000 Lymphozyten oder bei&hellip;<\/p>\n","protected":false},"author":1,"featured_media":0,"parent":640000,"menu_order":14,"comment_status":"closed","ping_status":"closed","template":"","meta":{"_seopress_robots_primary_cat":"","_seopress_titles_title":"","_seopress_titles_desc":"","_seopress_robots_index":"","footnotes":""},"class_list":["post-640007","page","type-page","status-publish","hentry","description-off"],"_links":{"self":[{"href":"https:\/\/laboklin.de\/de\/wp-json\/wp\/v2\/pages\/640007","targetHints":{"allow":["GET"]}}],"collection":[{"href":"https:\/\/laboklin.de\/de\/wp-json\/wp\/v2\/pages"}],"about":[{"href":"https:\/\/laboklin.de\/de\/wp-json\/wp\/v2\/types\/page"}],"author":[{"embeddable":true,"href":"https:\/\/laboklin.de\/de\/wp-json\/wp\/v2\/users\/1"}],"replies":[{"embeddable":true,"href":"https:\/\/laboklin.de\/de\/wp-json\/wp\/v2\/comments?post=640007"}],"version-history":[{"count":1,"href":"https:\/\/laboklin.de\/de\/wp-json\/wp\/v2\/pages\/640007\/revisions"}],"predecessor-version":[{"id":1316073,"href":"https:\/\/laboklin.de\/de\/wp-json\/wp\/v2\/pages\/640007\/revisions\/1316073"}],"up":[{"embeddable":true,"href":"https:\/\/laboklin.de\/de\/wp-json\/wp\/v2\/pages\/640000"}],"wp:attachment":[{"href":"https:\/\/laboklin.de\/de\/wp-json\/wp\/v2\/media?parent=640007"}],"curies":[{"name":"wp","href":"https:\/\/api.w.org\/{rel}","templated":true}]}}