{"id":630005,"date":"2020-10-16T11:36:27","date_gmt":"2020-10-16T09:36:27","guid":{"rendered":"https:\/\/laboklin.de\/de\/mikroalbumin"},"modified":"2025-01-28T13:38:26","modified_gmt":"2025-01-28T12:38:26","slug":"mikroalbumin","status":"publish","type":"page","link":"https:\/\/laboklin.de\/de\/leistungen\/haematologie-klin-chemie-endokrinologie\/harnanalyse\/mikroalbumin\/","title":{"rendered":"Mikroalbumin"},"content":{"rendered":"<h3 class=\"csc-firstHeader\">Mikroalbumin<\/h3><p><span>LABOKLIN Leistungs-ID: 2007<\/span><\/p><p class=\"bodytext\"><br><\/p><table class=\"tx-laboklinleistung-table contenttable contenttable-2\" style=\"margin-top: 35px;\"><tr><td class=\"td-0\"><strong>Material<\/strong><\/td><td class=\"td-1\"><p class=\"bodytext\">Harn 0,5 ml (idealerweise Morgenharn; Probe rasch zentrifugieren, \u00dcberstand verwenden)<\/p><\/td><\/tr><tr><td class=\"td-0\"><strong>Methode<\/strong><\/td><td class=\"td-1\"><p class=\"bodytext\">Photometrie<\/p><\/td><\/tr><tr><td class=\"td-0\"><strong>Tierart(en)<\/strong><\/td><td class=\"td-1\"><p class=\"bodytext\">Hund, Katze<\/p><\/td><\/tr><tr><td class=\"td-0\"><strong>Dauer<\/strong><\/td><td class=\"td-1\"><p class=\"bodytext\">1-2 Arbeitstage<\/p><\/td><\/tr><tr><td class=\"td-0\"><strong>Anmerkung<\/strong><\/td><td class=\"td-1\"><p class=\"bodytext\"><ul><li>Mikroalbumin bezeichnet Mikromengen an Albumin.<\/li><li>Die Mikroalbuminbestimmung aus Harn dient der Fr\u00fcherkennung glomerul\u00e4rer Sch\u00e4digungen. Sie erm\u00f6glicht den Nachweis geringf\u00fcgiger Albuminverluste, die mit herk\u00f6mmlichen Proteinbestimmungen nicht erfasst werden. Es ist ein sensitiver Marker f\u00fcr fr\u00fche Nierenerkrankungen sowie f\u00fcr systemische Erkrankungen mit glomerul\u00e4rer Beteiligung (z. B. Diabetes mellitus, Hyperadrenokortizismus beim <strong>Hund<\/strong>, Hypertonie, Infektionen wie z. B. Leishmaniose, Entz\u00fcndungen). <\/li><li>Der Test weist bereits Fr\u00fchzeichen einer glomerul\u00e4ren Filtrationsst\u00f6rung oder endothelialen Sch\u00e4digung vor Anstieg von Kreatinin oder SDMA nach. Mikroalbumin kann bereits transient (z. B. nach starker k\u00f6rperlicher Belastung, Fieber, Stress) erh\u00f6ht sein, aber auch persistierend (pathologisch) erh\u00f6ht sein.<\/li><li>Bei der <strong>Katze<\/strong> ist Mikroalbumin auch bei Hyperthyreose und in der CNI-Progressionskontrolle als erg\u00e4nzender Parameter zum U-P\/C-Quotienten (siehe Protein\/Kreatinin-Quotient) geeignet. <\/li><li>H\u00e4maturie, Pyurie oder Infektionen k\u00f6nnen zu falsch erh\u00f6hten Messergebnissen f\u00fchren, deshalb ist das Harnsediment mitzubewerten. Das Harnsediment ist als eigene Untersuchung anzufordern; bei gleichzeitiger Anforderung mit der Mikroalbumin-Bestimmung ist f\u00fcr das Harnsediment eine zus\u00e4tzliche Harnprobe einzuschicken.<\/li><\/ul><\/p><\/td><\/tr><\/table>\n","protected":false},"excerpt":{"rendered":"<p>MikroalbuminLABOKLIN Leistungs-ID: 2007MaterialHarn 0,5 ml (idealerweise Morgenharn; Probe rasch zentrifugieren, \u00dcberstand verwenden)MethodePhotometrieTierart(en)Hund, KatzeDauer1-2 ArbeitstageAnmerkungMikroalbumin bezeichnet Mikromengen an Albumin.Die Mikroalbuminbestimmung aus Harn dient der Fr\u00fcherkennung glomerul\u00e4rer Sch\u00e4digungen. Sie erm\u00f6glicht den Nachweis geringf\u00fcgiger Albuminverluste, die mit herk\u00f6mmlichen Proteinbestimmungen nicht erfasst werden. Es ist ein sensitiver Marker f\u00fcr fr\u00fche Nierenerkrankungen sowie f\u00fcr systemische Erkrankungen mit glomerul\u00e4rer Beteiligung (z.&hellip;<\/p>\n","protected":false},"author":1,"featured_media":0,"parent":630000,"menu_order":7,"comment_status":"closed","ping_status":"closed","template":"","meta":{"_seopress_robots_primary_cat":"","_seopress_titles_title":"","_seopress_titles_desc":"","_seopress_robots_index":"","footnotes":""},"class_list":["post-630005","page","type-page","status-publish","hentry","description-off"],"_links":{"self":[{"href":"https:\/\/laboklin.de\/de\/wp-json\/wp\/v2\/pages\/630005","targetHints":{"allow":["GET"]}}],"collection":[{"href":"https:\/\/laboklin.de\/de\/wp-json\/wp\/v2\/pages"}],"about":[{"href":"https:\/\/laboklin.de\/de\/wp-json\/wp\/v2\/types\/page"}],"author":[{"embeddable":true,"href":"https:\/\/laboklin.de\/de\/wp-json\/wp\/v2\/users\/1"}],"replies":[{"embeddable":true,"href":"https:\/\/laboklin.de\/de\/wp-json\/wp\/v2\/comments?post=630005"}],"version-history":[{"count":1,"href":"https:\/\/laboklin.de\/de\/wp-json\/wp\/v2\/pages\/630005\/revisions"}],"predecessor-version":[{"id":1504417,"href":"https:\/\/laboklin.de\/de\/wp-json\/wp\/v2\/pages\/630005\/revisions\/1504417"}],"up":[{"embeddable":true,"href":"https:\/\/laboklin.de\/de\/wp-json\/wp\/v2\/pages\/630000"}],"wp:attachment":[{"href":"https:\/\/laboklin.de\/de\/wp-json\/wp\/v2\/media?parent=630005"}],"curies":[{"name":"wp","href":"https:\/\/api.w.org\/{rel}","templated":true}]}}