{"id":623011,"date":"2020-10-16T11:36:27","date_gmt":"2020-10-16T09:36:27","guid":{"rendered":"https:\/\/laboklin.de\/de\/fe-eisen"},"modified":"2025-01-28T13:24:34","modified_gmt":"2025-01-28T12:24:34","slug":"fe-eisen","status":"publish","type":"page","link":"https:\/\/laboklin.de\/de\/leistungen\/haematologie-klin-chemie-endokrinologie\/klinisch-chemische-parameter\/mineralstoffe-und-elektrolyte\/fe-eisen\/","title":{"rendered":"Fe (Eisen)"},"content":{"rendered":"<h3 class=\"csc-firstHeader\">Fe (Eisen)<\/h3><p><span>LABOKLIN Leistungs-ID: 28<\/span><\/p><p class=\"bodytext\"><br><ul><li>Eisen liegt im K\u00f6rper in Form von H\u00e4mo- und Myoglobin vor und ist dar\u00fcber hinaus Bestandteil vieler Enzyme. Im Serum ist es vor allem an Transportproteine gebunden.<\/li><li>Eisen ist ein negativer Akute-Phase-Marker, d. h. bei akuten Entz\u00fcndungen kommt es zu einem relativen oder absoluten Abfall der Serumkonzentration. <\/li><li>Erh\u00f6hte Serum-Eisenkonzentrationen treten bei Sch\u00e4den des Leberparenchyms (akute Hepatitis, Zirrhose) auf. Bei den seltenen H\u00e4mochromatosen kommt es im Zusammenhang mit den erh\u00f6hten Serum-Eisenkonzentrationen auch zu Ablagerungen in Leber und Muskel. Erh\u00f6hte Konzentrationen k\u00f6nnen auch bei schlechter Probenqualit\u00e4t auftreten. <\/li><li>Die Eisenbestimmung ist auch Teil des Eisenstoffwechselprofils. Dieses ist hilfreich bei der Unterscheidung zwischen einem absoluten Eisenmangel (beispielsweise durch chronischen Blutverlust) und einem funktionellen Eisenmangel (z. B. als Folge entz\u00fcndlicher, infekti\u00f6ser oder neoplastischer Prozesse). <\/li><\/ul><\/p><table class=\"tx-laboklinleistung-table contenttable contenttable-2\" style=\"margin-top: 35px;\"><tr><td class=\"td-0\"><strong>Material<\/strong><\/td><td class=\"td-1\"><p class=\"bodytext\">Serum oder Heparin-Plasma 0,5 ml<\/p><\/td><\/tr><tr><td class=\"td-0\"><strong>Methode<\/strong><\/td><td class=\"td-1\"><p class=\"bodytext\">Photometrie<\/p><\/td><\/tr><tr><td class=\"td-0\"><strong>Dauer<\/strong><\/td><td class=\"td-1\"><p class=\"bodytext\">Befund\u00fcbermittlung am Tag des Probeneingangs (Mo.\u2013Sa.)<\/p><\/td><\/tr><tr><td class=\"td-0\"><strong>Anmerkung<\/strong><\/td><td class=\"td-1\"><p class=\"bodytext\">Die Bestimmung des Eisens ist aus EDTA-Plasma nicht m\u00f6glich.<\/p><\/td><\/tr><\/table>\n","protected":false},"excerpt":{"rendered":"<p>Fe (Eisen)LABOKLIN Leistungs-ID: 28Eisen liegt im K\u00f6rper in Form von H\u00e4mo- und Myoglobin vor und ist dar\u00fcber hinaus Bestandteil vieler Enzyme. Im Serum ist es vor allem an Transportproteine gebunden.Eisen ist ein negativer Akute-Phase-Marker, d. h. bei akuten Entz\u00fcndungen kommt es zu einem relativen oder absoluten Abfall der Serumkonzentration. Erh\u00f6hte Serum-Eisenkonzentrationen treten bei Sch\u00e4den des&hellip;<\/p>\n","protected":false},"author":1,"featured_media":0,"parent":623000,"menu_order":2,"comment_status":"closed","ping_status":"closed","template":"","meta":{"_seopress_robots_primary_cat":"","_seopress_titles_title":"","_seopress_titles_desc":"","_seopress_robots_index":"","footnotes":""},"class_list":["post-623011","page","type-page","status-publish","hentry","description-off"],"_links":{"self":[{"href":"https:\/\/laboklin.de\/de\/wp-json\/wp\/v2\/pages\/623011","targetHints":{"allow":["GET"]}}],"collection":[{"href":"https:\/\/laboklin.de\/de\/wp-json\/wp\/v2\/pages"}],"about":[{"href":"https:\/\/laboklin.de\/de\/wp-json\/wp\/v2\/types\/page"}],"author":[{"embeddable":true,"href":"https:\/\/laboklin.de\/de\/wp-json\/wp\/v2\/users\/1"}],"replies":[{"embeddable":true,"href":"https:\/\/laboklin.de\/de\/wp-json\/wp\/v2\/comments?post=623011"}],"version-history":[{"count":1,"href":"https:\/\/laboklin.de\/de\/wp-json\/wp\/v2\/pages\/623011\/revisions"}],"predecessor-version":[{"id":1504370,"href":"https:\/\/laboklin.de\/de\/wp-json\/wp\/v2\/pages\/623011\/revisions\/1504370"}],"up":[{"embeddable":true,"href":"https:\/\/laboklin.de\/de\/wp-json\/wp\/v2\/pages\/623000"}],"wp:attachment":[{"href":"https:\/\/laboklin.de\/de\/wp-json\/wp\/v2\/media?parent=623011"}],"curies":[{"name":"wp","href":"https:\/\/api.w.org\/{rel}","templated":true}]}}