{"id":623010,"date":"2020-10-16T11:36:27","date_gmt":"2020-10-16T09:36:27","guid":{"rendered":"https:\/\/laboklin.de\/de\/k-kalium"},"modified":"2025-01-28T13:26:45","modified_gmt":"2025-01-28T12:26:45","slug":"k-kalium","status":"publish","type":"page","link":"https:\/\/laboklin.de\/de\/leistungen\/haematologie-klin-chemie-endokrinologie\/klinisch-chemische-parameter\/mineralstoffe-und-elektrolyte\/k-kalium\/","title":{"rendered":"K (Kalium)"},"content":{"rendered":"<h3 class=\"csc-firstHeader\">K (Kalium)<\/h3><p><span>LABOKLIN Leistungs-ID: 29<\/span><\/p><p class=\"bodytext\"><br><\/p><table class=\"tx-laboklinleistung-table contenttable contenttable-2\" style=\"margin-top: 35px;\"><tr><td class=\"td-0\"><strong>Material<\/strong><\/td><td class=\"td-1\"><p class=\"bodytext\">Serum oder Heparin-Plasma 0,5 ml<\/p><\/td><\/tr><tr><td class=\"td-0\"><strong>Methode<\/strong><\/td><td class=\"td-1\"><p class=\"bodytext\">Ionenselektive Elektrode (ISE)<\/p><\/td><\/tr><tr><td class=\"td-0\"><strong>Dauer<\/strong><\/td><td class=\"td-1\"><p class=\"bodytext\">Befund\u00fcbermittlung am Tag des Probeneingangs (Mo.\u2013Sa.)<\/p><\/td><\/tr><tr><td class=\"td-0\"><strong>Anmerkung<\/strong><\/td><td class=\"td-1\"><p class=\"bodytext\"><ul><li>Kalium als das wichtigste intrazellul\u00e4re Kation spielt eine zentrale Rolle f\u00fcr die elektrische Erregbarkeit von Nerven- und Muskelzellen. Es ist essentiell f\u00fcr den S\u00e4ure-Basen-Haushalt und die Osmoregulation. Ca. 98 % des Gesamtkaliums befinden sich intrazellul\u00e4r.<\/li><li><strong>Hund<\/strong>: Hyperkali\u00e4mie ist charakteristisch bei Hypoadrenokortizismus (M. Addison); Hypokali\u00e4mie ist h\u00e4ufig bei Erbrechen, Diuretikatherapie oder chronischer Nierenerkrankung.<\/li><li><strong>Katze<\/strong>: Hypokali\u00e4mie tritt v. a. bei chronischer Nierenerkrankung, Anorexie oder hypokali\u00e4mischer Myopathie auf; Hyperkali\u00e4mie ist selten und meist sekund\u00e4r bedingt durch (iatrogene\/pr\u00e4analytische) H\u00e4molyse oder Harnverhalt.<\/li><li><strong>Pferd<\/strong>: Die Kaliumkonzentration variiert in Abh\u00e4ngigkeit von Trainingszustand und Ern\u00e4hrung; Hypokali\u00e4mie kann bei Anorexie, Diuretikagabe oder vermehrtem Schwitzen beobachtet werden.<\/li><li><strong>Cave:<\/strong> Trotz physiologischer Serumspiegel kann ein absoluter K-Mangel vorliegen! <\/li><li>Beachte: Kaliumwerte sind nur von zeitnah abgeserten Proben aussagekr\u00e4ftig.<\/li><li>Pseudohyperkali\u00e4mie kann infolge von Freisetzung aus Thrombozyten, Leukozyten und Erythrozyten auftreten. Pr\u00e4analytisch f\u00fchrt H\u00e4molyse zu falsch erh\u00f6hten Werten.<\/li><\/ul><\/p><\/td><\/tr><\/table>\n","protected":false},"excerpt":{"rendered":"<p>K (Kalium)LABOKLIN Leistungs-ID: 29MaterialSerum oder Heparin-Plasma 0,5 mlMethodeIonenselektive Elektrode (ISE)DauerBefund\u00fcbermittlung am Tag des Probeneingangs (Mo.\u2013Sa.)AnmerkungKalium als das wichtigste intrazellul\u00e4re Kation spielt eine zentrale Rolle f\u00fcr die elektrische Erregbarkeit von Nerven- und Muskelzellen. Es ist essentiell f\u00fcr den S\u00e4ure-Basen-Haushalt und die Osmoregulation. Ca. 98 % des Gesamtkaliums befinden sich intrazellul\u00e4r.Hund: Hyperkali\u00e4mie ist charakteristisch bei Hypoadrenokortizismus (M.&hellip;<\/p>\n","protected":false},"author":1,"featured_media":0,"parent":623000,"menu_order":7,"comment_status":"closed","ping_status":"closed","template":"","meta":{"_seopress_robots_primary_cat":"","_seopress_titles_title":"","_seopress_titles_desc":"","_seopress_robots_index":"","footnotes":""},"class_list":["post-623010","page","type-page","status-publish","hentry","description-off"],"_links":{"self":[{"href":"https:\/\/laboklin.de\/de\/wp-json\/wp\/v2\/pages\/623010","targetHints":{"allow":["GET"]}}],"collection":[{"href":"https:\/\/laboklin.de\/de\/wp-json\/wp\/v2\/pages"}],"about":[{"href":"https:\/\/laboklin.de\/de\/wp-json\/wp\/v2\/types\/page"}],"author":[{"embeddable":true,"href":"https:\/\/laboklin.de\/de\/wp-json\/wp\/v2\/users\/1"}],"replies":[{"embeddable":true,"href":"https:\/\/laboklin.de\/de\/wp-json\/wp\/v2\/comments?post=623010"}],"version-history":[{"count":1,"href":"https:\/\/laboklin.de\/de\/wp-json\/wp\/v2\/pages\/623010\/revisions"}],"predecessor-version":[{"id":1504380,"href":"https:\/\/laboklin.de\/de\/wp-json\/wp\/v2\/pages\/623010\/revisions\/1504380"}],"up":[{"embeddable":true,"href":"https:\/\/laboklin.de\/de\/wp-json\/wp\/v2\/pages\/623000"}],"wp:attachment":[{"href":"https:\/\/laboklin.de\/de\/wp-json\/wp\/v2\/media?parent=623010"}],"curies":[{"name":"wp","href":"https:\/\/api.w.org\/{rel}","templated":true}]}}