{"id":623004,"date":"2020-10-16T11:36:27","date_gmt":"2020-10-16T09:36:27","guid":{"rendered":"https:\/\/laboklin.de\/de\/se-selen"},"modified":"2025-01-28T13:29:52","modified_gmt":"2025-01-28T12:29:52","slug":"se-selen","status":"publish","type":"page","link":"https:\/\/laboklin.de\/de\/leistungen\/haematologie-klin-chemie-endokrinologie\/klinisch-chemische-parameter\/mineralstoffe-und-elektrolyte\/se-selen\/","title":{"rendered":"Se (Selen)"},"content":{"rendered":"<h3 class=\"csc-firstHeader\">Se (Selen)<\/h3><p><span>LABOKLIN Leistungs-ID: 4004<\/span><\/p><p class=\"bodytext\"><br><ul><li>Selenmangel kann zur aliment\u00e4ren Muskeldystrophie beim <strong>Fohlen<\/strong> f\u00fchren. Der Selenversorgung der Mutterstuten ist deshalb besonderes Gewicht beizumessen.<\/li><li>Bei <strong>Nutztieren<\/strong> und <strong>Kamelen<\/strong> ist Selen f\u00fcr ein gesundes Immunsystem und eine gute Fruchtbarkeit essentiell. Bei Neonaten hat ein Selenmangel h\u00e4ufig Trinkschw\u00e4che und Wei\u00dfmuskelkrankheit zur Folge.<\/li><\/ul><\/p><table class=\"tx-laboklinleistung-table contenttable contenttable-2\" style=\"margin-top: 35px;\"><tr><td class=\"td-0\"><strong>Material<\/strong><\/td><td class=\"td-1\"><p class=\"bodytext\">Serum oder EDTA-Plasma oder Heparin-Plasma 0,5 ml<\/p><\/td><\/tr><tr><td class=\"td-0\"><strong>Methode<\/strong><\/td><td class=\"td-1\"><p class=\"bodytext\">Atomabsorptionsspektrometrie (AAS)<\/p><\/td><\/tr><tr><td class=\"td-0\"><strong>Dauer<\/strong><\/td><td class=\"td-1\"><p class=\"bodytext\">1\u20132 Arbeitstage<\/p><\/td><\/tr><\/table>\n","protected":false},"excerpt":{"rendered":"<p>Se (Selen)LABOKLIN Leistungs-ID: 4004Selenmangel kann zur aliment\u00e4ren Muskeldystrophie beim Fohlen f\u00fchren. Der Selenversorgung der Mutterstuten ist deshalb besonderes Gewicht beizumessen.Bei Nutztieren und Kamelen ist Selen f\u00fcr ein gesundes Immunsystem und eine gute Fruchtbarkeit essentiell. Bei Neonaten hat ein Selenmangel h\u00e4ufig Trinkschw\u00e4che und Wei\u00dfmuskelkrankheit zur Folge.MaterialSerum oder EDTA-Plasma oder Heparin-Plasma 0,5 mlMethodeAtomabsorptionsspektrometrie (AAS)Dauer1\u20132 Arbeitstage<\/p>\n","protected":false},"author":1,"featured_media":0,"parent":623000,"menu_order":13,"comment_status":"closed","ping_status":"closed","template":"","meta":{"_seopress_robots_primary_cat":"","_seopress_titles_title":"","_seopress_titles_desc":"","_seopress_robots_index":"","footnotes":""},"class_list":["post-623004","page","type-page","status-publish","hentry","description-off"],"_links":{"self":[{"href":"https:\/\/laboklin.de\/de\/wp-json\/wp\/v2\/pages\/623004","targetHints":{"allow":["GET"]}}],"collection":[{"href":"https:\/\/laboklin.de\/de\/wp-json\/wp\/v2\/pages"}],"about":[{"href":"https:\/\/laboklin.de\/de\/wp-json\/wp\/v2\/types\/page"}],"author":[{"embeddable":true,"href":"https:\/\/laboklin.de\/de\/wp-json\/wp\/v2\/users\/1"}],"replies":[{"embeddable":true,"href":"https:\/\/laboklin.de\/de\/wp-json\/wp\/v2\/comments?post=623004"}],"version-history":[{"count":1,"href":"https:\/\/laboklin.de\/de\/wp-json\/wp\/v2\/pages\/623004\/revisions"}],"predecessor-version":[{"id":1504391,"href":"https:\/\/laboklin.de\/de\/wp-json\/wp\/v2\/pages\/623004\/revisions\/1504391"}],"up":[{"embeddable":true,"href":"https:\/\/laboklin.de\/de\/wp-json\/wp\/v2\/pages\/623000"}],"wp:attachment":[{"href":"https:\/\/laboklin.de\/de\/wp-json\/wp\/v2\/media?parent=623004"}],"curies":[{"name":"wp","href":"https:\/\/api.w.org\/{rel}","templated":true}]}}