{"id":623000,"date":"2020-10-16T11:36:27","date_gmt":"2020-10-16T09:36:27","guid":{"rendered":"https:\/\/laboklin.de\/de\/mineralstoffe-und-elektrolyte"},"modified":"2025-03-13T10:16:14","modified_gmt":"2025-03-13T09:16:14","slug":"mineralstoffe-und-elektrolyte","status":"publish","type":"page","link":"https:\/\/laboklin.de\/de\/leistungen\/haematologie-klin-chemie-endokrinologie\/klinisch-chemische-parameter\/mineralstoffe-und-elektrolyte\/","title":{"rendered":"Mineralstoffe und Elektrolyte"},"content":{"rendered":"<div class=\"wpb-content-wrapper\"><p>[vc_row][vc_column][vc_column_text]<h3>Leistungsspektrum<\/h3><div class=\"vc_tta-panels-container\"><div class=\"vc_tta-panels\"><li class=\"menu-item sub-page\"><a href=\"https:\/\/laboklin.de\/de\/leistungen\/haematologie-klin-chemie-endokrinologie\/klinisch-chemische-parameter\/mineralstoffe-und-elektrolyte\/ca-calcium\/\">Ca (Calcium)<\/a><\/li><li class=\"menu-item sub-page\"><a href=\"https:\/\/laboklin.de\/de\/leistungen\/haematologie-klin-chemie-endokrinologie\/klinisch-chemische-parameter\/mineralstoffe-und-elektrolyte\/ca-calcium-ionisiert\/\">Ca (Calcium) ionisiert*<\/a><\/li><li class=\"menu-item sub-page\"><a href=\"https:\/\/laboklin.de\/de\/leistungen\/haematologie-klin-chemie-endokrinologie\/klinisch-chemische-parameter\/mineralstoffe-und-elektrolyte\/cl-chlorid\/\">Cl (Chlorid)<\/a><\/li><li class=\"menu-item sub-page\"><a href=\"https:\/\/laboklin.de\/de\/leistungen\/haematologie-klin-chemie-endokrinologie\/klinisch-chemische-parameter\/mineralstoffe-und-elektrolyte\/co-kobalt\/\">Co (Cobalt)<\/a><\/li><li class=\"menu-item sub-page\"><a href=\"https:\/\/laboklin.de\/de\/leistungen\/haematologie-klin-chemie-endokrinologie\/klinisch-chemische-parameter\/mineralstoffe-und-elektrolyte\/cu-kupfer\/\">Cu (Kupfer)<\/a><\/li><li class=\"menu-item sub-page\"><a href=\"https:\/\/laboklin.de\/de\/leistungen\/haematologie-klin-chemie-endokrinologie\/klinisch-chemische-parameter\/mineralstoffe-und-elektrolyte\/fe-eisen\/\">Fe (Eisen)<\/a><\/li><li class=\"menu-item sub-page\"><a href=\"https:\/\/laboklin.de\/de\/leistungen\/haematologie-klin-chemie-endokrinologie\/klinisch-chemische-parameter\/mineralstoffe-und-elektrolyte\/fraktionierte-elektrolytausscheidung-fe\/\">Fraktionierte Elektrolytausscheidung (FE)<\/a><\/li><li class=\"menu-item sub-page\"><a href=\"https:\/\/laboklin.de\/de\/leistungen\/haematologie-klin-chemie-endokrinologie\/klinisch-chemische-parameter\/mineralstoffe-und-elektrolyte\/j-jod\/\">Jod<\/a><\/li><li class=\"menu-item sub-page\"><a href=\"https:\/\/laboklin.de\/de\/leistungen\/haematologie-klin-chemie-endokrinologie\/klinisch-chemische-parameter\/mineralstoffe-und-elektrolyte\/jod-kreatinin-quotient\/\">Jod-Kreatinin-Quotient (aus Urin)<\/a><\/li><li class=\"menu-item sub-page\"><a href=\"https:\/\/laboklin.de\/de\/leistungen\/haematologie-klin-chemie-endokrinologie\/klinisch-chemische-parameter\/mineralstoffe-und-elektrolyte\/k-kalium\/\">K (Kalium)<\/a><\/li><li class=\"menu-item sub-page\"><a href=\"https:\/\/laboklin.de\/de\/leistungen\/haematologie-klin-chemie-endokrinologie\/klinisch-chemische-parameter\/mineralstoffe-und-elektrolyte\/mg-magnesium\/\">Mg (Magnesium)<\/a><\/li><li class=\"menu-item sub-page\"><a href=\"https:\/\/laboklin.de\/de\/leistungen\/haematologie-klin-chemie-endokrinologie\/klinisch-chemische-parameter\/mineralstoffe-und-elektrolyte\/mn-mangan\/\">Mn (Mangan)<\/a><\/li><li class=\"menu-item sub-page\"><a href=\"https:\/\/laboklin.de\/de\/leistungen\/haematologie-klin-chemie-endokrinologie\/klinisch-chemische-parameter\/mineralstoffe-und-elektrolyte\/mo-molybdaen\/\">Mo (Molybd\u00e4n)<\/a><\/li><li class=\"menu-item sub-page\"><a href=\"https:\/\/laboklin.de\/de\/leistungen\/haematologie-klin-chemie-endokrinologie\/klinisch-chemische-parameter\/mineralstoffe-und-elektrolyte\/na-natrium\/\">Na (Natrium)<\/a><\/li><li class=\"menu-item sub-page\"><a href=\"https:\/\/laboklin.de\/de\/leistungen\/haematologie-klin-chemie-endokrinologie\/klinisch-chemische-parameter\/mineralstoffe-und-elektrolyte\/po4-phosphat-anorganisch\/\">PO4 (Phosphat anorganisch)<\/a><\/li><li class=\"menu-item sub-page\"><a href=\"https:\/\/laboklin.de\/de\/leistungen\/haematologie-klin-chemie-endokrinologie\/klinisch-chemische-parameter\/mineralstoffe-und-elektrolyte\/se-selen\/\">Se (Selen)<\/a><\/li><li class=\"menu-item sub-page\"><a href=\"https:\/\/laboklin.de\/de\/leistungen\/haematologie-klin-chemie-endokrinologie\/klinisch-chemische-parameter\/mineralstoffe-und-elektrolyte\/zn-zink\/\">Zn (Zink)<\/a><\/li><\/div><\/div>[\/vc_column_text][\/vc_column][\/vc_row][vc_row][vc_column][vc_column_text css=&#8220;.vc_custom_1741002954252{margin-top: 20px !important;}&#8220;]<\/p>\n<h3>Klinisch-chemische Parameter: Mineralstoffe und Elektrolyte<\/h3>\n<p>Mineralstoffe und Elektrolyte besitzen wichtige Aufgaben im Stoffwechsel und eine ausgewogene Versorgung ist somit lebensnotwendig f\u00fcr Haus- und Heimtiere. Der Bedarf ist f\u00fcr jedes Tier je nach Haltungsform oder F\u00fctterung unterschiedlich. Bei Laboklin stehen Ihnen zahlreiche Analysen zur \u00dcberpr\u00fcfung der Mineralstoffversorgung und der Elektrolyte Ihrer Patienten zur Verf\u00fcgung.[\/vc_column_text][\/vc_column][\/vc_row]<\/p>\n<\/div>","protected":false},"excerpt":{"rendered":"<p>[vc_row][vc_column][vc_column_text][\/vc_column_text][\/vc_column][\/vc_row][vc_row][vc_column][vc_column_text css=&#8220;.vc_custom_1741002954252{margin-top: 20px !important;}&#8220;] Klinisch-chemische Parameter: Mineralstoffe und Elektrolyte Mineralstoffe und Elektrolyte besitzen wichtige Aufgaben im Stoffwechsel und eine ausgewogene Versorgung ist somit lebensnotwendig f\u00fcr Haus- und Heimtiere. Der Bedarf ist f\u00fcr jedes Tier je nach Haltungsform oder F\u00fctterung unterschiedlich. Bei Laboklin stehen Ihnen zahlreiche Analysen zur \u00dcberpr\u00fcfung der Mineralstoffversorgung und der Elektrolyte Ihrer Patienten&hellip;<\/p>\n","protected":false},"author":1,"featured_media":0,"parent":620000,"menu_order":2,"comment_status":"closed","ping_status":"closed","template":"","meta":{"_seopress_robots_primary_cat":"","_seopress_titles_title":"Individuelle Analyse von Mineralstoffen und Elektrolyten","_seopress_titles_desc":"Mangel oder \u00dcberversorgung? \u2013 Bei Laboklin erhalten Sie mit Hilfe zahlreicher Mineralstoff- und Elektrolytanalysen f\u00fcr Haus- und Nutztiere die Antwort","_seopress_robots_index":"","footnotes":""},"class_list":["post-623000","page","type-page","status-publish","hentry","description-off"],"_links":{"self":[{"href":"https:\/\/laboklin.de\/de\/wp-json\/wp\/v2\/pages\/623000","targetHints":{"allow":["GET"]}}],"collection":[{"href":"https:\/\/laboklin.de\/de\/wp-json\/wp\/v2\/pages"}],"about":[{"href":"https:\/\/laboklin.de\/de\/wp-json\/wp\/v2\/types\/page"}],"author":[{"embeddable":true,"href":"https:\/\/laboklin.de\/de\/wp-json\/wp\/v2\/users\/1"}],"replies":[{"embeddable":true,"href":"https:\/\/laboklin.de\/de\/wp-json\/wp\/v2\/comments?post=623000"}],"version-history":[{"count":2,"href":"https:\/\/laboklin.de\/de\/wp-json\/wp\/v2\/pages\/623000\/revisions"}],"predecessor-version":[{"id":1511814,"href":"https:\/\/laboklin.de\/de\/wp-json\/wp\/v2\/pages\/623000\/revisions\/1511814"}],"up":[{"embeddable":true,"href":"https:\/\/laboklin.de\/de\/wp-json\/wp\/v2\/pages\/620000"}],"wp:attachment":[{"href":"https:\/\/laboklin.de\/de\/wp-json\/wp\/v2\/media?parent=623000"}],"curies":[{"name":"wp","href":"https:\/\/api.w.org\/{rel}","templated":true}]}}