{"id":622018,"date":"2020-10-16T11:36:27","date_gmt":"2020-10-16T09:36:27","guid":{"rendered":"https:\/\/laboklin.de\/de\/glucose"},"modified":"2025-01-28T12:56:15","modified_gmt":"2025-01-28T11:56:15","slug":"glucose","status":"publish","type":"page","link":"https:\/\/laboklin.de\/de\/leistungen\/haematologie-klin-chemie-endokrinologie\/klinisch-chemische-parameter\/substrate\/glucose\/","title":{"rendered":"Glucose"},"content":{"rendered":"<h3 class=\"csc-firstHeader\">Glucose<\/h3><p><span>LABOKLIN Leistungs-ID: 20<\/span><\/p><p class=\"bodytext\"><br><\/p><table class=\"tx-laboklinleistung-table contenttable contenttable-2\" style=\"margin-top: 35px;\"><tr><td class=\"td-0\"><strong>Material<\/strong><\/td><td class=\"td-1\"><p class=\"bodytext\">NaFB oder Serum 1 ml oder Liquor<\/p><\/td><\/tr><tr><td class=\"td-0\"><strong>Methode<\/strong><\/td><td class=\"td-1\"><p class=\"bodytext\">Photometrie<\/p><\/td><\/tr><tr><td class=\"td-0\"><strong>Dauer<\/strong><\/td><td class=\"td-1\"><p class=\"bodytext\">Befund\u00fcbermittlung am Tag des Probeneingangs (Mo.\u2013Sa.)<\/p><\/td><\/tr><tr><td class=\"td-0\"><strong>Anmerkung<\/strong><\/td><td class=\"td-1\"><p class=\"bodytext\"><ul><li>Erh\u00f6hte Glucosekonzentrationen treten bei Diabetes mellitus, ZNS-Erkrankungen, Pankreatitiden und beim Cushing-Syndrom\/PPID auf. Besonders bei Stress und nach Glukokortikoidgaben kann die Konzentration erh\u00f6ht sein.<\/li> <li>Lebererkrankungen, Hypoadrenokortizismus (M. Addison) und Insulinome k\u00f6nnen zu Hypoglyc\u00e4mien f\u00fchren.<\/li><li>Arzneimittel, die zu Hypoglyc\u00e4mien f\u00fchren k\u00f6nnen, sind u. a.: Antihistaminika, \u03b2-Blocker, anabole Steroide.<\/li><li><strong>Hund:<\/strong> Hungernde Jungtiere der Zwergrassen neigen in Stresssituationen zu lebensbedrohlichen Hypoglyc\u00e4mien.<\/li><li><strong>Pferd:<\/strong> Die Glucosebestimmung ist im Rahmen der Diagnostik des equinen metabolischen Syndroms (EMS) erforderlich. Weitere Informationen siehe Insulin.<\/li><li>Beim <strong>Rind<\/strong> weisen Hypoglyc\u00e4mien auf eine Energiemangelketose hin; eine erg\u00e4nzende Bestimmung von \u03b2-HBS ist erforderlich. Hyperglyc\u00e4mien werden durch Stress und Endotox\u00e4mien ausgel\u00f6st.<\/li><li>Das Hypoglyc\u00e4mie-Hypothermie-Syndrom ist ein lebensbedrohlicher Zustand bei neugeborenen <strong>Schafen, Ziegen<\/strong> und <strong>Schweinen<\/strong>.<\/li><li>Der semiquantitative Nachweis von Glucose in Harn ist Bestandteil des Harnstatus (siehe Harnanalyse).<\/li><\/ul><\/p><\/td><\/tr><\/table>\n","protected":false},"excerpt":{"rendered":"<p>GlucoseLABOKLIN Leistungs-ID: 20MaterialNaFB oder Serum 1 ml oder LiquorMethodePhotometrieDauerBefund\u00fcbermittlung am Tag des Probeneingangs (Mo.\u2013Sa.)AnmerkungErh\u00f6hte Glucosekonzentrationen treten bei Diabetes mellitus, ZNS-Erkrankungen, Pankreatitiden und beim Cushing-Syndrom\/PPID auf. Besonders bei Stress und nach Glukokortikoidgaben kann die Konzentration erh\u00f6ht sein. Lebererkrankungen, Hypoadrenokortizismus (M. Addison) und Insulinome k\u00f6nnen zu Hypoglyc\u00e4mien f\u00fchren.Arzneimittel, die zu Hypoglyc\u00e4mien f\u00fchren k\u00f6nnen, sind u. a.: Antihistaminika,&hellip;<\/p>\n","protected":false},"author":1,"featured_media":0,"parent":622000,"menu_order":14,"comment_status":"closed","ping_status":"closed","template":"","meta":{"_seopress_robots_primary_cat":"","_seopress_titles_title":"","_seopress_titles_desc":"","_seopress_robots_index":"","footnotes":""},"class_list":["post-622018","page","type-page","status-publish","hentry","description-off"],"_links":{"self":[{"href":"https:\/\/laboklin.de\/de\/wp-json\/wp\/v2\/pages\/622018","targetHints":{"allow":["GET"]}}],"collection":[{"href":"https:\/\/laboklin.de\/de\/wp-json\/wp\/v2\/pages"}],"about":[{"href":"https:\/\/laboklin.de\/de\/wp-json\/wp\/v2\/types\/page"}],"author":[{"embeddable":true,"href":"https:\/\/laboklin.de\/de\/wp-json\/wp\/v2\/users\/1"}],"replies":[{"embeddable":true,"href":"https:\/\/laboklin.de\/de\/wp-json\/wp\/v2\/comments?post=622018"}],"version-history":[{"count":1,"href":"https:\/\/laboklin.de\/de\/wp-json\/wp\/v2\/pages\/622018\/revisions"}],"predecessor-version":[{"id":1504329,"href":"https:\/\/laboklin.de\/de\/wp-json\/wp\/v2\/pages\/622018\/revisions\/1504329"}],"up":[{"embeddable":true,"href":"https:\/\/laboklin.de\/de\/wp-json\/wp\/v2\/pages\/622000"}],"wp:attachment":[{"href":"https:\/\/laboklin.de\/de\/wp-json\/wp\/v2\/media?parent=622018"}],"curies":[{"name":"wp","href":"https:\/\/api.w.org\/{rel}","templated":true}]}}