{"id":622011,"date":"2020-10-16T11:36:27","date_gmt":"2020-10-16T09:36:27","guid":{"rendered":"https:\/\/laboklin.de\/de\/harnstoff"},"modified":"2025-01-28T12:56:52","modified_gmt":"2025-01-28T11:56:52","slug":"harnstoff","status":"publish","type":"page","link":"https:\/\/laboklin.de\/de\/leistungen\/haematologie-klin-chemie-endokrinologie\/klinisch-chemische-parameter\/substrate\/harnstoff\/","title":{"rendered":"Harnstoff"},"content":{"rendered":"<h3 class=\"csc-firstHeader\">Harnstoff<\/h3><p><span>LABOKLIN Leistungs-ID: 21<\/span><\/p><p class=\"bodytext\"><br><ul><li>Harnstoff ist das wichtigste Endprodukt des Eiwei\u00dfstoffwechsels bei S\u00e4ugetieren. Er wird in der Leber aus Ammoniak gebildet und \u00fcber die Nieren glomerul\u00e4r filtriert.<\/li><li>Die Serumkonzentration h\u00e4ngt sowohl von der Nierenfunktion als auch von extrarenalen Faktoren (z. B. F\u00fctterung, Proteinzufuhr, Proteinumsatz) ab. <\/li><li> Zur Beurteilung der Nierenfunktion sollte Harnstoff stets gemeinsam mit Kreatinin und SDMA interpretiert werden.<\/li><li><strong>Rind<\/strong>: Die Harnstoffkonzentration im Serum oder in der Milch dient als Indikator der Energie- und Proteinversorgung. Niedrige Konzentrationen weisen auf Rohproteinmangel, erh\u00f6hte Konzentrationen auf Protein\u00fcberschuss oder Energieunterversorgung hin.<\/li><li><strong>Pferd und Kleintiere<\/strong>: Harnstoff ist neben Kreatinin ein zentraler Parameter zur Beurteilung der Nierenfunktion und zeigt insbesondere St\u00f6rungen im Wasser- und Stickstoffhaushalt an.<\/li><li>Harnstoff ist der wichtigste Nierenparameter bei <strong> Wasser- und Meeresschildkr\u00f6ten<\/strong> und anderen <strong>aquatilen Reptilienarten, Amphibien und Fischen<\/strong>.<\/li><\/ul><\/p><table class=\"tx-laboklinleistung-table contenttable contenttable-2\" style=\"margin-top: 35px;\"><tr><td class=\"td-0\"><strong>Material<\/strong><\/td><td class=\"td-1\"><p class=\"bodytext\">Serum oder EDTA-Plasma oder Heparin-Plasma 0,5 ml <br>Reptilien: Heparin-Plasma oder Serum 0,2 ml<\/p><\/td><\/tr><tr><td class=\"td-0\"><strong>Methode<\/strong><\/td><td class=\"td-1\"><p class=\"bodytext\">Photometrie<\/p><\/td><\/tr><tr><td class=\"td-0\"><strong>Dauer<\/strong><\/td><td class=\"td-1\"><p class=\"bodytext\">Befund\u00fcbermittlung am Tag des Probeneingangs (Mo.\u2013Sa.)<\/p><\/td><\/tr><\/table>\n","protected":false},"excerpt":{"rendered":"<p>HarnstoffLABOKLIN Leistungs-ID: 21Harnstoff ist das wichtigste Endprodukt des Eiwei\u00dfstoffwechsels bei S\u00e4ugetieren. Er wird in der Leber aus Ammoniak gebildet und \u00fcber die Nieren glomerul\u00e4r filtriert.Die Serumkonzentration h\u00e4ngt sowohl von der Nierenfunktion als auch von extrarenalen Faktoren (z. B. F\u00fctterung, Proteinzufuhr, Proteinumsatz) ab. Zur Beurteilung der Nierenfunktion sollte Harnstoff stets gemeinsam mit Kreatinin und SDMA interpretiert&hellip;<\/p>\n","protected":false},"author":1,"featured_media":0,"parent":622000,"menu_order":5,"comment_status":"closed","ping_status":"closed","template":"","meta":{"_seopress_robots_primary_cat":"","_seopress_titles_title":"","_seopress_titles_desc":"","_seopress_robots_index":"","footnotes":""},"class_list":["post-622011","page","type-page","status-publish","hentry","description-off"],"_links":{"self":[{"href":"https:\/\/laboklin.de\/de\/wp-json\/wp\/v2\/pages\/622011","targetHints":{"allow":["GET"]}}],"collection":[{"href":"https:\/\/laboklin.de\/de\/wp-json\/wp\/v2\/pages"}],"about":[{"href":"https:\/\/laboklin.de\/de\/wp-json\/wp\/v2\/types\/page"}],"author":[{"embeddable":true,"href":"https:\/\/laboklin.de\/de\/wp-json\/wp\/v2\/users\/1"}],"replies":[{"embeddable":true,"href":"https:\/\/laboklin.de\/de\/wp-json\/wp\/v2\/comments?post=622011"}],"version-history":[{"count":1,"href":"https:\/\/laboklin.de\/de\/wp-json\/wp\/v2\/pages\/622011\/revisions"}],"predecessor-version":[{"id":1504330,"href":"https:\/\/laboklin.de\/de\/wp-json\/wp\/v2\/pages\/622011\/revisions\/1504330"}],"up":[{"embeddable":true,"href":"https:\/\/laboklin.de\/de\/wp-json\/wp\/v2\/pages\/622000"}],"wp:attachment":[{"href":"https:\/\/laboklin.de\/de\/wp-json\/wp\/v2\/media?parent=622011"}],"curies":[{"name":"wp","href":"https:\/\/api.w.org\/{rel}","templated":true}]}}