{"id":622008,"date":"2020-10-16T11:36:27","date_gmt":"2020-10-16T09:36:27","guid":{"rendered":"https:\/\/laboklin.de\/de\/triglyceride"},"modified":"2025-01-28T13:01:22","modified_gmt":"2025-01-28T12:01:22","slug":"triglyceride","status":"publish","type":"page","link":"https:\/\/laboklin.de\/de\/leistungen\/haematologie-klin-chemie-endokrinologie\/klinisch-chemische-parameter\/substrate\/triglyceride\/","title":{"rendered":"Triglyceride"},"content":{"rendered":"<h3 class=\"csc-firstHeader\">Triglyceride<\/h3><p><span>LABOKLIN Leistungs-ID: 25<\/span><\/p><p class=\"bodytext\"><ul><li>Triglyceride sind Neutralfette, die als Energiespeicher und Transportform von Fetts\u00e4uren dienen. Ihre Synthese erfolgt in Leber, D\u00fcnndarm und Fettgewebe. Die Serumkonzentration wird durch Nahrungsaufnahme, Hormonstatus und Stoffwechsellage beeinflusst.<\/li><li><strong>Hund<\/strong>: Hypertriglycerid\u00e4mie tritt u. a. im Zusammenhang mit postprandialer Lip\u00e4mie, Diabetes mellitus, Hypothyreose, Cushing-Syndrom sowie akuter Pankreatitis auf.<\/li><li><strong>Katze<\/strong>: Hypertriglycerid\u00e4mie ist u. a. bei Diabetes mellitus, Adipositas und hepatischer Lipidose nachzuweisen.<\/li><li><strong>Pferd<\/strong>: Erh\u00f6hte Triglyceridkonzentrationen sind bei EMS, PPID, Nahrungskarenz oder Inappetenz nachweisbar; klinisch relevant bei Hyperlip\u00e4mie- und Hyperlipid\u00e4mie-Syndromen. Triglyceride sind als Monitoringparameter w\u00e4hrend einer SGLT-2-Inhibitor-Therapie geeignet.<\/li><li><strong>Rind<\/strong>: Erh\u00f6hte Konzentrationen treten beim Lipomobilisationssyndrom im Rahmen negativer Energiebilanzen, insbesondere in der Peripartalperiode, auf.<\/li><\/ul><\/p><table class=\"tx-laboklinleistung-table contenttable contenttable-2\" style=\"margin-top: 35px;\"><tr><td class=\"td-0\"><strong>Material<\/strong><\/td><td class=\"td-1\"><p class=\"bodytext\">Serum oder EDTA-Plasma oder Heparin-Plasma 0,5 ml (bei Omni- und Carnivoren 12-st\u00fcndige <strong>Nahrungskarenz<\/strong> empfohlen)<\/p><\/td><\/tr><tr><td class=\"td-0\"><strong>Methode<\/strong><\/td><td class=\"td-1\"><p class=\"bodytext\">Photometrie<\/p><\/td><\/tr><tr><td class=\"td-0\"><strong>Dauer<\/strong><\/td><td class=\"td-1\"><p class=\"bodytext\">Befund\u00fcbermittlung am Tag des Probeneingangs (Mo.\u2013Sa.)<\/p><\/td><\/tr><\/table>\n","protected":false},"excerpt":{"rendered":"<p>TriglycerideLABOKLIN Leistungs-ID: 25Triglyceride sind Neutralfette, die als Energiespeicher und Transportform von Fetts\u00e4uren dienen. Ihre Synthese erfolgt in Leber, D\u00fcnndarm und Fettgewebe. Die Serumkonzentration wird durch Nahrungsaufnahme, Hormonstatus und Stoffwechsellage beeinflusst.Hund: Hypertriglycerid\u00e4mie tritt u. a. im Zusammenhang mit postprandialer Lip\u00e4mie, Diabetes mellitus, Hypothyreose, Cushing-Syndrom sowie akuter Pankreatitis auf.Katze: Hypertriglycerid\u00e4mie ist u. a. bei Diabetes mellitus, Adipositas&hellip;<\/p>\n","protected":false},"author":1,"featured_media":0,"parent":622000,"menu_order":19,"comment_status":"closed","ping_status":"closed","template":"","meta":{"_seopress_robots_primary_cat":"","_seopress_titles_title":"","_seopress_titles_desc":"","_seopress_robots_index":"","footnotes":""},"class_list":["post-622008","page","type-page","status-publish","hentry","description-off"],"_links":{"self":[{"href":"https:\/\/laboklin.de\/de\/wp-json\/wp\/v2\/pages\/622008","targetHints":{"allow":["GET"]}}],"collection":[{"href":"https:\/\/laboklin.de\/de\/wp-json\/wp\/v2\/pages"}],"about":[{"href":"https:\/\/laboklin.de\/de\/wp-json\/wp\/v2\/types\/page"}],"author":[{"embeddable":true,"href":"https:\/\/laboklin.de\/de\/wp-json\/wp\/v2\/users\/1"}],"replies":[{"embeddable":true,"href":"https:\/\/laboklin.de\/de\/wp-json\/wp\/v2\/comments?post=622008"}],"version-history":[{"count":1,"href":"https:\/\/laboklin.de\/de\/wp-json\/wp\/v2\/pages\/622008\/revisions"}],"predecessor-version":[{"id":1504352,"href":"https:\/\/laboklin.de\/de\/wp-json\/wp\/v2\/pages\/622008\/revisions\/1504352"}],"up":[{"embeddable":true,"href":"https:\/\/laboklin.de\/de\/wp-json\/wp\/v2\/pages\/622000"}],"wp:attachment":[{"href":"https:\/\/laboklin.de\/de\/wp-json\/wp\/v2\/media?parent=622008"}],"curies":[{"name":"wp","href":"https:\/\/api.w.org\/{rel}","templated":true}]}}