{"id":622001,"date":"2020-10-16T11:36:27","date_gmt":"2020-10-16T09:36:27","guid":{"rendered":"https:\/\/laboklin.de\/de\/albumin"},"modified":"2025-01-28T12:49:46","modified_gmt":"2025-01-28T11:49:46","slug":"albumin","status":"publish","type":"page","link":"https:\/\/laboklin.de\/de\/leistungen\/haematologie-klin-chemie-endokrinologie\/klinisch-chemische-parameter\/substrate\/albumin\/","title":{"rendered":"Albumin"},"content":{"rendered":"<h3 class=\"csc-firstHeader\">Albumin<\/h3><p><span>LABOKLIN Leistungs-ID: 63<\/span><\/p><p class=\"bodytext\"><br><\/p><table class=\"tx-laboklinleistung-table contenttable contenttable-2\" style=\"margin-top: 35px;\"><tr><td class=\"td-0\"><strong>Material<\/strong><\/td><td class=\"td-1\"><p class=\"bodytext\">Serum oder EDTA-Plasma oder Heparin-Plasma 0,5 ml<\/p><\/td><\/tr><tr><td class=\"td-0\"><strong>Methode<\/strong><\/td><td class=\"td-1\"><p class=\"bodytext\">Photometrie<\/p><\/td><\/tr><tr><td class=\"td-0\"><strong>Dauer<\/strong><\/td><td class=\"td-1\"><p class=\"bodytext\">Befund\u00fcbermittlung am Tag des Probeneingangs (Mo.\u2013Sa.)<\/p><\/td><\/tr><tr><td class=\"td-0\"><strong>Anmerkung<\/strong><\/td><td class=\"td-1\"><p class=\"bodytext\"><ul><li>Albumin wird in der Leber synthetisiert und stellt das wichtigste transport- und kolloidosmotisch wirksame Protein des Plasmas dar. Es geh\u00f6rt zu den negativen Akute-Phase-Proteinen, d. h. seine Konzentration sinkt bei Entz\u00fcndungsreaktionen.<\/li><li>Hypoalbumin\u00e4mie tritt auf bei Verlusten \u00fcber Niere sowie Darm, durch Blutung, Synthesest\u00f6rungen infolge Leberfunktionsst\u00f6rungen, Entz\u00fcndungen und einer negativen akuten Phase Reaktion (leichte Hypalbumin\u00e4mie).<\/li><li>Hyperalbumin\u00e4mie tritt \u00fcberwiegend als relative Erh\u00f6hung bei Dehydratation auf.<\/li><li><strong>V\u00f6gel, Reptilien, Kleins\u00e4uger<\/strong>: Aufgrund speziesabh\u00e4ngiger Unterschiede wird zur Beurteilung des Proteinmusters die Serumproteinelektrophorese empfohlen.<\/li><li>Zur Bestimmung von Mikroalbumin im Liquor wird auf die Leistungs-ID 85 und f\u00fcr die Analyse im Harn auf die Leistungs-ID 2007 (siehe auch Rubrik Harnanalyse) verwiesen.<\/li><\/ul><\/p><\/td><\/tr><\/table>\n","protected":false},"excerpt":{"rendered":"<p>AlbuminLABOKLIN Leistungs-ID: 63MaterialSerum oder EDTA-Plasma oder Heparin-Plasma 0,5 mlMethodePhotometrieDauerBefund\u00fcbermittlung am Tag des Probeneingangs (Mo.\u2013Sa.)AnmerkungAlbumin wird in der Leber synthetisiert und stellt das wichtigste transport- und kolloidosmotisch wirksame Protein des Plasmas dar. Es geh\u00f6rt zu den negativen Akute-Phase-Proteinen, d. h. seine Konzentration sinkt bei Entz\u00fcndungsreaktionen.Hypoalbumin\u00e4mie tritt auf bei Verlusten \u00fcber Niere sowie Darm, durch Blutung, Synthesest\u00f6rungen&hellip;<\/p>\n","protected":false},"author":1,"featured_media":0,"parent":622000,"menu_order":10,"comment_status":"closed","ping_status":"closed","template":"","meta":{"_seopress_robots_primary_cat":"","_seopress_titles_title":"","_seopress_titles_desc":"","_seopress_robots_index":"","footnotes":""},"class_list":["post-622001","page","type-page","status-publish","hentry","description-off"],"_links":{"self":[{"href":"https:\/\/laboklin.de\/de\/wp-json\/wp\/v2\/pages\/622001","targetHints":{"allow":["GET"]}}],"collection":[{"href":"https:\/\/laboklin.de\/de\/wp-json\/wp\/v2\/pages"}],"about":[{"href":"https:\/\/laboklin.de\/de\/wp-json\/wp\/v2\/types\/page"}],"author":[{"embeddable":true,"href":"https:\/\/laboklin.de\/de\/wp-json\/wp\/v2\/users\/1"}],"replies":[{"embeddable":true,"href":"https:\/\/laboklin.de\/de\/wp-json\/wp\/v2\/comments?post=622001"}],"version-history":[{"count":1,"href":"https:\/\/laboklin.de\/de\/wp-json\/wp\/v2\/pages\/622001\/revisions"}],"predecessor-version":[{"id":1504303,"href":"https:\/\/laboklin.de\/de\/wp-json\/wp\/v2\/pages\/622001\/revisions\/1504303"}],"up":[{"embeddable":true,"href":"https:\/\/laboklin.de\/de\/wp-json\/wp\/v2\/pages\/622000"}],"wp:attachment":[{"href":"https:\/\/laboklin.de\/de\/wp-json\/wp\/v2\/media?parent=622001"}],"curies":[{"name":"wp","href":"https:\/\/api.w.org\/{rel}","templated":true}]}}