{"id":621011,"date":"2020-10-16T11:36:27","date_gmt":"2020-10-16T09:36:27","guid":{"rendered":"https:\/\/laboklin.de\/de\/ast-got"},"modified":"2025-01-28T12:30:40","modified_gmt":"2025-01-28T11:30:40","slug":"ast-got","status":"publish","type":"page","link":"https:\/\/laboklin.de\/de\/leistungen\/haematologie-klin-chemie-endokrinologie\/klinisch-chemische-parameter\/enzyme\/ast-got\/","title":{"rendered":"AST (GOT)"},"content":{"rendered":"<h3 class=\"csc-firstHeader\">AST (GOT)<\/h3><p><span>LABOKLIN Leistungs-ID: 6<\/span><\/p><p class=\"bodytext\"><br><strong>Aspartataminotransferase (Glutamat-Oxalacetat-Transaminase)<\/strong><\/p><table class=\"tx-laboklinleistung-table contenttable contenttable-2\" style=\"margin-top: 35px;\"><tr><td class=\"td-0\"><strong>Material<\/strong><\/td><td class=\"td-1\"><p class=\"bodytext\">Serum oder EDTA-Plasma oder Heparin-Plasma 0,5 ml<\/p><\/td><\/tr><tr><td class=\"td-0\"><strong>Methode<\/strong><\/td><td class=\"td-1\"><p class=\"bodytext\">Photometrie<\/p><\/td><\/tr><tr><td class=\"td-0\"><strong>Dauer<\/strong><\/td><td class=\"td-1\"><p class=\"bodytext\">Befund\u00fcbermittlung am Tag des Probeneingangs (Mo.-Sa.)<\/p><\/td><\/tr><tr><td class=\"td-0\"><strong>Anmerkung<\/strong><\/td><td class=\"td-1\"><p class=\"bodytext\"><ul><li>AST ist nicht organspezifisch. Erh\u00f6hte Konzentrationen treten bei Leber- und Muskelsch\u00e4den auf; eine Unterscheidung zwischen Herz- und Skelettmuskel ist nicht m\u00f6glich. Eine gleichzeitige CK-Erh\u00f6hung spricht f\u00fcr myogenen Ursprung (CK-Aktivit\u00e4t steigt rasch und f\u00e4llt schnell ab, AST-Aktivit\u00e4t steigt langsamer an und nimmt langsamer ab).<\/li><li><strong>Katze:<\/strong> AST ist weniger sensitiv f\u00fcr Leberzellsch\u00e4den als ALT. Bei erh\u00f6hter AST-Konzentration sollte zur Abgrenzung von Muskelsch\u00e4den CK mitbestimmt werden.<\/li><li><strong>Pferd:<\/strong> Erh\u00f6hte AST-Konzentration weist \u2013 je nach Begleitparametern \u2013 auf Muskel- oder Leberl\u00e4sionen hin. CK und LDH helfen bei der Zuordnung; GLDH und \u03b3-GT sind leberspezifischer.<\/li><li><strong>Rind:<\/strong> Die Kombination aus AST und CK ist prognostisch n\u00fctzlich bei festliegenden K\u00fchen; persistierend hohe AST-Konzentrationen mit hohen CK-Konzentrationen sprechen f\u00fcr ausgedehnte Muskelsch\u00e4digung und ung\u00fcnstige Prognose.<\/li><\/ul><\/p><\/td><\/tr><\/table>\n","protected":false},"excerpt":{"rendered":"<p>AST (GOT)LABOKLIN Leistungs-ID: 6Aspartataminotransferase (Glutamat-Oxalacetat-Transaminase)MaterialSerum oder EDTA-Plasma oder Heparin-Plasma 0,5 mlMethodePhotometrieDauerBefund\u00fcbermittlung am Tag des Probeneingangs (Mo.-Sa.)AnmerkungAST ist nicht organspezifisch. Erh\u00f6hte Konzentrationen treten bei Leber- und Muskelsch\u00e4den auf; eine Unterscheidung zwischen Herz- und Skelettmuskel ist nicht m\u00f6glich. Eine gleichzeitige CK-Erh\u00f6hung spricht f\u00fcr myogenen Ursprung (CK-Aktivit\u00e4t steigt rasch und f\u00e4llt schnell ab, AST-Aktivit\u00e4t steigt langsamer an und&hellip;<\/p>\n","protected":false},"author":1,"featured_media":0,"parent":621000,"menu_order":2,"comment_status":"closed","ping_status":"closed","template":"","meta":{"_seopress_robots_primary_cat":"","_seopress_titles_title":"","_seopress_titles_desc":"","_seopress_robots_index":"","footnotes":""},"class_list":["post-621011","page","type-page","status-publish","hentry","description-off"],"_links":{"self":[{"href":"https:\/\/laboklin.de\/de\/wp-json\/wp\/v2\/pages\/621011","targetHints":{"allow":["GET"]}}],"collection":[{"href":"https:\/\/laboklin.de\/de\/wp-json\/wp\/v2\/pages"}],"about":[{"href":"https:\/\/laboklin.de\/de\/wp-json\/wp\/v2\/types\/page"}],"author":[{"embeddable":true,"href":"https:\/\/laboklin.de\/de\/wp-json\/wp\/v2\/users\/1"}],"replies":[{"embeddable":true,"href":"https:\/\/laboklin.de\/de\/wp-json\/wp\/v2\/comments?post=621011"}],"version-history":[{"count":1,"href":"https:\/\/laboklin.de\/de\/wp-json\/wp\/v2\/pages\/621011\/revisions"}],"predecessor-version":[{"id":1504269,"href":"https:\/\/laboklin.de\/de\/wp-json\/wp\/v2\/pages\/621011\/revisions\/1504269"}],"up":[{"embeddable":true,"href":"https:\/\/laboklin.de\/de\/wp-json\/wp\/v2\/pages\/621000"}],"wp:attachment":[{"href":"https:\/\/laboklin.de\/de\/wp-json\/wp\/v2\/media?parent=621011"}],"curies":[{"name":"wp","href":"https:\/\/api.w.org\/{rel}","templated":true}]}}