{"id":621005,"date":"2020-10-16T11:36:27","date_gmt":"2020-10-16T09:36:27","guid":{"rendered":"https:\/\/laboklin.de\/de\/a-hbdh-a-hydroxybutyrat-dehydrogenase"},"modified":"2025-01-28T12:48:05","modified_gmt":"2025-01-28T11:48:05","slug":"a-hbdh-a-hydroxybutyrat-dehydrogenase","status":"publish","type":"page","link":"https:\/\/laboklin.de\/de\/leistungen\/haematologie-klin-chemie-endokrinologie\/klinisch-chemische-parameter\/enzyme\/a-hbdh-a-hydroxybutyrat-dehydrogenase\/","title":{"rendered":"\u03b1-HBDH (\u03b1-Hydroxybutyrat-Dehydrogenase)"},"content":{"rendered":"<h3 class=\"csc-firstHeader\">\u03b1-HBDH (\u03b1-Hydroxybutyrat-Dehydrogenase)<\/h3><p><span>LABOKLIN Leistungs-ID: 2<\/span><\/p><p class=\"bodytext\"><br><\/p><table class=\"tx-laboklinleistung-table contenttable contenttable-2\" style=\"margin-top: 35px;\"><tr><td class=\"td-0\"><strong>Material<\/strong><\/td><td class=\"td-1\"><p class=\"bodytext\">Serum oder EDTA-Plasma oder Heparin-Plasma 0,5 ml<\/p><\/td><\/tr><tr><td class=\"td-0\"><strong>Methode<\/strong><\/td><td class=\"td-1\"><p class=\"bodytext\">Photometrie<\/p><\/td><\/tr><tr><td class=\"td-0\"><strong>Dauer<\/strong><\/td><td class=\"td-1\"><p class=\"bodytext\">Befund\u00fcbermittlung am Tag des Probeneingangs (Mo.-Sa.)<\/p><\/td><\/tr><tr><td class=\"td-0\"><strong>Anmerkung<\/strong><\/td><td class=\"td-1\"><p class=\"bodytext\"><ul><li>Dieses Isoenzym der LDH kommt in vielen Geweben, vor allem in der Herz- und Skelettmuskulatur sowie in der Leber in speziesspezifisch unterschiedlicher Aktivit\u00e4t vor. <\/li><li>Ist die \u03b1-HBDH beim Verh\u00e4ltnis LDH zu \u03b1-HBDH \u00fcberproportional erh\u00f6ht, so kann ein Herzmuskelschaden vorliegen. Die Bestimmung der Konzentration von c-Troponin I hat die Messung der \u03b1-HBDH-Konzentration f\u00fcr diese Indikation ersetzt.<\/li><li>Proportionale oder geringe Erh\u00f6hungen des Enzyms weisen auf eine andere Ursache (Leber-, Skelettmuskelschaden, H\u00e4molyse u. a.) hin. Hier sind u. U. CK- und AST-Werte zu ber\u00fccksichtigen.<\/li><\/ul><\/p><\/td><\/tr><\/table>\n","protected":false},"excerpt":{"rendered":"<p>\u03b1-HBDH (\u03b1-Hydroxybutyrat-Dehydrogenase)LABOKLIN Leistungs-ID: 2MaterialSerum oder EDTA-Plasma oder Heparin-Plasma 0,5 mlMethodePhotometrieDauerBefund\u00fcbermittlung am Tag des Probeneingangs (Mo.-Sa.)AnmerkungDieses Isoenzym der LDH kommt in vielen Geweben, vor allem in der Herz- und Skelettmuskulatur sowie in der Leber in speziesspezifisch unterschiedlicher Aktivit\u00e4t vor. Ist die \u03b1-HBDH beim Verh\u00e4ltnis LDH zu \u03b1-HBDH \u00fcberproportional erh\u00f6ht, so kann ein Herzmuskelschaden vorliegen. Die Bestimmung&hellip;<\/p>\n","protected":false},"author":1,"featured_media":0,"parent":621000,"menu_order":5,"comment_status":"closed","ping_status":"closed","template":"","meta":{"_seopress_robots_primary_cat":"","_seopress_titles_title":"","_seopress_titles_desc":"","_seopress_robots_index":"","footnotes":""},"class_list":["post-621005","page","type-page","status-publish","hentry","description-off"],"_links":{"self":[{"href":"https:\/\/laboklin.de\/de\/wp-json\/wp\/v2\/pages\/621005","targetHints":{"allow":["GET"]}}],"collection":[{"href":"https:\/\/laboklin.de\/de\/wp-json\/wp\/v2\/pages"}],"about":[{"href":"https:\/\/laboklin.de\/de\/wp-json\/wp\/v2\/types\/page"}],"author":[{"embeddable":true,"href":"https:\/\/laboklin.de\/de\/wp-json\/wp\/v2\/users\/1"}],"replies":[{"embeddable":true,"href":"https:\/\/laboklin.de\/de\/wp-json\/wp\/v2\/comments?post=621005"}],"version-history":[{"count":1,"href":"https:\/\/laboklin.de\/de\/wp-json\/wp\/v2\/pages\/621005\/revisions"}],"predecessor-version":[{"id":1305477,"href":"https:\/\/laboklin.de\/de\/wp-json\/wp\/v2\/pages\/621005\/revisions\/1305477"}],"up":[{"embeddable":true,"href":"https:\/\/laboklin.de\/de\/wp-json\/wp\/v2\/pages\/621000"}],"wp:attachment":[{"href":"https:\/\/laboklin.de\/de\/wp-json\/wp\/v2\/media?parent=621005"}],"curies":[{"name":"wp","href":"https:\/\/api.w.org\/{rel}","templated":true}]}}