{"id":620000,"date":"2020-10-16T11:36:27","date_gmt":"2020-10-16T09:36:27","guid":{"rendered":"https:\/\/laboklin.de\/de\/klinisch-chemische-parameter"},"modified":"2025-03-13T09:19:59","modified_gmt":"2025-03-13T08:19:59","slug":"klinisch-chemische-parameter","status":"publish","type":"page","link":"https:\/\/laboklin.de\/de\/leistungen\/haematologie-klin-chemie-endokrinologie\/klinisch-chemische-parameter\/","title":{"rendered":"Klinisch-chemische Parameter"},"content":{"rendered":"<div class=\"wpb-content-wrapper\"><p>[vc_row][vc_column width=&#8220;2\/3&#8243;][vc_column_text]<div class=\"vc_tta-panels-container\"><div class=\"vc_tta-panels\"><li class=\"menu-item sub-page\"><a href=\"https:\/\/laboklin.de\/de\/leistungen\/haematologie-klin-chemie-endokrinologie\/klinisch-chemische-parameter\/enzyme\/\">Enzyme<\/a><\/li><li class=\"menu-item sub-page\"><a href=\"https:\/\/laboklin.de\/de\/leistungen\/haematologie-klin-chemie-endokrinologie\/klinisch-chemische-parameter\/substrate\/\">Substrate<\/a><\/li><li class=\"menu-item sub-page\"><a href=\"https:\/\/laboklin.de\/de\/leistungen\/haematologie-klin-chemie-endokrinologie\/klinisch-chemische-parameter\/mineralstoffe-und-elektrolyte\/\">Mineralstoffe und Elektrolyte<\/a><\/li><\/div><\/div>[\/vc_column_text][\/vc_column][vc_column width=&#8220;1\/3&#8243;][\/vc_column][\/vc_row][vc_row][vc_column][vc_column_text css=&#8220;.vc_custom_1741076154830{margin-top: 20px !important;}&#8220;]<\/p>\n<h3>Allgemeine Informationen<\/h3>\n<p>In der klinischen Chemie werden chemische Kenngr\u00f6\u00dfen im tierischen Blut untersucht, die sich aus physiologischen Prozessen im K\u00f6rper ergeben und je nach Tierart in einem bestimmten Referenzbereich liegen. Dazu geh\u00f6ren Enzyme, Substrate sowie Mineralstoffe und Elektrolyte. Abweichungen dieser Parameter treten im Rahmen von pathologischen Ver\u00e4nderungen auf und besitzen eine diagnostische Bedeutung. Allerdings k\u00f6nnen auch andere Einflussfaktoren, zum Beispiel Stress, (verminderte) Nahrungsaufnahme, k\u00f6rperliche Arbeit oder Tr\u00e4chtigkeit, zu einer Ver\u00e4nderung der der klinisch-chemischen Parameter im Blut der Patienten f\u00fchren.[\/vc_column_text][\/vc_column][\/vc_row]<\/p>\n<\/div>","protected":false},"excerpt":{"rendered":"<p>[vc_row][vc_column width=&#8220;2\/3&#8243;][vc_column_text][\/vc_column_text][\/vc_column][vc_column width=&#8220;1\/3&#8243;][\/vc_column][\/vc_row][vc_row][vc_column][vc_column_text css=&#8220;.vc_custom_1741076154830{margin-top: 20px !important;}&#8220;] Allgemeine Informationen In der klinischen Chemie werden chemische Kenngr\u00f6\u00dfen im tierischen Blut untersucht, die sich aus physiologischen Prozessen im K\u00f6rper ergeben und je nach Tierart in einem bestimmten Referenzbereich liegen. Dazu geh\u00f6ren Enzyme, Substrate sowie Mineralstoffe und Elektrolyte. Abweichungen dieser Parameter treten im Rahmen von pathologischen Ver\u00e4nderungen auf und&hellip;<\/p>\n","protected":false},"author":1,"featured_media":0,"parent":600000,"menu_order":1,"comment_status":"closed","ping_status":"closed","template":"","meta":{"_seopress_robots_primary_cat":"","_seopress_titles_title":"Klinisch-chemische Parameter \u2013 umfassende Labordiagnostik","_seopress_titles_desc":"Klinische Chemie bei Laboklin: hier finden Sie ein breites Spektrum an Untersuchungen von Enzymen, Substraten sowie Mineralstoffen und Elektrolyten","_seopress_robots_index":"","footnotes":""},"class_list":["post-620000","page","type-page","status-publish","hentry","description-off"],"_links":{"self":[{"href":"https:\/\/laboklin.de\/de\/wp-json\/wp\/v2\/pages\/620000","targetHints":{"allow":["GET"]}}],"collection":[{"href":"https:\/\/laboklin.de\/de\/wp-json\/wp\/v2\/pages"}],"about":[{"href":"https:\/\/laboklin.de\/de\/wp-json\/wp\/v2\/types\/page"}],"author":[{"embeddable":true,"href":"https:\/\/laboklin.de\/de\/wp-json\/wp\/v2\/users\/1"}],"replies":[{"embeddable":true,"href":"https:\/\/laboklin.de\/de\/wp-json\/wp\/v2\/comments?post=620000"}],"version-history":[{"count":5,"href":"https:\/\/laboklin.de\/de\/wp-json\/wp\/v2\/pages\/620000\/revisions"}],"predecessor-version":[{"id":1511976,"href":"https:\/\/laboklin.de\/de\/wp-json\/wp\/v2\/pages\/620000\/revisions\/1511976"}],"up":[{"embeddable":true,"href":"https:\/\/laboklin.de\/de\/wp-json\/wp\/v2\/pages\/600000"}],"wp:attachment":[{"href":"https:\/\/laboklin.de\/de\/wp-json\/wp\/v2\/media?parent=620000"}],"curies":[{"name":"wp","href":"https:\/\/api.w.org\/{rel}","templated":true}]}}