{"id":613000,"date":"2020-10-16T11:36:27","date_gmt":"2020-10-16T09:36:27","guid":{"rendered":"https:\/\/laboklin.de\/de\/blutgruppen-bestimmung"},"modified":"2025-02-28T09:27:19","modified_gmt":"2025-02-28T08:27:19","slug":"blutgruppen-bestimmung","status":"publish","type":"page","link":"https:\/\/laboklin.de\/de\/leistungen\/haematologie-klin-chemie-endokrinologie\/haematologie\/blutgruppen-bestimmung\/","title":{"rendered":"Blutgruppen-Bestimmung"},"content":{"rendered":"<div class=\"wpb-content-wrapper\"><p>[vc_row][vc_column][vc_column_text]<h3>Leistungsspektrum<\/h3><div class=\"vc_tta-panels-container\"><div class=\"vc_tta-panels\"><li class=\"menu-item sub-page\"><a href=\"https:\/\/laboklin.de\/de\/leistungen\/haematologie-klin-chemie-endokrinologie\/haematologie\/blutgruppen-bestimmung\/blutgruppenbestimmung-genetisch\/\">Blutgruppenbestimmung genetisch<\/a><\/li><li class=\"menu-item sub-page\"><a href=\"https:\/\/laboklin.de\/de\/leistungen\/haematologie-klin-chemie-endokrinologie\/haematologie\/blutgruppen-bestimmung\/blutgruppenbestimmung-serologisch\/\">Blutgruppenbestimmung serologisch (Hund, Katze)<\/a><\/li><li class=\"menu-item sub-page\"><a href=\"https:\/\/laboklin.de\/de\/leistungen\/haematologie-klin-chemie-endokrinologie\/haematologie\/blutgruppen-bestimmung\/kreuztest-hund-katze\/\">Kreuztest (Hund, Katze)<\/a><\/li><li class=\"menu-item sub-page\"><a href=\"https:\/\/laboklin.de\/de\/leistungen\/haematologie-klin-chemie-endokrinologie\/haematologie\/blutgruppen-bestimmung\/kreuztest-pferd\/\">Kreuztest (Pferd)<\/a><\/li><\/div><\/div>[\/vc_column_text][\/vc_column][\/vc_row][vc_row][vc_column][vc_column_text css=&#8220;.vc_custom_1740731236262{margin-top: 20px !important;}&#8220;]<\/p>\n<h3>Bestimmung der Blutgruppe und Kreuztest<\/h3>\n<p>Es bestehen mehrere Indikationen zur Durchf\u00fchrung der Blutgruppenbestimmung oder des Kreuztests. Die Blutgruppe ist meist bei Katzenz\u00fcchtern von Interesse, f\u00fcr die Aufnahme des Tieres in die Blutspende-Kartei wird ebenfalls die Blutgruppe bestimmt und vor Bluttransfusionen muss ein Kreuztest durchgef\u00fchrt werden. Laboklin bietet Ihnen verschiedene Testm\u00f6glichkeiten an. Dar\u00fcber hinaus finden Sie im Leistungsbereich unter den Profilen auch Blutspendeprofile f\u00fcr <a href=\"https:\/\/laboklin.de\/de\/leistungen\/profile\/profile-screenings-kleintiere\/blutspende-profile-kleintiere\/\">Kleintiere<\/a> und <a href=\"https:\/\/laboklin.de\/de\/leistungen\/profile\/profile-screenings-pferd\/klinisch-chemische-profile-screenings\/blutspende-profil-pferd\/\">Pferde<\/a>.[\/vc_column_text][\/vc_column][\/vc_row]<\/p>\n<\/div>","protected":false},"excerpt":{"rendered":"<p>[vc_row][vc_column][vc_column_text][\/vc_column_text][\/vc_column][\/vc_row][vc_row][vc_column][vc_column_text css=&#8220;.vc_custom_1740731236262{margin-top: 20px !important;}&#8220;] Bestimmung der Blutgruppe und Kreuztest Es bestehen mehrere Indikationen zur Durchf\u00fchrung der Blutgruppenbestimmung oder des Kreuztests. Die Blutgruppe ist meist bei Katzenz\u00fcchtern von Interesse, f\u00fcr die Aufnahme des Tieres in die Blutspende-Kartei wird ebenfalls die Blutgruppe bestimmt und vor Bluttransfusionen muss ein Kreuztest durchgef\u00fchrt werden. Laboklin bietet Ihnen verschiedene Testm\u00f6glichkeiten an.&hellip;<\/p>\n","protected":false},"author":1,"featured_media":0,"parent":610000,"menu_order":2,"comment_status":"closed","ping_status":"closed","template":"","meta":{"_seopress_robots_primary_cat":"","_seopress_titles_title":"Blutgruppenbestimmung und Kreuztest bei tierischen Patienten","_seopress_titles_desc":"Sie ben\u00f6tigen die Blutgruppe Ihrer tierischen Patienten oder Ihres Tieres? \u2013 Laboklin bietet Tests zur Blutgruppenbestimmung bei Hund, Katze, Pferd","_seopress_robots_index":"","footnotes":""},"class_list":["post-613000","page","type-page","status-publish","hentry","description-off"],"_links":{"self":[{"href":"https:\/\/laboklin.de\/de\/wp-json\/wp\/v2\/pages\/613000","targetHints":{"allow":["GET"]}}],"collection":[{"href":"https:\/\/laboklin.de\/de\/wp-json\/wp\/v2\/pages"}],"about":[{"href":"https:\/\/laboklin.de\/de\/wp-json\/wp\/v2\/types\/page"}],"author":[{"embeddable":true,"href":"https:\/\/laboklin.de\/de\/wp-json\/wp\/v2\/users\/1"}],"replies":[{"embeddable":true,"href":"https:\/\/laboklin.de\/de\/wp-json\/wp\/v2\/comments?post=613000"}],"version-history":[{"count":4,"href":"https:\/\/laboklin.de\/de\/wp-json\/wp\/v2\/pages\/613000\/revisions"}],"predecessor-version":[{"id":1511567,"href":"https:\/\/laboklin.de\/de\/wp-json\/wp\/v2\/pages\/613000\/revisions\/1511567"}],"up":[{"embeddable":true,"href":"https:\/\/laboklin.de\/de\/wp-json\/wp\/v2\/pages\/610000"}],"wp:attachment":[{"href":"https:\/\/laboklin.de\/de\/wp-json\/wp\/v2\/media?parent=613000"}],"curies":[{"name":"wp","href":"https:\/\/api.w.org\/{rel}","templated":true}]}}