{"id":612010,"date":"2020-10-16T11:36:27","date_gmt":"2020-10-16T09:36:27","guid":{"rendered":"https:\/\/laboklin.de\/de\/fibrinogen"},"modified":"2025-01-28T10:34:55","modified_gmt":"2025-01-28T09:34:55","slug":"fibrinogen","status":"publish","type":"page","link":"https:\/\/laboklin.de\/de\/leistungen\/haematologie-klin-chemie-endokrinologie\/haematologie\/gerinnung\/fibrinogen\/","title":{"rendered":"Fibrinogen"},"content":{"rendered":"<h3 class=\"csc-firstHeader\">Fibrinogen<\/h3><p><span>LABOKLIN Leistungs-ID: 592<\/span><\/p><p class=\"bodytext\"><br><ul><li>Die Bestimmung dient der Abkl\u00e4rung eines Verdachts auf Verbrauchskoagulopathie und Hypofibrinogen\u00e4mie. <\/li><li>Fibrinogen ist ein Akute-Phase-Protein und steigt bei akuten Entz\u00fcndungen an.<\/li><\/ul><\/p><table class=\"tx-laboklinleistung-table contenttable contenttable-2\" style=\"margin-top: 35px;\"><tr><td class=\"td-0\"><strong>Material<\/strong><\/td><td class=\"td-1\"><p class=\"bodytext\">Citrat-Plasma 1:10 (1 Teil Citrat + 9 Teile Blut) 0,5 ml <br>Bitte beachten Sie die Einleitung zur Rubrik Gerinnung!<\/p><\/td><\/tr><tr><td class=\"td-0\"><strong>Methode<\/strong><\/td><td class=\"td-1\"><p class=\"bodytext\">Koagulometrie<\/p><\/td><\/tr><tr><td class=\"td-0\"><strong>Dauer<\/strong><\/td><td class=\"td-1\"><p class=\"bodytext\">Befund\u00fcbermittlung am Tag des Probeneingangs (Mo.-Sa.)<\/p><\/td><\/tr><\/table>\n","protected":false},"excerpt":{"rendered":"<p>FibrinogenLABOKLIN Leistungs-ID: 592Die Bestimmung dient der Abkl\u00e4rung eines Verdachts auf Verbrauchskoagulopathie und Hypofibrinogen\u00e4mie. Fibrinogen ist ein Akute-Phase-Protein und steigt bei akuten Entz\u00fcndungen an.MaterialCitrat-Plasma 1:10 (1 Teil Citrat + 9 Teile Blut) 0,5 ml Bitte beachten Sie die Einleitung zur Rubrik Gerinnung!MethodeKoagulometrieDauerBefund\u00fcbermittlung am Tag des Probeneingangs (Mo.-Sa.)<\/p>\n","protected":false},"author":1,"featured_media":0,"parent":612000,"menu_order":2,"comment_status":"closed","ping_status":"closed","template":"","meta":{"_seopress_robots_primary_cat":"","_seopress_titles_title":"","_seopress_titles_desc":"","_seopress_robots_index":"","footnotes":""},"class_list":["post-612010","page","type-page","status-publish","hentry","description-off"],"_links":{"self":[{"href":"https:\/\/laboklin.de\/de\/wp-json\/wp\/v2\/pages\/612010","targetHints":{"allow":["GET"]}}],"collection":[{"href":"https:\/\/laboklin.de\/de\/wp-json\/wp\/v2\/pages"}],"about":[{"href":"https:\/\/laboklin.de\/de\/wp-json\/wp\/v2\/types\/page"}],"author":[{"embeddable":true,"href":"https:\/\/laboklin.de\/de\/wp-json\/wp\/v2\/users\/1"}],"replies":[{"embeddable":true,"href":"https:\/\/laboklin.de\/de\/wp-json\/wp\/v2\/comments?post=612010"}],"version-history":[{"count":1,"href":"https:\/\/laboklin.de\/de\/wp-json\/wp\/v2\/pages\/612010\/revisions"}],"predecessor-version":[{"id":1504212,"href":"https:\/\/laboklin.de\/de\/wp-json\/wp\/v2\/pages\/612010\/revisions\/1504212"}],"up":[{"embeddable":true,"href":"https:\/\/laboklin.de\/de\/wp-json\/wp\/v2\/pages\/612000"}],"wp:attachment":[{"href":"https:\/\/laboklin.de\/de\/wp-json\/wp\/v2\/media?parent=612010"}],"curies":[{"name":"wp","href":"https:\/\/api.w.org\/{rel}","templated":true}]}}