{"id":612005,"date":"2020-10-16T11:36:27","date_gmt":"2020-10-16T09:36:27","guid":{"rendered":"https:\/\/laboklin.de\/de\/von-willebrand-antigen"},"modified":"2025-01-28T10:42:45","modified_gmt":"2025-01-28T09:42:45","slug":"von-willebrand-antigen","status":"publish","type":"page","link":"https:\/\/laboklin.de\/de\/leistungen\/haematologie-klin-chemie-endokrinologie\/haematologie\/gerinnung\/von-willebrand-antigen\/","title":{"rendered":"Von-Willebrand-Antigen"},"content":{"rendered":"<h3 class=\"csc-firstHeader\">Von-Willebrand-Antigen<\/h3><p><span>LABOKLIN Leistungs-ID: 593<\/span><\/p><p class=\"bodytext\"><br><ul><li>Die Bestimmung des Von-Willebrand-Antigens dient zur weiterf\u00fchrenden Abkl\u00e4rung von Gerinnungsst\u00f6rungen. <\/li><li>Die Von-Willebrand-Krankheit (vWD) ist bei vielen Hunderassen beschrieben, die Tr\u00e4gerschaft der Erkrankung kann nur mittels Gentest nachgewiesen werden.<\/li><\/ul><\/p><table class=\"tx-laboklinleistung-table contenttable contenttable-2\" style=\"margin-top: 35px;\"><tr><td class=\"td-0\"><strong>Material<\/strong><\/td><td class=\"td-1\"><p class=\"bodytext\">Citrat-Plasma 1:10 (1 Teil Citrat + 9 Teile Blut) 0,5 ml (sofort abzentrifugiert, abpipettiert und gefroren)<br>Bitte beachten Sie die Einleitung zur Rubrik Gerinnung!<\/p><\/td><\/tr><tr><td class=\"td-0\"><strong>Methode<\/strong><\/td><td class=\"td-1\"><p class=\"bodytext\">Photometrie<\/p><\/td><\/tr><tr><td class=\"td-0\"><strong>Dauer<\/strong><\/td><td class=\"td-1\"><p class=\"bodytext\">Befund\u00fcbermittlung am Tag des Probeneingangs (Mo.-Sa.)<\/p><\/td><\/tr><\/table>\n","protected":false},"excerpt":{"rendered":"<p>Von-Willebrand-AntigenLABOKLIN Leistungs-ID: 593Die Bestimmung des Von-Willebrand-Antigens dient zur weiterf\u00fchrenden Abkl\u00e4rung von Gerinnungsst\u00f6rungen. Die Von-Willebrand-Krankheit (vWD) ist bei vielen Hunderassen beschrieben, die Tr\u00e4gerschaft der Erkrankung kann nur mittels Gentest nachgewiesen werden.MaterialCitrat-Plasma 1:10 (1 Teil Citrat + 9 Teile Blut) 0,5 ml (sofort abzentrifugiert, abpipettiert und gefroren)Bitte beachten Sie die Einleitung zur Rubrik Gerinnung!MethodePhotometrieDauerBefund\u00fcbermittlung am Tag des&hellip;<\/p>\n","protected":false},"author":1,"featured_media":0,"parent":612000,"menu_order":4,"comment_status":"closed","ping_status":"closed","template":"","meta":{"_seopress_robots_primary_cat":"","_seopress_titles_title":"","_seopress_titles_desc":"","_seopress_robots_index":"","footnotes":""},"class_list":["post-612005","page","type-page","status-publish","hentry","description-off"],"_links":{"self":[{"href":"https:\/\/laboklin.de\/de\/wp-json\/wp\/v2\/pages\/612005","targetHints":{"allow":["GET"]}}],"collection":[{"href":"https:\/\/laboklin.de\/de\/wp-json\/wp\/v2\/pages"}],"about":[{"href":"https:\/\/laboklin.de\/de\/wp-json\/wp\/v2\/types\/page"}],"author":[{"embeddable":true,"href":"https:\/\/laboklin.de\/de\/wp-json\/wp\/v2\/users\/1"}],"replies":[{"embeddable":true,"href":"https:\/\/laboklin.de\/de\/wp-json\/wp\/v2\/comments?post=612005"}],"version-history":[{"count":1,"href":"https:\/\/laboklin.de\/de\/wp-json\/wp\/v2\/pages\/612005\/revisions"}],"predecessor-version":[{"id":1504234,"href":"https:\/\/laboklin.de\/de\/wp-json\/wp\/v2\/pages\/612005\/revisions\/1504234"}],"up":[{"embeddable":true,"href":"https:\/\/laboklin.de\/de\/wp-json\/wp\/v2\/pages\/612000"}],"wp:attachment":[{"href":"https:\/\/laboklin.de\/de\/wp-json\/wp\/v2\/media?parent=612005"}],"curies":[{"name":"wp","href":"https:\/\/api.w.org\/{rel}","templated":true}]}}