{"id":612002,"date":"2020-10-16T11:36:27","date_gmt":"2020-10-16T09:36:27","guid":{"rendered":"https:\/\/laboklin.de\/de\/thrombozyten-antikoerper"},"modified":"2025-01-28T10:41:20","modified_gmt":"2025-01-28T09:41:20","slug":"thrombozyten-antikoerper","status":"publish","type":"page","link":"https:\/\/laboklin.de\/de\/leistungen\/haematologie-klin-chemie-endokrinologie\/haematologie\/gerinnung\/thrombozyten-antikoerper\/","title":{"rendered":"Thrombozyten-Antik\u00f6rper"},"content":{"rendered":"<h3 class=\"csc-firstHeader\">Thrombozyten-Antik\u00f6rper<\/h3><p><span>LABOKLIN Leistungs-ID: 8054<\/span><\/p><p class=\"bodytext\"><br>F\u00fcr die Entstehung von Thrombozyten-Antik\u00f6rpern gibt es zwei M\u00f6glichkeiten: <ul><li>Es werden Auto-Antik\u00f6rper gegen Thrombozyten gebildet. Nur in diesem Fall ist ein positives Testergebnis zu erwarten. <\/li><li>Thrombozytensch\u00e4den aufgrund von Immunkomplexerkrankungen k\u00f6nnen sekund\u00e4r ebenfalls zur Antik\u00f6rperbildung gegen Thrombozyten f\u00fchren.<\/li><\/ul><\/p><table class=\"tx-laboklinleistung-table contenttable contenttable-2\" style=\"margin-top: 35px;\"><tr><td class=\"td-0\"><strong>Material<\/strong><\/td><td class=\"td-1\"><p class=\"bodytext\">EDTA-Blut oder Heparin-Blut 0,5 ml <br>(maximales <strong>Probenalter<\/strong> - l\u00e4nderspezifisch - siehe <strong>Untersuchungsauftrag<\/strong>)<\/p><\/td><\/tr><tr><td class=\"td-0\"><strong>Methode<\/strong><\/td><td class=\"td-1\"><p class=\"bodytext\">Durchflusszytometrie<\/p><\/td><\/tr><tr><td class=\"td-0\"><strong>Dauer<\/strong><\/td><td class=\"td-1\"><p class=\"bodytext\">Befund\u00fcbermittlung am Tag des Probeneingangs (Mo.-Fr.)<\/p><\/td><\/tr><tr><td class=\"td-0\"><strong>Anmerkung<\/strong><\/td><td class=\"td-1\"><p class=\"bodytext\"><ul><li> Es ist empfehlenswert, wenn m\u00f6glich mind. 1 ml EDTA-Blut einzusenden, da die ben\u00f6tigte Probenmenge von der Thrombozytengesamtzahl abh\u00e4ngt. <\/li> <li>Bewertung: \u2264 10 % negativ, > 10 % positiv<\/li> <li>Die Thrombozyten-Antik\u00f6rper sind auch Bestandteil des Thrombozytopenie-Profils.<\/li> <\/ul><\/p><\/td><\/tr><\/table>\n","protected":false},"excerpt":{"rendered":"<p>Thrombozyten-Antik\u00f6rperLABOKLIN Leistungs-ID: 8054F\u00fcr die Entstehung von Thrombozyten-Antik\u00f6rpern gibt es zwei M\u00f6glichkeiten: Es werden Auto-Antik\u00f6rper gegen Thrombozyten gebildet. Nur in diesem Fall ist ein positives Testergebnis zu erwarten. Thrombozytensch\u00e4den aufgrund von Immunkomplexerkrankungen k\u00f6nnen sekund\u00e4r ebenfalls zur Antik\u00f6rperbildung gegen Thrombozyten f\u00fchren.MaterialEDTA-Blut oder Heparin-Blut 0,5 ml (maximales Probenalter &#8211; l\u00e4nderspezifisch &#8211; siehe Untersuchungsauftrag)MethodeDurchflusszytometrieDauerBefund\u00fcbermittlung am Tag des Probeneingangs (Mo.-Fr.)Anmerkung&hellip;<\/p>\n","protected":false},"author":1,"featured_media":0,"parent":612000,"menu_order":12,"comment_status":"closed","ping_status":"closed","template":"","meta":{"_seopress_robots_primary_cat":"","_seopress_titles_title":"","_seopress_titles_desc":"","_seopress_robots_index":"","footnotes":""},"class_list":["post-612002","page","type-page","status-publish","hentry","description-off"],"_links":{"self":[{"href":"https:\/\/laboklin.de\/de\/wp-json\/wp\/v2\/pages\/612002","targetHints":{"allow":["GET"]}}],"collection":[{"href":"https:\/\/laboklin.de\/de\/wp-json\/wp\/v2\/pages"}],"about":[{"href":"https:\/\/laboklin.de\/de\/wp-json\/wp\/v2\/types\/page"}],"author":[{"embeddable":true,"href":"https:\/\/laboklin.de\/de\/wp-json\/wp\/v2\/users\/1"}],"replies":[{"embeddable":true,"href":"https:\/\/laboklin.de\/de\/wp-json\/wp\/v2\/comments?post=612002"}],"version-history":[{"count":1,"href":"https:\/\/laboklin.de\/de\/wp-json\/wp\/v2\/pages\/612002\/revisions"}],"predecessor-version":[{"id":1504228,"href":"https:\/\/laboklin.de\/de\/wp-json\/wp\/v2\/pages\/612002\/revisions\/1504228"}],"up":[{"embeddable":true,"href":"https:\/\/laboklin.de\/de\/wp-json\/wp\/v2\/pages\/612000"}],"wp:attachment":[{"href":"https:\/\/laboklin.de\/de\/wp-json\/wp\/v2\/media?parent=612002"}],"curies":[{"name":"wp","href":"https:\/\/api.w.org\/{rel}","templated":true}]}}