{"id":611000,"date":"2020-10-16T11:36:27","date_gmt":"2020-10-16T09:36:27","guid":{"rendered":"https:\/\/laboklin.de\/de\/blutbild"},"modified":"2025-03-13T09:21:51","modified_gmt":"2025-03-13T08:21:51","slug":"blutbild","status":"publish","type":"page","link":"https:\/\/laboklin.de\/de\/leistungen\/haematologie-klin-chemie-endokrinologie\/haematologie\/blutbild\/","title":{"rendered":"Blutbild"},"content":{"rendered":"<div class=\"wpb-content-wrapper\"><p>[vc_row][vc_column][vc_column_text]<h3>Leistungsspektrum<\/h3><div class=\"vc_tta-panels-container\"><div class=\"vc_tta-panels\"><li class=\"menu-item sub-page\"><a href=\"https:\/\/laboklin.de\/de\/leistungen\/haematologie-klin-chemie-endokrinologie\/haematologie\/blutbild\/blutausstrich-zytologisch\/\">Blutausstrich zytologisch<\/a><\/li><li class=\"menu-item sub-page\"><a href=\"https:\/\/laboklin.de\/de\/leistungen\/haematologie-klin-chemie-endokrinologie\/haematologie\/blutbild\/blutbild-gross\/\">Blutbild (gro\u00df)<\/a><\/li><li class=\"menu-item sub-page\"><a href=\"https:\/\/laboklin.de\/de\/leistungen\/haematologie-klin-chemie-endokrinologie\/haematologie\/blutbild\/blutbild-klein\/\">Blutbild (klein)<\/a><\/li><li class=\"menu-item sub-page\"><a href=\"https:\/\/laboklin.de\/de\/leistungen\/haematologie-klin-chemie-endokrinologie\/haematologie\/blutbild\/differentialblutbild\/\">Differentialblutbild<\/a><\/li><li class=\"menu-item sub-page\"><a href=\"https:\/\/laboklin.de\/de\/leistungen\/haematologie-klin-chemie-endokrinologie\/haematologie\/blutbild\/knochenmarkszytologie\/\">Knochenmarkszytologie<\/a><\/li><li class=\"menu-item sub-page\"><a href=\"https:\/\/laboklin.de\/de\/leistungen\/haematologie-klin-chemie-endokrinologie\/haematologie\/blutbild\/mchc-mch-mcv\/\">MCHC, MCH, MCV<\/a><\/li><li class=\"menu-item sub-page\"><a href=\"https:\/\/laboklin.de\/de\/leistungen\/haematologie-klin-chemie-endokrinologie\/haematologie\/blutbild\/pelger-huet-anomalie-mikroskopisch\/\">Mikroskopische Untersuchung bei Pelger-Hu\u00ebt-Anomalie<\/a><\/li><li class=\"menu-item sub-page\"><a href=\"https:\/\/laboklin.de\/de\/leistungen\/haematologie-klin-chemie-endokrinologie\/haematologie\/blutbild\/retikulozyten\/\">Retikulozyten<\/a><\/li><li class=\"menu-item sub-page\"><a href=\"https:\/\/laboklin.de\/de\/leistungen\/haematologie-klin-chemie-endokrinologie\/haematologie\/blutbild\/thrombozyten\/\">Thrombozyten (PLT)<\/a><\/li><\/div><\/div>[\/vc_column_text][\/vc_column][\/vc_row][vc_row][vc_column][vc_column_text css=&#8220;.vc_custom_1740646647105{margin-top: 20px !important;}&#8220;]<\/p>\n<h3>Untersuchungen des Blutbildes<\/h3>\n<p>Das klassische kleine und gro\u00dfe Blutbild, der zytologische Blutausstrich sowie spezielle Blutbilduntersuchungen k\u00f6nnen zur Diagnostik von An\u00e4mie, Eisenmangel, Blutbildungs- und Gerinnungsst\u00f6rungen, h\u00e4matopoetischen Neoplasien und blutspezifischen Infektionserregern beitragen.[\/vc_column_text][\/vc_column][\/vc_row]<\/p>\n<\/div>","protected":false},"excerpt":{"rendered":"<p>[vc_row][vc_column][vc_column_text][\/vc_column_text][\/vc_column][\/vc_row][vc_row][vc_column][vc_column_text css=&#8220;.vc_custom_1740646647105{margin-top: 20px !important;}&#8220;] Untersuchungen des Blutbildes Das klassische kleine und gro\u00dfe Blutbild, der zytologische Blutausstrich sowie spezielle Blutbilduntersuchungen k\u00f6nnen zur Diagnostik von An\u00e4mie, Eisenmangel, Blutbildungs- und Gerinnungsst\u00f6rungen, h\u00e4matopoetischen Neoplasien und blutspezifischen Infektionserregern beitragen.[\/vc_column_text][\/vc_column][\/vc_row]<\/p>\n","protected":false},"author":1,"featured_media":0,"parent":610000,"menu_order":0,"comment_status":"closed","ping_status":"closed","template":"","meta":{"_seopress_robots_primary_cat":"","_seopress_titles_title":"Das breite Spektrum an Blutbild-Untersuchungen bei Laboklin","_seopress_titles_desc":"Laboklin bietet Ihnen zahlreiche Leistungen zur Untersuchung des Blutbildes, die u.a. zur Diagnostik von An\u00e4mien und Gerinnungsst\u00f6rungen beitragen k\u00f6nnen.","_seopress_robots_index":"","footnotes":""},"class_list":["post-611000","page","type-page","status-publish","hentry","description-off"],"_links":{"self":[{"href":"https:\/\/laboklin.de\/de\/wp-json\/wp\/v2\/pages\/611000","targetHints":{"allow":["GET"]}}],"collection":[{"href":"https:\/\/laboklin.de\/de\/wp-json\/wp\/v2\/pages"}],"about":[{"href":"https:\/\/laboklin.de\/de\/wp-json\/wp\/v2\/types\/page"}],"author":[{"embeddable":true,"href":"https:\/\/laboklin.de\/de\/wp-json\/wp\/v2\/users\/1"}],"replies":[{"embeddable":true,"href":"https:\/\/laboklin.de\/de\/wp-json\/wp\/v2\/comments?post=611000"}],"version-history":[{"count":5,"href":"https:\/\/laboklin.de\/de\/wp-json\/wp\/v2\/pages\/611000\/revisions"}],"predecessor-version":[{"id":1511413,"href":"https:\/\/laboklin.de\/de\/wp-json\/wp\/v2\/pages\/611000\/revisions\/1511413"}],"up":[{"embeddable":true,"href":"https:\/\/laboklin.de\/de\/wp-json\/wp\/v2\/pages\/610000"}],"wp:attachment":[{"href":"https:\/\/laboklin.de\/de\/wp-json\/wp\/v2\/media?parent=611000"}],"curies":[{"name":"wp","href":"https:\/\/api.w.org\/{rel}","templated":true}]}}