{"id":610000,"date":"2020-10-16T11:36:27","date_gmt":"2020-10-16T09:36:27","guid":{"rendered":"https:\/\/laboklin.de\/de\/haematologie"},"modified":"2025-10-23T16:29:46","modified_gmt":"2025-10-23T14:29:46","slug":"haematologie","status":"publish","type":"page","link":"https:\/\/laboklin.de\/de\/leistungen\/haematologie-klin-chemie-endokrinologie\/haematologie\/","title":{"rendered":"H\u00e4matologie"},"content":{"rendered":"<div class=\"wpb-content-wrapper\"><p>[vc_row][vc_column][vc_column_text css=&#8220;&#8220;]<\/p>\n<h3>Blut \/ Serumuntersuchungen<\/h3>\n<p>Die klinische Labormedizin dient der Diagnosebest\u00e4tigung von Krankheiten anhand der Untersuchung von Blut- und Harnproben sowie Punktaten.<\/p>\n<p>Arbeitsfelder sind die Klinische Chemie, mit der Enzyme, Substrate und Mineralstoffe bestimmt werden, die Endokrinologie f\u00fcr die Hormonanalyse, die H\u00e4matologie sowie die Serologie f\u00fcr den Nachweis von Antik\u00f6rpern oder Antigenen.<\/p>\n<p>[\/vc_column_text][\/vc_column][\/vc_row][vc_row type=&#8220;vc_default&#8220; disable_element=&#8220;yes&#8220;][vc_column width=&#8220;2\/3&#8243;][vc_column_text css=&#8220;.vc_custom_1603288628979{margin-left: 20px !important;padding-top: 30px !important;padding-right: 30px !important;padding-bottom: 30px !important;padding-left: 30px !important;}&#8220;]<div class=\"vc_tta-panels-container\"><div class=\"vc_tta-panels\"><li class=\"menu-item sub-page\"><a href=\"https:\/\/laboklin.de\/de\/leistungen\/haematologie-klin-chemie-endokrinologie\/haematologie\/blutbild\/\">Blutbild<\/a><\/li><li class=\"menu-item sub-page\"><a href=\"https:\/\/laboklin.de\/de\/leistungen\/haematologie-klin-chemie-endokrinologie\/haematologie\/gerinnung\/\">Gerinnung<\/a><\/li><li class=\"menu-item sub-page\"><a href=\"https:\/\/laboklin.de\/de\/leistungen\/haematologie-klin-chemie-endokrinologie\/haematologie\/blutgruppen-bestimmung\/\">Blutgruppen-Bestimmung<\/a><\/li><li class=\"menu-item sub-page\"><a href=\"https:\/\/laboklin.de\/de\/leistungen\/haematologie-klin-chemie-endokrinologie\/haematologie\/blutparasiten\/\">Blutparasiten<\/a><\/li><\/div><\/div>[\/vc_column_text][\/vc_column][vc_column width=&#8220;1\/3&#8243;][\/vc_column][\/vc_row]<\/p>\n<\/div>","protected":false},"excerpt":{"rendered":"<p>Sichere Diagnose durch moderne H\u00e4matologie \u2013 Laboklin steht f\u00fcr Vertrauen und Qualit\u00e4t.<\/p>\n","protected":false},"author":1,"featured_media":0,"parent":600000,"menu_order":0,"comment_status":"closed","ping_status":"closed","template":"","meta":{"_seopress_robots_primary_cat":"","_seopress_titles_title":"","_seopress_titles_desc":"Sichere Diagnose durch moderne H\u00e4matologie \u2013 Laboklin steht f\u00fcr Vertrauen und Qualit\u00e4t.","_seopress_robots_index":"","footnotes":""},"class_list":["post-610000","page","type-page","status-publish","hentry","description-off"],"_links":{"self":[{"href":"https:\/\/laboklin.de\/de\/wp-json\/wp\/v2\/pages\/610000","targetHints":{"allow":["GET"]}}],"collection":[{"href":"https:\/\/laboklin.de\/de\/wp-json\/wp\/v2\/pages"}],"about":[{"href":"https:\/\/laboklin.de\/de\/wp-json\/wp\/v2\/types\/page"}],"author":[{"embeddable":true,"href":"https:\/\/laboklin.de\/de\/wp-json\/wp\/v2\/users\/1"}],"replies":[{"embeddable":true,"href":"https:\/\/laboklin.de\/de\/wp-json\/wp\/v2\/comments?post=610000"}],"version-history":[{"count":4,"href":"https:\/\/laboklin.de\/de\/wp-json\/wp\/v2\/pages\/610000\/revisions"}],"predecessor-version":[{"id":1569688,"href":"https:\/\/laboklin.de\/de\/wp-json\/wp\/v2\/pages\/610000\/revisions\/1569688"}],"up":[{"embeddable":true,"href":"https:\/\/laboklin.de\/de\/wp-json\/wp\/v2\/pages\/600000"}],"wp:attachment":[{"href":"https:\/\/laboklin.de\/de\/wp-json\/wp\/v2\/media?parent=610000"}],"curies":[{"name":"wp","href":"https:\/\/api.w.org\/{rel}","templated":true}]}}