{"id":570000,"date":"2020-10-16T11:36:27","date_gmt":"2020-10-16T09:36:27","guid":{"rendered":"https:\/\/laboklin.de\/de\/profile-hygiene"},"modified":"2020-10-22T14:25:25","modified_gmt":"2020-10-22T12:25:25","slug":"profile-hygiene","status":"publish","type":"page","link":"https:\/\/laboklin.de\/de\/leistungen\/profile\/profile-hygiene\/","title":{"rendered":"Profile \u2013 Hygiene"},"content":{"rendered":"<h3>Leistungsspektrum<\/h3><div class=\"vc_tta-panels-container\"><div class=\"vc_tta-panels\"><li class=\"menu-item sub-page\"><a href=\"https:\/\/laboklin.de\/de\/leistungen\/profile\/profile-hygiene\/hygiene-monitoring-dampfsterilisator-flaechendesinfektion\/\">Hygiene-Monitoring - Dampfsterilisator + Fl\u00e4chendesinfektion<\/a><\/li><li class=\"menu-item sub-page\"><a href=\"https:\/\/laboklin.de\/de\/leistungen\/profile\/profile-hygiene\/hygiene-monitoring-heissluftsterilisator-flaechendesinfektion\/\">Hygiene-Monitoring - Hei\u00dfluftsterilisator + Fl\u00e4chendesinfektion<\/a><\/li><\/div><\/div>\n","protected":false},"excerpt":{"rendered":"<p>LeistungsspektrumHygiene-Monitoring &#8211; Dampfsterilisator + Fl\u00e4chendesinfektionHygiene-Monitoring &#8211; Hei\u00dfluftsterilisator + Fl\u00e4chendesinfektion<\/p>\n","protected":false},"author":1,"featured_media":0,"parent":500000,"menu_order":6,"comment_status":"closed","ping_status":"closed","template":"","meta":{"_seopress_robots_primary_cat":"","_seopress_titles_title":"","_seopress_titles_desc":"","_seopress_robots_index":"","footnotes":""},"class_list":["post-570000","page","type-page","status-publish","hentry","description-off"],"_links":{"self":[{"href":"https:\/\/laboklin.de\/de\/wp-json\/wp\/v2\/pages\/570000","targetHints":{"allow":["GET"]}}],"collection":[{"href":"https:\/\/laboklin.de\/de\/wp-json\/wp\/v2\/pages"}],"about":[{"href":"https:\/\/laboklin.de\/de\/wp-json\/wp\/v2\/types\/page"}],"author":[{"embeddable":true,"href":"https:\/\/laboklin.de\/de\/wp-json\/wp\/v2\/users\/1"}],"replies":[{"embeddable":true,"href":"https:\/\/laboklin.de\/de\/wp-json\/wp\/v2\/comments?post=570000"}],"version-history":[{"count":1,"href":"https:\/\/laboklin.de\/de\/wp-json\/wp\/v2\/pages\/570000\/revisions"}],"predecessor-version":[{"id":1301565,"href":"https:\/\/laboklin.de\/de\/wp-json\/wp\/v2\/pages\/570000\/revisions\/1301565"}],"up":[{"embeddable":true,"href":"https:\/\/laboklin.de\/de\/wp-json\/wp\/v2\/pages\/500000"}],"wp:attachment":[{"href":"https:\/\/laboklin.de\/de\/wp-json\/wp\/v2\/media?parent=570000"}],"curies":[{"name":"wp","href":"https:\/\/api.w.org\/{rel}","templated":true}]}}