{"id":544001,"date":"2020-10-16T11:36:26","date_gmt":"2020-10-16T09:36:26","guid":{"rendered":"https:\/\/laboklin.de\/de\/grosses-kotprofil-kalb"},"modified":"2025-01-28T10:09:03","modified_gmt":"2025-01-28T09:09:03","slug":"grosses-kotprofil-kalb","status":"publish","type":"page","link":"https:\/\/laboklin.de\/de\/leistungen\/profile\/profile-screenings-wiederkaeuer\/kotprofile\/grosses-kotprofil-kalb\/","title":{"rendered":"Gro\u00dfes Kotprofil Kalb"},"content":{"rendered":"<h3 class=\"csc-firstHeader\">Gro\u00dfes Kotprofil Kalb <\/h3><p><span>LABOKLIN Leistungs-ID: 1171<\/span><\/p><table class=\"tx-laboklinleistung-table contenttable contenttable-2\" style=\"margin-top: 35px;\"><tr><td class=\"td-0\"><strong>Material<\/strong><\/td><td class=\"td-1\"><p class=\"bodytext\">Faeces (ca. \u00be gef\u00fclltes Kotr\u00f6hrchen)<\/p><\/td><\/tr><tr><td class=\"td-0\"><strong>Parameter<\/strong><\/td><td class=\"td-1\"><p class=\"bodytext\">Das gro\u00dfe Kotprofil Kalb beinhaltet die allgemeine aerobe bakteriologische und mykologische Untersuchung inkl. Anreicherung von Salmonellen und wenn E. coli vorhanden auch dessen serologische Typisierung (F5). Au\u00dferdem beinhaltet dieses Profil die Untersuchung auf Endoparasiten, Cryptosporidien und Kokzidien sowie Rota- und Coronaviren.<\/p><\/td><\/tr><tr><td class=\"td-0\"><strong>Tierart(en)<\/strong><\/td><td class=\"td-1\"><p class=\"bodytext\">Kalb<\/p><\/td><\/tr><tr><td class=\"td-0\"><strong>Dauer<\/strong><\/td><td class=\"td-1\"><p class=\"bodytext\">2 - 3 Tage<\/p><\/td><\/tr><tr><td class=\"td-0\"><strong>Anmerkung<\/strong><\/td><td class=\"td-1\"><p class=\"bodytext\">Beim Nachweis von Salmonellen werden diese als zus\u00e4tzliche (kostenpflichtige) Leistung serologisch typisiert.<\/p><\/td><\/tr><\/table>\n","protected":false},"excerpt":{"rendered":"<p>Gro\u00dfes Kotprofil Kalb LABOKLIN Leistungs-ID: 1171MaterialFaeces (ca. \u00be gef\u00fclltes Kotr\u00f6hrchen)ParameterDas gro\u00dfe Kotprofil Kalb beinhaltet die allgemeine aerobe bakteriologische und mykologische Untersuchung inkl. Anreicherung von Salmonellen und wenn E. coli vorhanden auch dessen serologische Typisierung (F5). Au\u00dferdem beinhaltet dieses Profil die Untersuchung auf Endoparasiten, Cryptosporidien und Kokzidien sowie Rota- und Coronaviren.Tierart(en)KalbDauer2 &#8211; 3 TageAnmerkungBeim Nachweis von&hellip;<\/p>\n","protected":false},"author":1,"featured_media":0,"parent":544000,"menu_order":3,"comment_status":"closed","ping_status":"closed","template":"","meta":{"_seopress_robots_primary_cat":"","_seopress_titles_title":"","_seopress_titles_desc":"","_seopress_robots_index":"","footnotes":""},"class_list":["post-544001","page","type-page","status-publish","hentry","description-off"],"_links":{"self":[{"href":"https:\/\/laboklin.de\/de\/wp-json\/wp\/v2\/pages\/544001","targetHints":{"allow":["GET"]}}],"collection":[{"href":"https:\/\/laboklin.de\/de\/wp-json\/wp\/v2\/pages"}],"about":[{"href":"https:\/\/laboklin.de\/de\/wp-json\/wp\/v2\/types\/page"}],"author":[{"embeddable":true,"href":"https:\/\/laboklin.de\/de\/wp-json\/wp\/v2\/users\/1"}],"replies":[{"embeddable":true,"href":"https:\/\/laboklin.de\/de\/wp-json\/wp\/v2\/comments?post=544001"}],"version-history":[{"count":1,"href":"https:\/\/laboklin.de\/de\/wp-json\/wp\/v2\/pages\/544001\/revisions"}],"predecessor-version":[{"id":1504144,"href":"https:\/\/laboklin.de\/de\/wp-json\/wp\/v2\/pages\/544001\/revisions\/1504144"}],"up":[{"embeddable":true,"href":"https:\/\/laboklin.de\/de\/wp-json\/wp\/v2\/pages\/544000"}],"wp:attachment":[{"href":"https:\/\/laboklin.de\/de\/wp-json\/wp\/v2\/media?parent=544001"}],"curies":[{"name":"wp","href":"https:\/\/api.w.org\/{rel}","templated":true}]}}