{"id":542000,"date":"2020-10-16T11:36:26","date_gmt":"2020-10-16T09:36:26","guid":{"rendered":"https:\/\/laboklin.de\/de\/serologische-profile"},"modified":"2022-10-17T10:31:19","modified_gmt":"2022-10-17T08:31:19","slug":"serologische-profile","status":"publish","type":"page","link":"https:\/\/laboklin.de\/de\/leistungen\/profile\/profile-screenings-wiederkaeuer\/serologische-profile\/","title":{"rendered":"Serologische Profile"},"content":{"rendered":"<h3>Leistungsspektrum<\/h3><div class=\"vc_tta-panels-container\"><div class=\"vc_tta-panels\"><li class=\"menu-item sub-page\"><a href=\"https:\/\/laboklin.de\/de\/leistungen\/profile\/profile-screenings-wiederkaeuer\/serologische-profile\/abortprofil-kleine-wiederkaeuer-antikoerper\/\">Abortprofil kleine Wiederk\u00e4uer - Antik\u00f6rper<\/a><\/li><li class=\"menu-item sub-page\"><a href=\"https:\/\/laboklin.de\/de\/leistungen\/profile\/profile-screenings-wiederkaeuer\/serologische-profile\/abortprofil-rind-antikoerper\/\">Abortprofil Rind - Antik\u00f6rper<\/a><\/li><li class=\"menu-item sub-page\"><a href=\"https:\/\/laboklin.de\/de\/leistungen\/profile\/profile-screenings-wiederkaeuer\/serologische-profile\/respirationsprofil-rind-antikoerper\/\">Respirationsprofil Rind - Antik\u00f6rper<\/a><\/li><\/div><\/div>\n","protected":false},"excerpt":{"rendered":"<p>LeistungsspektrumAbortprofil kleine Wiederk\u00e4uer &#8211; Antik\u00f6rperAbortprofil Rind &#8211; Antik\u00f6rperRespirationsprofil Rind &#8211; Antik\u00f6rper<\/p>\n","protected":false},"author":1,"featured_media":0,"parent":540000,"menu_order":1,"comment_status":"closed","ping_status":"closed","template":"","meta":{"_seopress_robots_primary_cat":"","_seopress_titles_title":"","_seopress_titles_desc":"","_seopress_robots_index":"","footnotes":""},"class_list":["post-542000","page","type-page","status-publish","hentry","description-off"],"_links":{"self":[{"href":"https:\/\/laboklin.de\/de\/wp-json\/wp\/v2\/pages\/542000","targetHints":{"allow":["GET"]}}],"collection":[{"href":"https:\/\/laboklin.de\/de\/wp-json\/wp\/v2\/pages"}],"about":[{"href":"https:\/\/laboklin.de\/de\/wp-json\/wp\/v2\/types\/page"}],"author":[{"embeddable":true,"href":"https:\/\/laboklin.de\/de\/wp-json\/wp\/v2\/users\/1"}],"replies":[{"embeddable":true,"href":"https:\/\/laboklin.de\/de\/wp-json\/wp\/v2\/comments?post=542000"}],"version-history":[{"count":1,"href":"https:\/\/laboklin.de\/de\/wp-json\/wp\/v2\/pages\/542000\/revisions"}],"predecessor-version":[{"id":1302260,"href":"https:\/\/laboklin.de\/de\/wp-json\/wp\/v2\/pages\/542000\/revisions\/1302260"}],"up":[{"embeddable":true,"href":"https:\/\/laboklin.de\/de\/wp-json\/wp\/v2\/pages\/540000"}],"wp:attachment":[{"href":"https:\/\/laboklin.de\/de\/wp-json\/wp\/v2\/media?parent=542000"}],"curies":[{"name":"wp","href":"https:\/\/api.w.org\/{rel}","templated":true}]}}