{"id":541011,"date":"2020-10-16T11:36:26","date_gmt":"2020-10-16T09:36:26","guid":{"rendered":"https:\/\/laboklin.de\/de\/leistungszustand-wiederkaeuer"},"modified":"2025-09-19T21:45:28","modified_gmt":"2025-09-19T19:45:28","slug":"leistungsprofil-wiederkaeuer","status":"publish","type":"page","link":"https:\/\/laboklin.de\/de\/leistungen\/profile\/profile-screenings-wiederkaeuer\/klinisch-chemische-profile-screenings\/leistungsprofil-wiederkaeuer\/","title":{"rendered":"Leistungsprofil Wiederk\u00e4uer"},"content":{"rendered":"<h3 class=\"csc-firstHeader\">Leistungsprofil Wiederk\u00e4uer<\/h3><p><span>LABOKLIN Leistungs-ID: 7300<\/span><\/p><table class=\"tx-laboklinleistung-table contenttable contenttable-2\" style=\"margin-top: 35px;\"><tr><td class=\"td-0\"><strong>Material<\/strong><\/td><td class=\"td-1\"><p class=\"bodytext\">Serum 1 ml<\/p><\/td><\/tr><tr><td class=\"td-0\"><strong>Parameter<\/strong><\/td><td class=\"td-1\"><p class=\"bodytext\">Protein, Harnstoff, Cholesterin, GLDH, \u03b3-GT, Bilirubin, Calcium, Phosphat, Magnesium, Natrium, Kalium, Chlorid, \u00df-HBS, NEFA, Kupfer, Selen<\/p><\/td><\/tr><tr><td class=\"td-0\"><strong>Dauer<\/strong><\/td><td class=\"td-1\"><p class=\"bodytext\">1 - 2 Tage<\/p><\/td><\/tr><tr><td class=\"td-0\"><strong>Anmerkung<\/strong><\/td><td class=\"td-1\"><p class=\"bodytext\">Zu dem Profil kann ein gro\u00dfes Blutbild angefordert werden. In diesem Fall ist zus\u00e4tzlich 1 ml EDTA-Blut und ein Blutausstrich einzusenden.<\/p><\/td><\/tr><\/table>\n","protected":false},"excerpt":{"rendered":"<p>Leistungsprofil Wiederk\u00e4uerLABOKLIN Leistungs-ID: 7300MaterialSerum 1 mlParameterProtein, Harnstoff, Cholesterin, GLDH, \u03b3-GT, Bilirubin, Calcium, Phosphat, Magnesium, Natrium, Kalium, Chlorid, \u00df-HBS, NEFA, Kupfer, SelenDauer1 &#8211; 2 TageAnmerkungZu dem Profil kann ein gro\u00dfes Blutbild angefordert werden. In diesem Fall ist zus\u00e4tzlich 1 ml EDTA-Blut und ein Blutausstrich einzusenden.<\/p>\n","protected":false},"author":1,"featured_media":0,"parent":541000,"menu_order":2,"comment_status":"closed","ping_status":"closed","template":"","meta":{"_seopress_robots_primary_cat":"","_seopress_titles_title":"","_seopress_titles_desc":"","_seopress_robots_index":"","footnotes":""},"class_list":["post-541011","page","type-page","status-publish","hentry","description-off"],"_links":{"self":[{"href":"https:\/\/laboklin.de\/de\/wp-json\/wp\/v2\/pages\/541011","targetHints":{"allow":["GET"]}}],"collection":[{"href":"https:\/\/laboklin.de\/de\/wp-json\/wp\/v2\/pages"}],"about":[{"href":"https:\/\/laboklin.de\/de\/wp-json\/wp\/v2\/types\/page"}],"author":[{"embeddable":true,"href":"https:\/\/laboklin.de\/de\/wp-json\/wp\/v2\/users\/1"}],"replies":[{"embeddable":true,"href":"https:\/\/laboklin.de\/de\/wp-json\/wp\/v2\/comments?post=541011"}],"version-history":[{"count":2,"href":"https:\/\/laboklin.de\/de\/wp-json\/wp\/v2\/pages\/541011\/revisions"}],"predecessor-version":[{"id":1563313,"href":"https:\/\/laboklin.de\/de\/wp-json\/wp\/v2\/pages\/541011\/revisions\/1563313"}],"up":[{"embeddable":true,"href":"https:\/\/laboklin.de\/de\/wp-json\/wp\/v2\/pages\/541000"}],"wp:attachment":[{"href":"https:\/\/laboklin.de\/de\/wp-json\/wp\/v2\/media?parent=541011"}],"curies":[{"name":"wp","href":"https:\/\/api.w.org\/{rel}","templated":true}]}}