{"id":522011,"date":"2020-10-16T11:36:26","date_gmt":"2020-10-16T09:36:26","guid":{"rendered":"https:\/\/laboklin.de\/de\/reptilien-hibernationscheck-klein-landschildkroete"},"modified":"2025-10-09T10:40:36","modified_gmt":"2025-10-09T08:40:36","slug":"reptilien-hibernations-check-klein-landschildkroete","status":"publish","type":"page","link":"https:\/\/laboklin.de\/de\/leistungen\/profile\/profile-screenings-kleinsaeuger-voegel-reptilien-fische\/pcr-profile\/reptilien-hibernations-check-klein-landschildkroete\/","title":{"rendered":"Reptilien: Hibernations-Check klein (Landschildkr\u00f6te)"},"content":{"rendered":"<h3 class=\"csc-firstHeader\">Reptilien: Hibernations-Check klein (Landschildkr\u00f6te)<\/h3><p><span>LABOKLIN Leistungs-ID: 1246<\/span><\/p><table class=\"tx-laboklinleistung-table contenttable contenttable-2\" style=\"margin-top: 35px;\"><tr><td class=\"td-0\"><strong>Material<\/strong><\/td><td class=\"td-1\"><p class=\"bodytext\">Serum, Heparin-Plasma 0,5 ml + Abstrich ohne Medium (Rachen)<\/p><\/td><\/tr><tr><td class=\"td-0\"><strong>Parameter<\/strong><\/td><td class=\"td-1\"><p class=\"bodytext\"><ul><li>klinisch-chemisch: gro\u00dfes Reptilien-Profil (Harns\u00e4ure, Eiwei\u00df, AST, ALT, AP, CK, Kalium, Natrium, Calcium, Phosphat, GLDH, Albumin, Harnstoff, Gallens\u00e4uren)<\/li> <li>Antik\u00f6rper: Herpesviren (TeHV-1 und TeHV-3)<\/li> <li>PCR: Herpesviren, Mykoplasmen<\/li><\/ul><\/p><\/td><\/tr><tr><td class=\"td-0\"><strong>Dauer<\/strong><\/td><td class=\"td-1\"><p class=\"bodytext\">7 Tage<\/p><\/td><\/tr><tr><td class=\"td-0\"><strong>Anmerkung<\/strong><\/td><td class=\"td-1\"><p class=\"bodytext\">Diese Leistung wird <strong>nicht<\/strong> in der Schweiz angeboten.<\/p><\/td><\/tr><\/table>\n","protected":false},"excerpt":{"rendered":"<p>Reptilien: Hibernations-Check klein (Landschildkr\u00f6te)LABOKLIN Leistungs-ID: 1246MaterialSerum, Heparin-Plasma 0,5 ml + Abstrich ohne Medium (Rachen)Parameterklinisch-chemisch: gro\u00dfes Reptilien-Profil (Harns\u00e4ure, Eiwei\u00df, AST, ALT, AP, CK, Kalium, Natrium, Calcium, Phosphat, GLDH, Albumin, Harnstoff, Gallens\u00e4uren) Antik\u00f6rper: Herpesviren (TeHV-1 und TeHV-3) PCR: Herpesviren, MykoplasmenDauer7 TageAnmerkungDiese Leistung wird nicht in der Schweiz angeboten.<\/p>\n","protected":false},"author":1,"featured_media":0,"parent":522000,"menu_order":17,"comment_status":"closed","ping_status":"closed","template":"","meta":{"_seopress_robots_primary_cat":"","_seopress_titles_title":"","_seopress_titles_desc":"","_seopress_robots_index":"","footnotes":""},"class_list":["post-522011","page","type-page","status-publish","hentry","description-off"],"_links":{"self":[{"href":"https:\/\/laboklin.de\/de\/wp-json\/wp\/v2\/pages\/522011","targetHints":{"allow":["GET"]}}],"collection":[{"href":"https:\/\/laboklin.de\/de\/wp-json\/wp\/v2\/pages"}],"about":[{"href":"https:\/\/laboklin.de\/de\/wp-json\/wp\/v2\/types\/page"}],"author":[{"embeddable":true,"href":"https:\/\/laboklin.de\/de\/wp-json\/wp\/v2\/users\/1"}],"replies":[{"embeddable":true,"href":"https:\/\/laboklin.de\/de\/wp-json\/wp\/v2\/comments?post=522011"}],"version-history":[{"count":2,"href":"https:\/\/laboklin.de\/de\/wp-json\/wp\/v2\/pages\/522011\/revisions"}],"predecessor-version":[{"id":1553927,"href":"https:\/\/laboklin.de\/de\/wp-json\/wp\/v2\/pages\/522011\/revisions\/1553927"}],"up":[{"embeddable":true,"href":"https:\/\/laboklin.de\/de\/wp-json\/wp\/v2\/pages\/522000"}],"wp:attachment":[{"href":"https:\/\/laboklin.de\/de\/wp-json\/wp\/v2\/media?parent=522011"}],"curies":[{"name":"wp","href":"https:\/\/api.w.org\/{rel}","templated":true}]}}